{"id":1275,"date":"2022-12-12T09:08:05","date_gmt":"2022-12-12T13:08:05","guid":{"rendered":"http:\/\/transparencia-hacienda.local\/?page_id=1275"},"modified":"2025-10-20T15:39:18","modified_gmt":"2025-10-20T19:39:18","slug":"como-registrarse-como-proveedor-del-estado","status":"publish","type":"page","link":"https:\/\/www.hacienda.gob.do\/transparencia\/compras-y-contrataciones\/como-registrarse-como-proveedor-del-estado\/","title":{"rendered":"\u00bfC\u00f3mo registrarse como proveedor del Estado?"},"content":{"rendered":"<h3 class=\"text-info mb-4\">Los proveedores interesados en ofrecer bienes y servicios al Ministerio de Hacienda deben cumplir con los siguientes requisitos:<\/h3>\n<ul class=\"bullet-list\">\n<li>Contar con el Registro de Proveedores del Estado (RPE), seg\u00fan lo establecido en el portal <a href=\"https:\/\/www.dgcp.gob.do\/servicios\/registro-de-proveedores\/\" target=\"_blank\" rel=\"noopener\">https:\/\/www.dgcp.gob.do\/servicios\/registro-de-proveedores\/<\/a>.<\/li>\n<li>Estar al d\u00eda en el pago de sus obligaciones fiscales.<\/li>\n<li>Depositar en el Departamento de Compras* un Portafolio de Negocios que incluya:\n<ul style=\"list-style: none;\">\n<li>Descripci\u00f3n de la empresa<\/li>\n<li>Bienes y servicios ofrecidos<\/li>\n<li>Servicios de valor a\u00f1adido<\/li>\n<li>Experiencia en el mercado<\/li>\n<li>Referencias comerciales<\/li>\n<li>T\u00e9rminos de pago<\/li>\n<li>T\u00e9rminos de entrega<\/li>\n<\/ul>\n<\/li>\n<li>Participar de los procesos de las compras y contrataciones publicados a trav\u00e9s de este portal y la Direcci\u00f3n General de Contrataciones P\u00fablicas <a href=\"https:\/\/www.dgcp.gob.do\/servicios\/registro-de-proveedores\/\" target=\"_blank\" rel=\"noopener\">https:\/\/www.dgcp.gob.do\/servicios\/registro-de-proveedores\/<\/a> y en el portal de nuestra organizaci\u00f3n gubernamental en la secci\u00f3n de transparencia..<\/li>\n<\/ul>\n","protected":false},"excerpt":{"rendered":"<p>Los proveedores interesados en ofrecer bienes y servicios al Ministerio de Hacienda deben cumplir con los siguientes requisitos: Contar con el Registro de Proveedores del Estado (RPE), seg\u00fan lo establecido en el portal https:\/\/www.dgcp.gob.do\/servicios\/registro-de-proveedores\/. Estar al d\u00eda en el pago de sus obligaciones fiscales. Depositar en el Departamento de Compras* un Portafolio de Negocios que [&hellip;]<\/p>\n","protected":false},"author":1,"featured_media":0,"parent":14119,"menu_order":0,"comment_status":"closed","ping_status":"closed","template":"doc-basico.php","meta":{"footnotes":""},"class_list":["post-1275","page","type-page","status-publish","hentry"],"acf":[],"yoast_head":"<!-- This site is optimized with the Yoast SEO plugin v22.8 - https:\/\/yoast.com\/wordpress\/plugins\/seo\/ -->\n<title>C\u00f3mo registrarse como proveedor del Estado | Ministerio de Hacienda y Econom\u00eda RD<\/title>\n<meta name=\"description\" content=\"Gu\u00eda paso a paso para registrarse como proveedor del Estado con el Ministerio de Hacienda y Econom\u00eda RD. Conoce requisitos, proceso y participa en compras y contrataciones p\u00fablicas.\" \/>\n<meta name=\"robots\" content=\"index, follow, max-snippet:-1, max-image-preview:large, max-video-preview:-1\" \/>\n<link rel=\"canonical\" href=\"https:\/\/www.hacienda.gob.do\/transparencia\/compras-y-contrataciones\/como-registrarse-como-proveedor-del-estado\/\" \/>\n<meta name=\"twitter:label1\" content=\"Est. reading time\" \/>\n\t<meta name=\"twitter:data1\" content=\"1 minuto\" \/>\n<script type=\"application\/ld+json\" class=\"yoast-schema-graph\">{\"@context\":\"https:\/\/schema.org\",\"@graph\":[{\"@type\":\"WebPage\",\"@id\":\"https:\/\/www.hacienda.gob.do\/transparencia\/compras-y-contrataciones\/como-registrarse-como-proveedor-del-estado\/\",\"url\":\"https:\/\/www.hacienda.gob.do\/transparencia\/compras-y-contrataciones\/como-registrarse-como-proveedor-del-estado\/\",\"name\":\"C\u00f3mo registrarse como proveedor del Estado | Ministerio de Hacienda y Econom\u00eda RD\",\"isPartOf\":{\"@id\":\"https:\/\/www.hacienda.gob.do\/transparencia\/#website\"},\"datePublished\":\"2022-12-12T13:08:05+00:00\",\"dateModified\":\"2025-10-20T19:39:18+00:00\",\"description\":\"Gu\u00eda paso a paso para registrarse como proveedor del Estado con el Ministerio de Hacienda y Econom\u00eda RD. Conoce requisitos, proceso y participa en compras y contrataciones p\u00fablicas.\",\"breadcrumb\":{\"@id\":\"https:\/\/www.hacienda.gob.do\/transparencia\/compras-y-contrataciones\/como-registrarse-como-proveedor-del-estado\/#breadcrumb\"},\"inLanguage\":\"es-DO\",\"potentialAction\":[{\"@type\":\"ReadAction\",\"target\":[\"https:\/\/www.hacienda.gob.do\/transparencia\/compras-y-contrataciones\/como-registrarse-como-proveedor-del-estado\/\"]}]},{\"@type\":\"BreadcrumbList\",\"@id\":\"https:\/\/www.hacienda.gob.do\/transparencia\/compras-y-contrataciones\/como-registrarse-como-proveedor-del-estado\/#breadcrumb\",\"itemListElement\":[{\"@type\":\"ListItem\",\"position\":1,\"name\":\"Inicio\",\"item\":\"https:\/\/www.hacienda.gob.do\/\"},{\"@type\":\"ListItem\",\"position\":2,\"name\":\"Transparencia\",\"item\":\"https:\/\/www.hacienda.gob.do\/transparencia\/\"},{\"@type\":\"ListItem\",\"position\":3,\"name\":\"Compras y Contrataciones\",\"item\":\"https:\/\/www.hacienda.gob.do\/transparencia\/compras-y-contrataciones\/\"},{\"@type\":\"ListItem\",\"position\":4,\"name\":\"\u00bfC\u00f3mo registrarse como proveedor del Estado?\"}]},{\"@type\":\"WebSite\",\"@id\":\"https:\/\/www.hacienda.gob.do\/transparencia\/#website\",\"url\":\"https:\/\/www.hacienda.gob.do\/transparencia\/\",\"name\":\"Transparencia Institucional - Ministerio de Hacienda y Econom\u00eda\",\"description\":\"\",\"publisher\":{\"@id\":\"https:\/\/www.hacienda.gob.do\/transparencia\/#organization\"},\"alternateName\":\"Transparencia MHE\",\"potentialAction\":[{\"@type\":\"SearchAction\",\"target\":{\"@type\":\"EntryPoint\",\"urlTemplate\":\"https:\/\/www.hacienda.gob.do\/transparencia\/?s={search_term_string}\"},\"query-input\":\"required name=search_term_string\"}],\"inLanguage\":\"es-DO\"},{\"@type\":\"Organization\",\"@id\":\"https:\/\/www.hacienda.gob.do\/transparencia\/#organization\",\"name\":\"Ministerio de Hacienda y Econom\u00eda de Republica Dominicana\",\"alternateName\":\"MHE\",\"url\":\"https:\/\/www.hacienda.gob.do\/transparencia\/\",\"logo\":{\"@type\":\"ImageObject\",\"inLanguage\":\"es-DO\",\"@id\":\"https:\/\/www.hacienda.gob.do\/transparencia\/#\/schema\/logo\/image\/\",\"url\":\"https:\/\/www.hacienda.gob.do\/transparencia\/wp-content\/uploads\/2025\/09\/Logo-MHE.png\",\"contentUrl\":\"https:\/\/www.hacienda.gob.do\/transparencia\/wp-content\/uploads\/2025\/09\/Logo-MHE.png\",\"width\":696,\"height\":696,\"caption\":\"Ministerio de Hacienda y Econom\u00eda de Republica Dominicana\"},\"image\":{\"@id\":\"https:\/\/www.hacienda.gob.do\/transparencia\/#\/schema\/logo\/image\/\"},\"sameAs\":[\"https:\/\/web.facebook.com\/MinHaciendaRD\"]}]}<\/script>\n<!-- \/ Yoast SEO plugin. -->","yoast_head_json":{"title":"C\u00f3mo registrarse como proveedor del Estado | Ministerio de Hacienda y Econom\u00eda RD","description":"Gu\u00eda paso a paso para registrarse como proveedor del Estado con el Ministerio de Hacienda y Econom\u00eda RD. Conoce requisitos, proceso y participa en compras y contrataciones p\u00fablicas.","robots":{"index":"index","follow":"follow","max-snippet":"max-snippet:-1","max-image-preview":"max-image-preview:large","max-video-preview":"max-video-preview:-1"},"canonical":"https:\/\/www.hacienda.gob.do\/transparencia\/compras-y-contrataciones\/como-registrarse-como-proveedor-del-estado\/","twitter_misc":{"Est. reading time":"1 minuto"},"schema":{"@context":"https:\/\/schema.org","@graph":[{"@type":"WebPage","@id":"https:\/\/www.hacienda.gob.do\/transparencia\/compras-y-contrataciones\/como-registrarse-como-proveedor-del-estado\/","url":"https:\/\/www.hacienda.gob.do\/transparencia\/compras-y-contrataciones\/como-registrarse-como-proveedor-del-estado\/","name":"C\u00f3mo registrarse como proveedor del Estado | Ministerio de Hacienda y Econom\u00eda RD","isPartOf":{"@id":"https:\/\/www.hacienda.gob.do\/transparencia\/#website"},"datePublished":"2022-12-12T13:08:05+00:00","dateModified":"2025-10-20T19:39:18+00:00","description":"Gu\u00eda paso a paso para registrarse como proveedor del Estado con el Ministerio de Hacienda y Econom\u00eda RD. Conoce requisitos, proceso y participa en compras y contrataciones p\u00fablicas.","breadcrumb":{"@id":"https:\/\/www.hacienda.gob.do\/transparencia\/compras-y-contrataciones\/como-registrarse-como-proveedor-del-estado\/#breadcrumb"},"inLanguage":"es-DO","potentialAction":[{"@type":"ReadAction","target":["https:\/\/www.hacienda.gob.do\/transparencia\/compras-y-contrataciones\/como-registrarse-como-proveedor-del-estado\/"]}]},{"@type":"BreadcrumbList","@id":"https:\/\/www.hacienda.gob.do\/transparencia\/compras-y-contrataciones\/como-registrarse-como-proveedor-del-estado\/#breadcrumb","itemListElement":[{"@type":"ListItem","position":1,"name":"Inicio","item":"https:\/\/www.hacienda.gob.do\/"},{"@type":"ListItem","position":2,"name":"Transparencia","item":"https:\/\/www.hacienda.gob.do\/transparencia\/"},{"@type":"ListItem","position":3,"name":"Compras y Contrataciones","item":"https:\/\/www.hacienda.gob.do\/transparencia\/compras-y-contrataciones\/"},{"@type":"ListItem","position":4,"name":"\u00bfC\u00f3mo registrarse como proveedor del Estado?"}]},{"@type":"WebSite","@id":"https:\/\/www.hacienda.gob.do\/transparencia\/#website","url":"https:\/\/www.hacienda.gob.do\/transparencia\/","name":"Transparencia Institucional - Ministerio de Hacienda y Econom\u00eda","description":"","publisher":{"@id":"https:\/\/www.hacienda.gob.do\/transparencia\/#organization"},"alternateName":"Transparencia MHE","potentialAction":[{"@type":"SearchAction","target":{"@type":"EntryPoint","urlTemplate":"https:\/\/www.hacienda.gob.do\/transparencia\/?s={search_term_string}"},"query-input":"required name=search_term_string"}],"inLanguage":"es-DO"},{"@type":"Organization","@id":"https:\/\/www.hacienda.gob.do\/transparencia\/#organization","name":"Ministerio de Hacienda y Econom\u00eda de Republica Dominicana","alternateName":"MHE","url":"https:\/\/www.hacienda.gob.do\/transparencia\/","logo":{"@type":"ImageObject","inLanguage":"es-DO","@id":"https:\/\/www.hacienda.gob.do\/transparencia\/#\/schema\/logo\/image\/","url":"https:\/\/www.hacienda.gob.do\/transparencia\/wp-content\/uploads\/2025\/09\/Logo-MHE.png","contentUrl":"https:\/\/www.hacienda.gob.do\/transparencia\/wp-content\/uploads\/2025\/09\/Logo-MHE.png","width":696,"height":696,"caption":"Ministerio de Hacienda y Econom\u00eda de Republica Dominicana"},"image":{"@id":"https:\/\/www.hacienda.gob.do\/transparencia\/#\/schema\/logo\/image\/"},"sameAs":["https:\/\/web.facebook.com\/MinHaciendaRD"]}]}},"_links":{"self":[{"href":"https:\/\/www.hacienda.gob.do\/transparencia\/wp-json\/wp\/v2\/pages\/1275","targetHints":{"allow":["GET"]}}],"collection":[{"href":"https:\/\/www.hacienda.gob.do\/transparencia\/wp-json\/wp\/v2\/pages"}],"about":[{"href":"https:\/\/www.hacienda.gob.do\/transparencia\/wp-json\/wp\/v2\/types\/page"}],"author":[{"embeddable":true,"href":"https:\/\/www.hacienda.gob.do\/transparencia\/wp-json\/wp\/v2\/users\/1"}],"replies":[{"embeddable":true,"href":"https:\/\/www.hacienda.gob.do\/transparencia\/wp-json\/wp\/v2\/comments?post=1275"}],"version-history":[{"count":6,"href":"https:\/\/www.hacienda.gob.do\/transparencia\/wp-json\/wp\/v2\/pages\/1275\/revisions"}],"predecessor-version":[{"id":14317,"href":"https:\/\/www.hacienda.gob.do\/transparencia\/wp-json\/wp\/v2\/pages\/1275\/revisions\/14317"}],"up":[{"embeddable":true,"href":"https:\/\/www.hacienda.gob.do\/transparencia\/wp-json\/wp\/v2\/pages\/14119"}],"wp:attachment":[{"href":"https:\/\/www.hacienda.gob.do\/transparencia\/wp-json\/wp\/v2\/media?parent=1275"}],"curies":[{"name":"wp","href":"https:\/\/api.w.org\/{rel}","templated":true}]}}