{"id":13993,"date":"2023-03-13T11:44:59","date_gmt":"2023-03-13T15:44:59","guid":{"rendered":"https:\/\/pti.hacienda.gob.do\/proyectos-y-programas\/programa-bid-mh-dgii-4114-oc-dr-2\/"},"modified":"2026-03-10T12:26:27","modified_gmt":"2026-03-10T16:26:27","slug":"bid-mh-cgr-5505-oc-dr","status":"publish","type":"page","link":"https:\/\/www.hacienda.gob.do\/transparencia\/proyectos-y-programas\/bid-mh-cgr-5505-oc-dr\/","title":{"rendered":"Programa BID-MH-CGR (5505\/OC-DR)"},"content":{"rendered":"<h4>Programa de Apoyo a la Agenda de Transparencia e Integridad en Rep\u00fablica Dominicana<\/h4>\n<p>El objetivo general del programa es fortalecer la transparencia, la rendici\u00f3n de cuentas y la integridad en la gesti\u00f3n de los recursos p\u00fablicos, mediante el uso de modernas tecnolog\u00edas que promuevan la interoperabilidad de los sistemas inform\u00e1ticos, la aplicaci\u00f3n de mejores pr\u00e1cticas internacionales en favor del fortalecimiento del control interno y lucha contra la corrupci\u00f3n, y una mayor participaci\u00f3n ciudadana en las pol\u00edticas p\u00fablicas.<\/p>\n<p>Los objetivos espec\u00edficos son: (i) consolidar la transparencia y trazabilidad en la gesti\u00f3n de recursos; (ii) fortalecer la funci\u00f3n de control interno; y (iii) fomentar el acceso a la informaci\u00f3n, participaci\u00f3n ciudadana, y la integridad en la administraci\u00f3n p\u00fablica y en el sector privado.<\/p>\n<p>El programa se estructura en tres (3) componentes centrales, siendo el Ministerio de Hacienda el ejecutor de los componentes I y III, y la Contralor\u00eda General de la Rep\u00fablica del componente II.<\/p>\n<ul>\n<li>Componente I: Transparencia y trazabilidad en la gesti\u00f3n de los recursos.<\/li>\n<li>Componente II: Fortalecimiento del sistema de control interno.<\/li>\n<li>Componente III: Fortalecimiento del acceso a la informaci\u00f3n, participaci\u00f3n ciudadana, e integridad en la administraci\u00f3n p\u00fablica y sector privado.<\/li>\n<\/ul>\n<h4>Componente I: Transparencia y Trazabilidad en la Gesti\u00f3n de los Recursos.<\/h4>\n<p>El objetivo de este componente es lograr una mayor transparencia, eficiencia y trazabilidad de uso de los recursos p\u00fablicos. A su vez se divide en 4 subcomponentes:<\/p>\n<ul>\n<li>Transparencia en Finanzas P\u00fablicas.<\/li>\n<li>Fortalecimiento del Sistema electr\u00f3nico de contrataciones p\u00fablicas Costo del Proyecto y Plan de Financiamiento.<\/li>\n<li>Mejora en la eficiencia de la gesti\u00f3n de las inversiones p\u00fablicas.<\/li>\n<li>Integridad Financiera<\/li>\n<\/ul>\n<h4>Componente III. Fortalecimiento del acceso a la informaci\u00f3n, participaci\u00f3n ciudadana, e integridad en la administraci\u00f3n p\u00fablica y sector privado.<\/h4>\n<p>El objetivo de este componente es incrementar la transparencia, rendici\u00f3n de cuentas y la participaci\u00f3n ciudadana en las pol\u00edticas p\u00fablicas. A su vez se divide en 4 subcomponentes:<\/p>\n<ul>\n<li>Innovaci\u00f3n p\u00fablica para la integridad y prevenci\u00f3n de la corrupci\u00f3n.<\/li>\n<li>Participaci\u00f3n, control social y gesti\u00f3n de denuncias de corrupci\u00f3n administrativa.<\/li>\n<li>Innovaci\u00f3n para la transparencia y el acceso a la informaci\u00f3n.<\/li>\n<li>Comunicaci\u00f3n y capacitaci\u00f3n para la transparencia y la integridad.<\/li>\n<\/ul>\n<p>El costo estimado del programa completo es de sesenta millones de d\u00f3lares (<strong>US$60,000,000.00<\/strong>).<\/p>\n","protected":false},"excerpt":{"rendered":"<p>Programa de Apoyo a la Agenda de Transparencia e Integridad en Rep\u00fablica Dominicana El objetivo general del programa es fortalecer la transparencia, la rendici\u00f3n de cuentas y la integridad en la gesti\u00f3n de los recursos p\u00fablicos, mediante el uso de modernas tecnolog\u00edas que promuevan la interoperabilidad de los sistemas inform\u00e1ticos, la aplicaci\u00f3n de mejores pr\u00e1cticas [&hellip;]<\/p>\n","protected":false},"author":1,"featured_media":0,"parent":14112,"menu_order":0,"comment_status":"closed","ping_status":"closed","template":"doc-basico.php","meta":{"footnotes":""},"class_list":["post-13993","page","type-page","status-publish","hentry"],"acf":[],"yoast_head":"<!-- This site is optimized with the Yoast SEO plugin v22.8 - https:\/\/yoast.com\/wordpress\/plugins\/seo\/ -->\n<title>Programa BID-MH-CGR (5505\/OC-DR) - Ministerio de Hacienda y Econom\u00eda<\/title>\n<meta name=\"description\" content=\"Accede a comunicados y publicaciones oficiales del Portal de Transparencia del Ministerio de Hacienda y Econom\u00eda.\" \/>\n<meta name=\"robots\" content=\"index, follow, max-snippet:-1, max-image-preview:large, max-video-preview:-1\" \/>\n<link rel=\"canonical\" href=\"https:\/\/www.hacienda.gob.do\/transparencia\/proyectos-y-programas\/bid-mh-cgr-5505-oc-dr\/\" \/>\n<meta name=\"twitter:label1\" content=\"Est. reading time\" \/>\n\t<meta name=\"twitter:data1\" content=\"2 minutos\" \/>\n<script type=\"application\/ld+json\" class=\"yoast-schema-graph\">{\"@context\":\"https:\/\/schema.org\",\"@graph\":[{\"@type\":\"WebPage\",\"@id\":\"https:\/\/www.hacienda.gob.do\/transparencia\/proyectos-y-programas\/bid-mh-cgr-5505-oc-dr\/\",\"url\":\"https:\/\/www.hacienda.gob.do\/transparencia\/proyectos-y-programas\/bid-mh-cgr-5505-oc-dr\/\",\"name\":\"Programa BID-MH-CGR (5505\/OC-DR) - Ministerio de Hacienda y Econom\u00eda\",\"isPartOf\":{\"@id\":\"https:\/\/www.hacienda.gob.do\/transparencia\/#website\"},\"datePublished\":\"2023-03-13T15:44:59+00:00\",\"dateModified\":\"2026-03-10T16:26:27+00:00\",\"description\":\"Accede a comunicados y publicaciones oficiales del Portal de Transparencia del Ministerio de Hacienda y Econom\u00eda.\",\"breadcrumb\":{\"@id\":\"https:\/\/www.hacienda.gob.do\/transparencia\/proyectos-y-programas\/bid-mh-cgr-5505-oc-dr\/#breadcrumb\"},\"inLanguage\":\"es-DO\",\"potentialAction\":[{\"@type\":\"ReadAction\",\"target\":[\"https:\/\/www.hacienda.gob.do\/transparencia\/proyectos-y-programas\/bid-mh-cgr-5505-oc-dr\/\"]}]},{\"@type\":\"BreadcrumbList\",\"@id\":\"https:\/\/www.hacienda.gob.do\/transparencia\/proyectos-y-programas\/bid-mh-cgr-5505-oc-dr\/#breadcrumb\",\"itemListElement\":[{\"@type\":\"ListItem\",\"position\":1,\"name\":\"Inicio\",\"item\":\"https:\/\/www.hacienda.gob.do\/\"},{\"@type\":\"ListItem\",\"position\":2,\"name\":\"Transparencia\",\"item\":\"https:\/\/www.hacienda.gob.do\/transparencia\/\"},{\"@type\":\"ListItem\",\"position\":3,\"name\":\"Proyectos y Programas\",\"item\":\"https:\/\/www.hacienda.gob.do\/transparencia\/proyectos-y-programas\/\"},{\"@type\":\"ListItem\",\"position\":4,\"name\":\"Programa BID-MH-CGR (5505\/OC-DR)\"}]},{\"@type\":\"WebSite\",\"@id\":\"https:\/\/www.hacienda.gob.do\/transparencia\/#website\",\"url\":\"https:\/\/www.hacienda.gob.do\/transparencia\/\",\"name\":\"Transparencia Institucional - Ministerio de Hacienda y Econom\u00eda\",\"description\":\"\",\"publisher\":{\"@id\":\"https:\/\/www.hacienda.gob.do\/transparencia\/#organization\"},\"alternateName\":\"Transparencia MHE\",\"potentialAction\":[{\"@type\":\"SearchAction\",\"target\":{\"@type\":\"EntryPoint\",\"urlTemplate\":\"https:\/\/www.hacienda.gob.do\/transparencia\/?s={search_term_string}\"},\"query-input\":\"required name=search_term_string\"}],\"inLanguage\":\"es-DO\"},{\"@type\":\"Organization\",\"@id\":\"https:\/\/www.hacienda.gob.do\/transparencia\/#organization\",\"name\":\"Ministerio de Hacienda y Econom\u00eda de Republica Dominicana\",\"alternateName\":\"MHE\",\"url\":\"https:\/\/www.hacienda.gob.do\/transparencia\/\",\"logo\":{\"@type\":\"ImageObject\",\"inLanguage\":\"es-DO\",\"@id\":\"https:\/\/www.hacienda.gob.do\/transparencia\/#\/schema\/logo\/image\/\",\"url\":\"https:\/\/www.hacienda.gob.do\/transparencia\/wp-content\/uploads\/2025\/09\/Logo-MHE.png\",\"contentUrl\":\"https:\/\/www.hacienda.gob.do\/transparencia\/wp-content\/uploads\/2025\/09\/Logo-MHE.png\",\"width\":696,\"height\":696,\"caption\":\"Ministerio de Hacienda y Econom\u00eda de Republica Dominicana\"},\"image\":{\"@id\":\"https:\/\/www.hacienda.gob.do\/transparencia\/#\/schema\/logo\/image\/\"},\"sameAs\":[\"https:\/\/web.facebook.com\/MinHaciendaRD\"]}]}<\/script>\n<!-- \/ Yoast SEO plugin. -->","yoast_head_json":{"title":"Programa BID-MH-CGR (5505\/OC-DR) - Ministerio de Hacienda y Econom\u00eda","description":"Accede a comunicados y publicaciones oficiales del Portal de Transparencia del Ministerio de Hacienda y Econom\u00eda.","robots":{"index":"index","follow":"follow","max-snippet":"max-snippet:-1","max-image-preview":"max-image-preview:large","max-video-preview":"max-video-preview:-1"},"canonical":"https:\/\/www.hacienda.gob.do\/transparencia\/proyectos-y-programas\/bid-mh-cgr-5505-oc-dr\/","twitter_misc":{"Est. reading time":"2 minutos"},"schema":{"@context":"https:\/\/schema.org","@graph":[{"@type":"WebPage","@id":"https:\/\/www.hacienda.gob.do\/transparencia\/proyectos-y-programas\/bid-mh-cgr-5505-oc-dr\/","url":"https:\/\/www.hacienda.gob.do\/transparencia\/proyectos-y-programas\/bid-mh-cgr-5505-oc-dr\/","name":"Programa BID-MH-CGR (5505\/OC-DR) - Ministerio de Hacienda y Econom\u00eda","isPartOf":{"@id":"https:\/\/www.hacienda.gob.do\/transparencia\/#website"},"datePublished":"2023-03-13T15:44:59+00:00","dateModified":"2026-03-10T16:26:27+00:00","description":"Accede a comunicados y publicaciones oficiales del Portal de Transparencia del Ministerio de Hacienda y Econom\u00eda.","breadcrumb":{"@id":"https:\/\/www.hacienda.gob.do\/transparencia\/proyectos-y-programas\/bid-mh-cgr-5505-oc-dr\/#breadcrumb"},"inLanguage":"es-DO","potentialAction":[{"@type":"ReadAction","target":["https:\/\/www.hacienda.gob.do\/transparencia\/proyectos-y-programas\/bid-mh-cgr-5505-oc-dr\/"]}]},{"@type":"BreadcrumbList","@id":"https:\/\/www.hacienda.gob.do\/transparencia\/proyectos-y-programas\/bid-mh-cgr-5505-oc-dr\/#breadcrumb","itemListElement":[{"@type":"ListItem","position":1,"name":"Inicio","item":"https:\/\/www.hacienda.gob.do\/"},{"@type":"ListItem","position":2,"name":"Transparencia","item":"https:\/\/www.hacienda.gob.do\/transparencia\/"},{"@type":"ListItem","position":3,"name":"Proyectos y Programas","item":"https:\/\/www.hacienda.gob.do\/transparencia\/proyectos-y-programas\/"},{"@type":"ListItem","position":4,"name":"Programa BID-MH-CGR (5505\/OC-DR)"}]},{"@type":"WebSite","@id":"https:\/\/www.hacienda.gob.do\/transparencia\/#website","url":"https:\/\/www.hacienda.gob.do\/transparencia\/","name":"Transparencia Institucional - Ministerio de Hacienda y Econom\u00eda","description":"","publisher":{"@id":"https:\/\/www.hacienda.gob.do\/transparencia\/#organization"},"alternateName":"Transparencia MHE","potentialAction":[{"@type":"SearchAction","target":{"@type":"EntryPoint","urlTemplate":"https:\/\/www.hacienda.gob.do\/transparencia\/?s={search_term_string}"},"query-input":"required name=search_term_string"}],"inLanguage":"es-DO"},{"@type":"Organization","@id":"https:\/\/www.hacienda.gob.do\/transparencia\/#organization","name":"Ministerio de Hacienda y Econom\u00eda de Republica Dominicana","alternateName":"MHE","url":"https:\/\/www.hacienda.gob.do\/transparencia\/","logo":{"@type":"ImageObject","inLanguage":"es-DO","@id":"https:\/\/www.hacienda.gob.do\/transparencia\/#\/schema\/logo\/image\/","url":"https:\/\/www.hacienda.gob.do\/transparencia\/wp-content\/uploads\/2025\/09\/Logo-MHE.png","contentUrl":"https:\/\/www.hacienda.gob.do\/transparencia\/wp-content\/uploads\/2025\/09\/Logo-MHE.png","width":696,"height":696,"caption":"Ministerio de Hacienda y Econom\u00eda de Republica Dominicana"},"image":{"@id":"https:\/\/www.hacienda.gob.do\/transparencia\/#\/schema\/logo\/image\/"},"sameAs":["https:\/\/web.facebook.com\/MinHaciendaRD"]}]}},"_links":{"self":[{"href":"https:\/\/www.hacienda.gob.do\/transparencia\/wp-json\/wp\/v2\/pages\/13993","targetHints":{"allow":["GET"]}}],"collection":[{"href":"https:\/\/www.hacienda.gob.do\/transparencia\/wp-json\/wp\/v2\/pages"}],"about":[{"href":"https:\/\/www.hacienda.gob.do\/transparencia\/wp-json\/wp\/v2\/types\/page"}],"author":[{"embeddable":true,"href":"https:\/\/www.hacienda.gob.do\/transparencia\/wp-json\/wp\/v2\/users\/1"}],"replies":[{"embeddable":true,"href":"https:\/\/www.hacienda.gob.do\/transparencia\/wp-json\/wp\/v2\/comments?post=13993"}],"version-history":[{"count":36,"href":"https:\/\/www.hacienda.gob.do\/transparencia\/wp-json\/wp\/v2\/pages\/13993\/revisions"}],"predecessor-version":[{"id":21083,"href":"https:\/\/www.hacienda.gob.do\/transparencia\/wp-json\/wp\/v2\/pages\/13993\/revisions\/21083"}],"up":[{"embeddable":true,"href":"https:\/\/www.hacienda.gob.do\/transparencia\/wp-json\/wp\/v2\/pages\/14112"}],"wp:attachment":[{"href":"https:\/\/www.hacienda.gob.do\/transparencia\/wp-json\/wp\/v2\/media?parent=13993"}],"curies":[{"name":"wp","href":"https:\/\/api.w.org\/{rel}","templated":true}]}}