{"id":14099,"date":"2023-04-18T10:36:19","date_gmt":"2023-04-18T14:36:19","guid":{"rendered":"https:\/\/pti.hacienda.gob.do\/?page_id=14099"},"modified":"2025-10-20T15:30:31","modified_gmt":"2025-10-20T19:30:31","slug":"portal-311","status":"publish","type":"page","link":"https:\/\/www.hacienda.gob.do\/transparencia\/portal-311\/","title":{"rendered":"Acceso al Portal 311 sobre Quejas, Reclamaciones, Sugerencias y Denuncias"},"content":{"rendered":"<ul class=\"card-list alt\">\n<li> <a href=\"http:\/\/www.311.gob.do\/\" target=\"_blank\"rel=\"noopener\">\n<div style=\"display: flex;align-items: baseline;width: inherit;\">\n<h4 style=\"width: -webkit-fill-available;\n\"> Enlace Directo Al Portal 311 <\/h4>\n<p style=\"width: 2%;color: #0f2d63;\"><i class=\"fas fa-angle-right\"><\/i><\/p>\n<\/div>\n<p><\/a><\/li>\n<li> <a href=\"\/transparencia\/acceso-al-portal-311-sobre-quejas-reclamaciones-sugerencias-y-denuncias\/estadisticas-de-las-quejas-reclamaciones-y-sugerencia-del-311\/\"  rel=\"noopener\">\n<div style=\"display: flex;align-items: baseline;width: inherit;\">\n<h4 style=\"width: -webkit-fill-available;\n\"> Estad\u00edsticas de las Quejas, Reclamaciones Y Sugerencias Recibidas a Traves del 311 <\/h4>\n<p style=\"width: 2%;color: #0f2d63;\"><i class=\"fas fa-angle-right\"><\/i><\/p>\n<\/div>\n<p><\/a><\/li>\n<\/ul>\n","protected":false},"excerpt":{"rendered":"<p>Enlace Directo Al Portal 311 Estad\u00edsticas de las Quejas, Reclamaciones Y Sugerencias Recibidas a Traves del 311<\/p>\n","protected":false},"author":1,"featured_media":0,"parent":0,"menu_order":0,"comment_status":"closed","ping_status":"closed","template":"doc-basico.php","meta":{"footnotes":""},"class_list":["post-14099","page","type-page","status-publish","hentry"],"acf":[],"yoast_head":"<!-- This site is optimized with the Yoast SEO plugin v22.8 - https:\/\/yoast.com\/wordpress\/plugins\/seo\/ -->\n<title>Portal 311 | Quejas, Reclamaciones y Sugerencias | Ministerio de Hacienda y Econom\u00eda RD<\/title>\n<meta name=\"description\" content=\"Accede al Portal 311 del Ministerio de Hacienda y Econom\u00eda RD para presentar quejas, reclamaciones o sugerencias. Consulta estad\u00edsticas y seguimiento ciudadano en l\u00ednea.\" \/>\n<meta name=\"robots\" content=\"index, follow, max-snippet:-1, max-image-preview:large, max-video-preview:-1\" \/>\n<link rel=\"canonical\" href=\"https:\/\/www.hacienda.gob.do\/transparencia\/portal-311\/\" \/>\n<meta name=\"twitter:label1\" content=\"Est. reading time\" \/>\n\t<meta name=\"twitter:data1\" content=\"1 minuto\" \/>\n<script type=\"application\/ld+json\" class=\"yoast-schema-graph\">{\"@context\":\"https:\/\/schema.org\",\"@graph\":[{\"@type\":\"WebPage\",\"@id\":\"https:\/\/www.hacienda.gob.do\/transparencia\/portal-311\/\",\"url\":\"https:\/\/www.hacienda.gob.do\/transparencia\/portal-311\/\",\"name\":\"Portal 311 | Quejas, Reclamaciones y Sugerencias | Ministerio de Hacienda y Econom\u00eda RD\",\"isPartOf\":{\"@id\":\"https:\/\/www.hacienda.gob.do\/transparencia\/#website\"},\"datePublished\":\"2023-04-18T14:36:19+00:00\",\"dateModified\":\"2025-10-20T19:30:31+00:00\",\"description\":\"Accede al Portal 311 del Ministerio de Hacienda y Econom\u00eda RD para presentar quejas, reclamaciones o sugerencias. Consulta estad\u00edsticas y seguimiento ciudadano en l\u00ednea.\",\"breadcrumb\":{\"@id\":\"https:\/\/www.hacienda.gob.do\/transparencia\/portal-311\/#breadcrumb\"},\"inLanguage\":\"es-DO\",\"potentialAction\":[{\"@type\":\"ReadAction\",\"target\":[\"https:\/\/www.hacienda.gob.do\/transparencia\/portal-311\/\"]}]},{\"@type\":\"BreadcrumbList\",\"@id\":\"https:\/\/www.hacienda.gob.do\/transparencia\/portal-311\/#breadcrumb\",\"itemListElement\":[{\"@type\":\"ListItem\",\"position\":1,\"name\":\"Inicio\",\"item\":\"https:\/\/www.hacienda.gob.do\/\"},{\"@type\":\"ListItem\",\"position\":2,\"name\":\"Transparencia\",\"item\":\"https:\/\/www.hacienda.gob.do\/transparencia\/\"},{\"@type\":\"ListItem\",\"position\":3,\"name\":\"Acceso al Portal 311 sobre Quejas, Reclamaciones, Sugerencias y Denuncias\"}]},{\"@type\":\"WebSite\",\"@id\":\"https:\/\/www.hacienda.gob.do\/transparencia\/#website\",\"url\":\"https:\/\/www.hacienda.gob.do\/transparencia\/\",\"name\":\"Transparencia Institucional - Ministerio de Hacienda y Econom\u00eda\",\"description\":\"\",\"publisher\":{\"@id\":\"https:\/\/www.hacienda.gob.do\/transparencia\/#organization\"},\"alternateName\":\"Transparencia MHE\",\"potentialAction\":[{\"@type\":\"SearchAction\",\"target\":{\"@type\":\"EntryPoint\",\"urlTemplate\":\"https:\/\/www.hacienda.gob.do\/transparencia\/?s={search_term_string}\"},\"query-input\":\"required name=search_term_string\"}],\"inLanguage\":\"es-DO\"},{\"@type\":\"Organization\",\"@id\":\"https:\/\/www.hacienda.gob.do\/transparencia\/#organization\",\"name\":\"Ministerio de Hacienda y Econom\u00eda de Republica Dominicana\",\"alternateName\":\"MHE\",\"url\":\"https:\/\/www.hacienda.gob.do\/transparencia\/\",\"logo\":{\"@type\":\"ImageObject\",\"inLanguage\":\"es-DO\",\"@id\":\"https:\/\/www.hacienda.gob.do\/transparencia\/#\/schema\/logo\/image\/\",\"url\":\"https:\/\/www.hacienda.gob.do\/transparencia\/wp-content\/uploads\/2025\/09\/Logo-MHE.png\",\"contentUrl\":\"https:\/\/www.hacienda.gob.do\/transparencia\/wp-content\/uploads\/2025\/09\/Logo-MHE.png\",\"width\":696,\"height\":696,\"caption\":\"Ministerio de Hacienda y Econom\u00eda de Republica Dominicana\"},\"image\":{\"@id\":\"https:\/\/www.hacienda.gob.do\/transparencia\/#\/schema\/logo\/image\/\"},\"sameAs\":[\"https:\/\/web.facebook.com\/MinHaciendaRD\"]}]}<\/script>\n<!-- \/ Yoast SEO plugin. -->","yoast_head_json":{"title":"Portal 311 | Quejas, Reclamaciones y Sugerencias | Ministerio de Hacienda y Econom\u00eda RD","description":"Accede al Portal 311 del Ministerio de Hacienda y Econom\u00eda RD para presentar quejas, reclamaciones o sugerencias. Consulta estad\u00edsticas y seguimiento ciudadano en l\u00ednea.","robots":{"index":"index","follow":"follow","max-snippet":"max-snippet:-1","max-image-preview":"max-image-preview:large","max-video-preview":"max-video-preview:-1"},"canonical":"https:\/\/www.hacienda.gob.do\/transparencia\/portal-311\/","twitter_misc":{"Est. reading time":"1 minuto"},"schema":{"@context":"https:\/\/schema.org","@graph":[{"@type":"WebPage","@id":"https:\/\/www.hacienda.gob.do\/transparencia\/portal-311\/","url":"https:\/\/www.hacienda.gob.do\/transparencia\/portal-311\/","name":"Portal 311 | Quejas, Reclamaciones y Sugerencias | Ministerio de Hacienda y Econom\u00eda RD","isPartOf":{"@id":"https:\/\/www.hacienda.gob.do\/transparencia\/#website"},"datePublished":"2023-04-18T14:36:19+00:00","dateModified":"2025-10-20T19:30:31+00:00","description":"Accede al Portal 311 del Ministerio de Hacienda y Econom\u00eda RD para presentar quejas, reclamaciones o sugerencias. Consulta estad\u00edsticas y seguimiento ciudadano en l\u00ednea.","breadcrumb":{"@id":"https:\/\/www.hacienda.gob.do\/transparencia\/portal-311\/#breadcrumb"},"inLanguage":"es-DO","potentialAction":[{"@type":"ReadAction","target":["https:\/\/www.hacienda.gob.do\/transparencia\/portal-311\/"]}]},{"@type":"BreadcrumbList","@id":"https:\/\/www.hacienda.gob.do\/transparencia\/portal-311\/#breadcrumb","itemListElement":[{"@type":"ListItem","position":1,"name":"Inicio","item":"https:\/\/www.hacienda.gob.do\/"},{"@type":"ListItem","position":2,"name":"Transparencia","item":"https:\/\/www.hacienda.gob.do\/transparencia\/"},{"@type":"ListItem","position":3,"name":"Acceso al Portal 311 sobre Quejas, Reclamaciones, Sugerencias y Denuncias"}]},{"@type":"WebSite","@id":"https:\/\/www.hacienda.gob.do\/transparencia\/#website","url":"https:\/\/www.hacienda.gob.do\/transparencia\/","name":"Transparencia Institucional - Ministerio de Hacienda y Econom\u00eda","description":"","publisher":{"@id":"https:\/\/www.hacienda.gob.do\/transparencia\/#organization"},"alternateName":"Transparencia MHE","potentialAction":[{"@type":"SearchAction","target":{"@type":"EntryPoint","urlTemplate":"https:\/\/www.hacienda.gob.do\/transparencia\/?s={search_term_string}"},"query-input":"required name=search_term_string"}],"inLanguage":"es-DO"},{"@type":"Organization","@id":"https:\/\/www.hacienda.gob.do\/transparencia\/#organization","name":"Ministerio de Hacienda y Econom\u00eda de Republica Dominicana","alternateName":"MHE","url":"https:\/\/www.hacienda.gob.do\/transparencia\/","logo":{"@type":"ImageObject","inLanguage":"es-DO","@id":"https:\/\/www.hacienda.gob.do\/transparencia\/#\/schema\/logo\/image\/","url":"https:\/\/www.hacienda.gob.do\/transparencia\/wp-content\/uploads\/2025\/09\/Logo-MHE.png","contentUrl":"https:\/\/www.hacienda.gob.do\/transparencia\/wp-content\/uploads\/2025\/09\/Logo-MHE.png","width":696,"height":696,"caption":"Ministerio de Hacienda y Econom\u00eda de Republica Dominicana"},"image":{"@id":"https:\/\/www.hacienda.gob.do\/transparencia\/#\/schema\/logo\/image\/"},"sameAs":["https:\/\/web.facebook.com\/MinHaciendaRD"]}]}},"_links":{"self":[{"href":"https:\/\/www.hacienda.gob.do\/transparencia\/wp-json\/wp\/v2\/pages\/14099","targetHints":{"allow":["GET"]}}],"collection":[{"href":"https:\/\/www.hacienda.gob.do\/transparencia\/wp-json\/wp\/v2\/pages"}],"about":[{"href":"https:\/\/www.hacienda.gob.do\/transparencia\/wp-json\/wp\/v2\/types\/page"}],"author":[{"embeddable":true,"href":"https:\/\/www.hacienda.gob.do\/transparencia\/wp-json\/wp\/v2\/users\/1"}],"replies":[{"embeddable":true,"href":"https:\/\/www.hacienda.gob.do\/transparencia\/wp-json\/wp\/v2\/comments?post=14099"}],"version-history":[{"count":5,"href":"https:\/\/www.hacienda.gob.do\/transparencia\/wp-json\/wp\/v2\/pages\/14099\/revisions"}],"predecessor-version":[{"id":19979,"href":"https:\/\/www.hacienda.gob.do\/transparencia\/wp-json\/wp\/v2\/pages\/14099\/revisions\/19979"}],"wp:attachment":[{"href":"https:\/\/www.hacienda.gob.do\/transparencia\/wp-json\/wp\/v2\/media?parent=14099"}],"curies":[{"name":"wp","href":"https:\/\/api.w.org\/{rel}","templated":true}]}}