{"id":16767,"date":"2023-04-17T11:23:40","date_gmt":"2023-04-17T19:23:40","guid":{"rendered":"https:\/\/transparencia.hacienda.gob.do\/proyectos-y-programas\/programa-bid-mh-cgr-5505-oc-dr\/programa-bid-mh-cgr-5505-oc-dr-consultorias-individuales-2\/"},"modified":"2026-01-28T09:51:15","modified_gmt":"2026-01-28T13:51:15","slug":"licitacion-publica-internacional","status":"publish","type":"page","link":"https:\/\/www.hacienda.gob.do\/transparencia\/proyectos-y-programas\/bid-mh-cgr-5505-oc-dr\/licitacion-publica-internacional\/","title":{"rendered":"Programa BID-MH-CGR (5505\/OC-DR) | Licitaci\u00f3n P\u00fablica Internacional"},"content":{"rendered":"","protected":false},"excerpt":{"rendered":"","protected":false},"author":1,"featured_media":0,"parent":13993,"menu_order":0,"comment_status":"closed","ping_status":"closed","template":"archive-licitacion-int-5505.php","meta":{"footnotes":""},"class_list":["post-16767","page","type-page","status-publish","hentry"],"acf":[],"yoast_head":"<!-- This site is optimized with the Yoast SEO plugin v22.8 - https:\/\/yoast.com\/wordpress\/plugins\/seo\/ -->\n<title>Programa BID-MH-CGR (5505\/OC-DR) | Licitaci\u00f3n P\u00fablica Internacional - Ministerio de Hacienda y Econom\u00eda<\/title>\n<meta name=\"description\" content=\"Accede a Licitaci\u00f3n P\u00fablica Internacional del BID-MH-CGR (5505\/OC-DR) del Ministerio de Hacienda y Econom\u00eda.\" \/>\n<meta name=\"robots\" content=\"index, follow, max-snippet:-1, max-image-preview:large, max-video-preview:-1\" \/>\n<link rel=\"canonical\" href=\"https:\/\/www.hacienda.gob.do\/transparencia\/proyectos-y-programas\/bid-mh-cgr-5505-oc-dr\/licitacion-publica-internacional\/\" \/>\n<script type=\"application\/ld+json\" class=\"yoast-schema-graph\">{\"@context\":\"https:\/\/schema.org\",\"@graph\":[{\"@type\":\"WebPage\",\"@id\":\"https:\/\/www.hacienda.gob.do\/transparencia\/proyectos-y-programas\/bid-mh-cgr-5505-oc-dr\/licitacion-publica-internacional\/\",\"url\":\"https:\/\/www.hacienda.gob.do\/transparencia\/proyectos-y-programas\/bid-mh-cgr-5505-oc-dr\/licitacion-publica-internacional\/\",\"name\":\"Programa BID-MH-CGR (5505\/OC-DR) | Licitaci\u00f3n P\u00fablica Internacional - Ministerio de Hacienda y Econom\u00eda\",\"isPartOf\":{\"@id\":\"https:\/\/www.hacienda.gob.do\/transparencia\/#website\"},\"datePublished\":\"2023-04-17T19:23:40+00:00\",\"dateModified\":\"2026-01-28T13:51:15+00:00\",\"description\":\"Accede a Licitaci\u00f3n P\u00fablica Internacional del BID-MH-CGR (5505\/OC-DR) del Ministerio de Hacienda y Econom\u00eda.\",\"breadcrumb\":{\"@id\":\"https:\/\/www.hacienda.gob.do\/transparencia\/proyectos-y-programas\/bid-mh-cgr-5505-oc-dr\/licitacion-publica-internacional\/#breadcrumb\"},\"inLanguage\":\"es-DO\",\"potentialAction\":[{\"@type\":\"ReadAction\",\"target\":[\"https:\/\/www.hacienda.gob.do\/transparencia\/proyectos-y-programas\/bid-mh-cgr-5505-oc-dr\/licitacion-publica-internacional\/\"]}]},{\"@type\":\"BreadcrumbList\",\"@id\":\"https:\/\/www.hacienda.gob.do\/transparencia\/proyectos-y-programas\/bid-mh-cgr-5505-oc-dr\/licitacion-publica-internacional\/#breadcrumb\",\"itemListElement\":[{\"@type\":\"ListItem\",\"position\":1,\"name\":\"Inicio\",\"item\":\"https:\/\/www.hacienda.gob.do\/\"},{\"@type\":\"ListItem\",\"position\":2,\"name\":\"Transparencia\",\"item\":\"https:\/\/www.hacienda.gob.do\/transparencia\/\"},{\"@type\":\"ListItem\",\"position\":3,\"name\":\"Proyectos y Programas\",\"item\":\"https:\/\/www.hacienda.gob.do\/transparencia\/proyectos-y-programas\/\"},{\"@type\":\"ListItem\",\"position\":4,\"name\":\"Programa BID-MH-CGR (5505\/OC-DR)\",\"item\":\"https:\/\/www.hacienda.gob.do\/transparencia\/proyectos-y-programas\/bid-mh-cgr-5505-oc-dr\/\"},{\"@type\":\"ListItem\",\"position\":5,\"name\":\"Programa BID-MH-CGR (5505\/OC-DR) | Licitaci\u00f3n P\u00fablica Internacional\"}]},{\"@type\":\"WebSite\",\"@id\":\"https:\/\/www.hacienda.gob.do\/transparencia\/#website\",\"url\":\"https:\/\/www.hacienda.gob.do\/transparencia\/\",\"name\":\"Transparencia Institucional - Ministerio de Hacienda y Econom\u00eda\",\"description\":\"\",\"publisher\":{\"@id\":\"https:\/\/www.hacienda.gob.do\/transparencia\/#organization\"},\"alternateName\":\"Transparencia MHE\",\"potentialAction\":[{\"@type\":\"SearchAction\",\"target\":{\"@type\":\"EntryPoint\",\"urlTemplate\":\"https:\/\/www.hacienda.gob.do\/transparencia\/?s={search_term_string}\"},\"query-input\":\"required name=search_term_string\"}],\"inLanguage\":\"es-DO\"},{\"@type\":\"Organization\",\"@id\":\"https:\/\/www.hacienda.gob.do\/transparencia\/#organization\",\"name\":\"Ministerio de Hacienda y Econom\u00eda de Republica Dominicana\",\"alternateName\":\"MHE\",\"url\":\"https:\/\/www.hacienda.gob.do\/transparencia\/\",\"logo\":{\"@type\":\"ImageObject\",\"inLanguage\":\"es-DO\",\"@id\":\"https:\/\/www.hacienda.gob.do\/transparencia\/#\/schema\/logo\/image\/\",\"url\":\"https:\/\/www.hacienda.gob.do\/transparencia\/wp-content\/uploads\/2025\/09\/Logo-MHE.png\",\"contentUrl\":\"https:\/\/www.hacienda.gob.do\/transparencia\/wp-content\/uploads\/2025\/09\/Logo-MHE.png\",\"width\":696,\"height\":696,\"caption\":\"Ministerio de Hacienda y Econom\u00eda de Republica Dominicana\"},\"image\":{\"@id\":\"https:\/\/www.hacienda.gob.do\/transparencia\/#\/schema\/logo\/image\/\"},\"sameAs\":[\"https:\/\/web.facebook.com\/MinHaciendaRD\"]}]}<\/script>\n<!-- \/ Yoast SEO plugin. -->","yoast_head_json":{"title":"Programa BID-MH-CGR (5505\/OC-DR) | Licitaci\u00f3n P\u00fablica Internacional - Ministerio de Hacienda y Econom\u00eda","description":"Accede a Licitaci\u00f3n P\u00fablica Internacional del BID-MH-CGR (5505\/OC-DR) del Ministerio de Hacienda y Econom\u00eda.","robots":{"index":"index","follow":"follow","max-snippet":"max-snippet:-1","max-image-preview":"max-image-preview:large","max-video-preview":"max-video-preview:-1"},"canonical":"https:\/\/www.hacienda.gob.do\/transparencia\/proyectos-y-programas\/bid-mh-cgr-5505-oc-dr\/licitacion-publica-internacional\/","schema":{"@context":"https:\/\/schema.org","@graph":[{"@type":"WebPage","@id":"https:\/\/www.hacienda.gob.do\/transparencia\/proyectos-y-programas\/bid-mh-cgr-5505-oc-dr\/licitacion-publica-internacional\/","url":"https:\/\/www.hacienda.gob.do\/transparencia\/proyectos-y-programas\/bid-mh-cgr-5505-oc-dr\/licitacion-publica-internacional\/","name":"Programa BID-MH-CGR (5505\/OC-DR) | Licitaci\u00f3n P\u00fablica Internacional - Ministerio de Hacienda y Econom\u00eda","isPartOf":{"@id":"https:\/\/www.hacienda.gob.do\/transparencia\/#website"},"datePublished":"2023-04-17T19:23:40+00:00","dateModified":"2026-01-28T13:51:15+00:00","description":"Accede a Licitaci\u00f3n P\u00fablica Internacional del BID-MH-CGR (5505\/OC-DR) del Ministerio de Hacienda y Econom\u00eda.","breadcrumb":{"@id":"https:\/\/www.hacienda.gob.do\/transparencia\/proyectos-y-programas\/bid-mh-cgr-5505-oc-dr\/licitacion-publica-internacional\/#breadcrumb"},"inLanguage":"es-DO","potentialAction":[{"@type":"ReadAction","target":["https:\/\/www.hacienda.gob.do\/transparencia\/proyectos-y-programas\/bid-mh-cgr-5505-oc-dr\/licitacion-publica-internacional\/"]}]},{"@type":"BreadcrumbList","@id":"https:\/\/www.hacienda.gob.do\/transparencia\/proyectos-y-programas\/bid-mh-cgr-5505-oc-dr\/licitacion-publica-internacional\/#breadcrumb","itemListElement":[{"@type":"ListItem","position":1,"name":"Inicio","item":"https:\/\/www.hacienda.gob.do\/"},{"@type":"ListItem","position":2,"name":"Transparencia","item":"https:\/\/www.hacienda.gob.do\/transparencia\/"},{"@type":"ListItem","position":3,"name":"Proyectos y Programas","item":"https:\/\/www.hacienda.gob.do\/transparencia\/proyectos-y-programas\/"},{"@type":"ListItem","position":4,"name":"Programa BID-MH-CGR (5505\/OC-DR)","item":"https:\/\/www.hacienda.gob.do\/transparencia\/proyectos-y-programas\/bid-mh-cgr-5505-oc-dr\/"},{"@type":"ListItem","position":5,"name":"Programa BID-MH-CGR (5505\/OC-DR) | Licitaci\u00f3n P\u00fablica Internacional"}]},{"@type":"WebSite","@id":"https:\/\/www.hacienda.gob.do\/transparencia\/#website","url":"https:\/\/www.hacienda.gob.do\/transparencia\/","name":"Transparencia Institucional - Ministerio de Hacienda y Econom\u00eda","description":"","publisher":{"@id":"https:\/\/www.hacienda.gob.do\/transparencia\/#organization"},"alternateName":"Transparencia MHE","potentialAction":[{"@type":"SearchAction","target":{"@type":"EntryPoint","urlTemplate":"https:\/\/www.hacienda.gob.do\/transparencia\/?s={search_term_string}"},"query-input":"required name=search_term_string"}],"inLanguage":"es-DO"},{"@type":"Organization","@id":"https:\/\/www.hacienda.gob.do\/transparencia\/#organization","name":"Ministerio de Hacienda y Econom\u00eda de Republica Dominicana","alternateName":"MHE","url":"https:\/\/www.hacienda.gob.do\/transparencia\/","logo":{"@type":"ImageObject","inLanguage":"es-DO","@id":"https:\/\/www.hacienda.gob.do\/transparencia\/#\/schema\/logo\/image\/","url":"https:\/\/www.hacienda.gob.do\/transparencia\/wp-content\/uploads\/2025\/09\/Logo-MHE.png","contentUrl":"https:\/\/www.hacienda.gob.do\/transparencia\/wp-content\/uploads\/2025\/09\/Logo-MHE.png","width":696,"height":696,"caption":"Ministerio de Hacienda y Econom\u00eda de Republica Dominicana"},"image":{"@id":"https:\/\/www.hacienda.gob.do\/transparencia\/#\/schema\/logo\/image\/"},"sameAs":["https:\/\/web.facebook.com\/MinHaciendaRD"]}]}},"_links":{"self":[{"href":"https:\/\/www.hacienda.gob.do\/transparencia\/wp-json\/wp\/v2\/pages\/16767","targetHints":{"allow":["GET"]}}],"collection":[{"href":"https:\/\/www.hacienda.gob.do\/transparencia\/wp-json\/wp\/v2\/pages"}],"about":[{"href":"https:\/\/www.hacienda.gob.do\/transparencia\/wp-json\/wp\/v2\/types\/page"}],"author":[{"embeddable":true,"href":"https:\/\/www.hacienda.gob.do\/transparencia\/wp-json\/wp\/v2\/users\/1"}],"replies":[{"embeddable":true,"href":"https:\/\/www.hacienda.gob.do\/transparencia\/wp-json\/wp\/v2\/comments?post=16767"}],"version-history":[{"count":31,"href":"https:\/\/www.hacienda.gob.do\/transparencia\/wp-json\/wp\/v2\/pages\/16767\/revisions"}],"predecessor-version":[{"id":20734,"href":"https:\/\/www.hacienda.gob.do\/transparencia\/wp-json\/wp\/v2\/pages\/16767\/revisions\/20734"}],"up":[{"embeddable":true,"href":"https:\/\/www.hacienda.gob.do\/transparencia\/wp-json\/wp\/v2\/pages\/13993"}],"wp:attachment":[{"href":"https:\/\/www.hacienda.gob.do\/transparencia\/wp-json\/wp\/v2\/media?parent=16767"}],"curies":[{"name":"wp","href":"https:\/\/api.w.org\/{rel}","templated":true}]}}