{"id":17107,"date":"2024-08-26T11:18:26","date_gmt":"2024-08-26T19:18:26","guid":{"rendered":"https:\/\/transparencia.hacienda.gob.do\/?page_id=17107"},"modified":"2026-01-28T08:43:06","modified_gmt":"2026-01-28T12:43:06","slug":"seleccion-basada-en-la-calificacion-de-los-consultores-scc","status":"publish","type":"page","link":"https:\/\/www.hacienda.gob.do\/transparencia\/proyectos-y-programas\/bid-mh-cgr-5505-oc-dr\/seleccion-basada-en-la-calificacion-de-los-consultores-scc\/","title":{"rendered":"Selecci\u00f3n Basada en la Calificaci\u00f3n de los Consultores (SCC)"},"content":{"rendered":"","protected":false},"excerpt":{"rendered":"","protected":false},"author":3,"featured_media":0,"parent":13993,"menu_order":0,"comment_status":"closed","ping_status":"closed","template":"archive-scc-5505.php","meta":{"footnotes":""},"class_list":["post-17107","page","type-page","status-publish","hentry"],"acf":[],"yoast_head":"<!-- This site is optimized with the Yoast SEO plugin v22.8 - https:\/\/yoast.com\/wordpress\/plugins\/seo\/ -->\n<title>Selecci\u00f3n Basada en la Calificaci\u00f3n de los Consultores (SCC) - Ministerio de Hacienda y Econom\u00eda<\/title>\n<meta name=\"description\" content=\"Accede a comunicados y publicaciones oficiales del Portal de Transparencia del Ministerio de Hacienda y Econom\u00eda.\" \/>\n<meta name=\"robots\" content=\"index, follow, max-snippet:-1, max-image-preview:large, max-video-preview:-1\" \/>\n<link rel=\"canonical\" href=\"https:\/\/www.hacienda.gob.do\/transparencia\/proyectos-y-programas\/bid-mh-cgr-5505-oc-dr\/seleccion-basada-en-la-calificacion-de-los-consultores-scc\/\" \/>\n<meta name=\"twitter:label1\" content=\"Est. reading time\" \/>\n\t<meta name=\"twitter:data1\" content=\"2 minutos\" \/>\n<script type=\"application\/ld+json\" class=\"yoast-schema-graph\">{\"@context\":\"https:\/\/schema.org\",\"@graph\":[{\"@type\":\"WebPage\",\"@id\":\"https:\/\/www.hacienda.gob.do\/transparencia\/proyectos-y-programas\/bid-mh-cgr-5505-oc-dr\/seleccion-basada-en-la-calificacion-de-los-consultores-scc\/\",\"url\":\"https:\/\/www.hacienda.gob.do\/transparencia\/proyectos-y-programas\/bid-mh-cgr-5505-oc-dr\/seleccion-basada-en-la-calificacion-de-los-consultores-scc\/\",\"name\":\"Selecci\u00f3n Basada en la Calificaci\u00f3n de los Consultores (SCC) - Ministerio de Hacienda y Econom\u00eda\",\"isPartOf\":{\"@id\":\"https:\/\/www.hacienda.gob.do\/transparencia\/#website\"},\"datePublished\":\"2024-08-26T19:18:26+00:00\",\"dateModified\":\"2026-01-28T12:43:06+00:00\",\"description\":\"Accede a comunicados y publicaciones oficiales del Portal de Transparencia del Ministerio de Hacienda y Econom\u00eda.\",\"breadcrumb\":{\"@id\":\"https:\/\/www.hacienda.gob.do\/transparencia\/proyectos-y-programas\/bid-mh-cgr-5505-oc-dr\/seleccion-basada-en-la-calificacion-de-los-consultores-scc\/#breadcrumb\"},\"inLanguage\":\"es-DO\",\"potentialAction\":[{\"@type\":\"ReadAction\",\"target\":[\"https:\/\/www.hacienda.gob.do\/transparencia\/proyectos-y-programas\/bid-mh-cgr-5505-oc-dr\/seleccion-basada-en-la-calificacion-de-los-consultores-scc\/\"]}]},{\"@type\":\"BreadcrumbList\",\"@id\":\"https:\/\/www.hacienda.gob.do\/transparencia\/proyectos-y-programas\/bid-mh-cgr-5505-oc-dr\/seleccion-basada-en-la-calificacion-de-los-consultores-scc\/#breadcrumb\",\"itemListElement\":[{\"@type\":\"ListItem\",\"position\":1,\"name\":\"Inicio\",\"item\":\"https:\/\/www.hacienda.gob.do\/\"},{\"@type\":\"ListItem\",\"position\":2,\"name\":\"Transparencia\",\"item\":\"https:\/\/www.hacienda.gob.do\/transparencia\/\"},{\"@type\":\"ListItem\",\"position\":3,\"name\":\"Proyectos y Programas\",\"item\":\"https:\/\/www.hacienda.gob.do\/transparencia\/proyectos-y-programas\/\"},{\"@type\":\"ListItem\",\"position\":4,\"name\":\"Programa BID-MH-CGR (5505\/OC-DR)\",\"item\":\"https:\/\/www.hacienda.gob.do\/transparencia\/proyectos-y-programas\/bid-mh-cgr-5505-oc-dr\/\"},{\"@type\":\"ListItem\",\"position\":5,\"name\":\"Selecci\u00f3n Basada en la Calificaci\u00f3n de los Consultores (SCC)\"}]},{\"@type\":\"WebSite\",\"@id\":\"https:\/\/www.hacienda.gob.do\/transparencia\/#website\",\"url\":\"https:\/\/www.hacienda.gob.do\/transparencia\/\",\"name\":\"Transparencia Institucional - Ministerio de Hacienda y Econom\u00eda\",\"description\":\"\",\"publisher\":{\"@id\":\"https:\/\/www.hacienda.gob.do\/transparencia\/#organization\"},\"alternateName\":\"Transparencia MHE\",\"potentialAction\":[{\"@type\":\"SearchAction\",\"target\":{\"@type\":\"EntryPoint\",\"urlTemplate\":\"https:\/\/www.hacienda.gob.do\/transparencia\/?s={search_term_string}\"},\"query-input\":\"required name=search_term_string\"}],\"inLanguage\":\"es-DO\"},{\"@type\":\"Organization\",\"@id\":\"https:\/\/www.hacienda.gob.do\/transparencia\/#organization\",\"name\":\"Ministerio de Hacienda y Econom\u00eda de Republica Dominicana\",\"alternateName\":\"MHE\",\"url\":\"https:\/\/www.hacienda.gob.do\/transparencia\/\",\"logo\":{\"@type\":\"ImageObject\",\"inLanguage\":\"es-DO\",\"@id\":\"https:\/\/www.hacienda.gob.do\/transparencia\/#\/schema\/logo\/image\/\",\"url\":\"https:\/\/www.hacienda.gob.do\/transparencia\/wp-content\/uploads\/2025\/09\/Logo-MHE.png\",\"contentUrl\":\"https:\/\/www.hacienda.gob.do\/transparencia\/wp-content\/uploads\/2025\/09\/Logo-MHE.png\",\"width\":696,\"height\":696,\"caption\":\"Ministerio de Hacienda y Econom\u00eda de Republica Dominicana\"},\"image\":{\"@id\":\"https:\/\/www.hacienda.gob.do\/transparencia\/#\/schema\/logo\/image\/\"},\"sameAs\":[\"https:\/\/web.facebook.com\/MinHaciendaRD\"]}]}<\/script>\n<!-- \/ Yoast SEO plugin. -->","yoast_head_json":{"title":"Selecci\u00f3n Basada en la Calificaci\u00f3n de los Consultores (SCC) - Ministerio de Hacienda y Econom\u00eda","description":"Accede a comunicados y publicaciones oficiales del Portal de Transparencia del Ministerio de Hacienda y Econom\u00eda.","robots":{"index":"index","follow":"follow","max-snippet":"max-snippet:-1","max-image-preview":"max-image-preview:large","max-video-preview":"max-video-preview:-1"},"canonical":"https:\/\/www.hacienda.gob.do\/transparencia\/proyectos-y-programas\/bid-mh-cgr-5505-oc-dr\/seleccion-basada-en-la-calificacion-de-los-consultores-scc\/","twitter_misc":{"Est. reading time":"2 minutos"},"schema":{"@context":"https:\/\/schema.org","@graph":[{"@type":"WebPage","@id":"https:\/\/www.hacienda.gob.do\/transparencia\/proyectos-y-programas\/bid-mh-cgr-5505-oc-dr\/seleccion-basada-en-la-calificacion-de-los-consultores-scc\/","url":"https:\/\/www.hacienda.gob.do\/transparencia\/proyectos-y-programas\/bid-mh-cgr-5505-oc-dr\/seleccion-basada-en-la-calificacion-de-los-consultores-scc\/","name":"Selecci\u00f3n Basada en la Calificaci\u00f3n de los Consultores (SCC) - Ministerio de Hacienda y Econom\u00eda","isPartOf":{"@id":"https:\/\/www.hacienda.gob.do\/transparencia\/#website"},"datePublished":"2024-08-26T19:18:26+00:00","dateModified":"2026-01-28T12:43:06+00:00","description":"Accede a comunicados y publicaciones oficiales del Portal de Transparencia del Ministerio de Hacienda y Econom\u00eda.","breadcrumb":{"@id":"https:\/\/www.hacienda.gob.do\/transparencia\/proyectos-y-programas\/bid-mh-cgr-5505-oc-dr\/seleccion-basada-en-la-calificacion-de-los-consultores-scc\/#breadcrumb"},"inLanguage":"es-DO","potentialAction":[{"@type":"ReadAction","target":["https:\/\/www.hacienda.gob.do\/transparencia\/proyectos-y-programas\/bid-mh-cgr-5505-oc-dr\/seleccion-basada-en-la-calificacion-de-los-consultores-scc\/"]}]},{"@type":"BreadcrumbList","@id":"https:\/\/www.hacienda.gob.do\/transparencia\/proyectos-y-programas\/bid-mh-cgr-5505-oc-dr\/seleccion-basada-en-la-calificacion-de-los-consultores-scc\/#breadcrumb","itemListElement":[{"@type":"ListItem","position":1,"name":"Inicio","item":"https:\/\/www.hacienda.gob.do\/"},{"@type":"ListItem","position":2,"name":"Transparencia","item":"https:\/\/www.hacienda.gob.do\/transparencia\/"},{"@type":"ListItem","position":3,"name":"Proyectos y Programas","item":"https:\/\/www.hacienda.gob.do\/transparencia\/proyectos-y-programas\/"},{"@type":"ListItem","position":4,"name":"Programa BID-MH-CGR (5505\/OC-DR)","item":"https:\/\/www.hacienda.gob.do\/transparencia\/proyectos-y-programas\/bid-mh-cgr-5505-oc-dr\/"},{"@type":"ListItem","position":5,"name":"Selecci\u00f3n Basada en la Calificaci\u00f3n de los Consultores (SCC)"}]},{"@type":"WebSite","@id":"https:\/\/www.hacienda.gob.do\/transparencia\/#website","url":"https:\/\/www.hacienda.gob.do\/transparencia\/","name":"Transparencia Institucional - Ministerio de Hacienda y Econom\u00eda","description":"","publisher":{"@id":"https:\/\/www.hacienda.gob.do\/transparencia\/#organization"},"alternateName":"Transparencia MHE","potentialAction":[{"@type":"SearchAction","target":{"@type":"EntryPoint","urlTemplate":"https:\/\/www.hacienda.gob.do\/transparencia\/?s={search_term_string}"},"query-input":"required name=search_term_string"}],"inLanguage":"es-DO"},{"@type":"Organization","@id":"https:\/\/www.hacienda.gob.do\/transparencia\/#organization","name":"Ministerio de Hacienda y Econom\u00eda de Republica Dominicana","alternateName":"MHE","url":"https:\/\/www.hacienda.gob.do\/transparencia\/","logo":{"@type":"ImageObject","inLanguage":"es-DO","@id":"https:\/\/www.hacienda.gob.do\/transparencia\/#\/schema\/logo\/image\/","url":"https:\/\/www.hacienda.gob.do\/transparencia\/wp-content\/uploads\/2025\/09\/Logo-MHE.png","contentUrl":"https:\/\/www.hacienda.gob.do\/transparencia\/wp-content\/uploads\/2025\/09\/Logo-MHE.png","width":696,"height":696,"caption":"Ministerio de Hacienda y Econom\u00eda de Republica Dominicana"},"image":{"@id":"https:\/\/www.hacienda.gob.do\/transparencia\/#\/schema\/logo\/image\/"},"sameAs":["https:\/\/web.facebook.com\/MinHaciendaRD"]}]}},"_links":{"self":[{"href":"https:\/\/www.hacienda.gob.do\/transparencia\/wp-json\/wp\/v2\/pages\/17107","targetHints":{"allow":["GET"]}}],"collection":[{"href":"https:\/\/www.hacienda.gob.do\/transparencia\/wp-json\/wp\/v2\/pages"}],"about":[{"href":"https:\/\/www.hacienda.gob.do\/transparencia\/wp-json\/wp\/v2\/types\/page"}],"author":[{"embeddable":true,"href":"https:\/\/www.hacienda.gob.do\/transparencia\/wp-json\/wp\/v2\/users\/3"}],"replies":[{"embeddable":true,"href":"https:\/\/www.hacienda.gob.do\/transparencia\/wp-json\/wp\/v2\/comments?post=17107"}],"version-history":[{"count":11,"href":"https:\/\/www.hacienda.gob.do\/transparencia\/wp-json\/wp\/v2\/pages\/17107\/revisions"}],"predecessor-version":[{"id":20727,"href":"https:\/\/www.hacienda.gob.do\/transparencia\/wp-json\/wp\/v2\/pages\/17107\/revisions\/20727"}],"up":[{"embeddable":true,"href":"https:\/\/www.hacienda.gob.do\/transparencia\/wp-json\/wp\/v2\/pages\/13993"}],"wp:attachment":[{"href":"https:\/\/www.hacienda.gob.do\/transparencia\/wp-json\/wp\/v2\/media?parent=17107"}],"curies":[{"name":"wp","href":"https:\/\/api.w.org\/{rel}","templated":true}]}}