{"id":18650,"date":"2025-03-13T07:03:39","date_gmt":"2025-03-13T15:03:39","guid":{"rendered":"https:\/\/transparencia.hacienda.gob.do\/?page_id=18650"},"modified":"2026-01-28T11:29:49","modified_gmt":"2026-01-28T15:29:49","slug":"requerimiento-de-informacion-rfi-para-contratos-marco","status":"publish","type":"page","link":"https:\/\/www.hacienda.gob.do\/transparencia\/proyectos-y-programas\/bid-mh-cgr-5505-oc-dr\/requerimiento-de-informacion-rfi-para-contratos-marco\/","title":{"rendered":"Programa BID-MH-CGR (5505\/OC-DR) | Requerimiento de Informaci\u00f3n (RFI) para Contratos Marco"},"content":{"rendered":"<ul id=\"documents\" class=\"grid docs-list list-unstyled\" style=\"position: relative; height: 174.602px;\">\n<li class=\"element-item month-1 year-2019 page-1\" style=\"width: 100%; position: absolute; left: 0px; top: 0px;\">\n<div class=\"direct-card\">\n<div class=\"head\">\n<div class=\"icon\"><img decoding=\"async\" src=\"\/transparencia\/wp-content\/themes\/transparencia\/images\/icon-folder.svg\" \/><\/div>\n<div>\n<h4 class=\"mb-2\">Programa de Apoyo a la Agenda de Transparencia e Integridad en Rep\u00fablica Dominicana<\/h4>\n<p class=\"mb-2\" style=\"white-space: pre-line;\">RFI Dise\u00f1o e implementaci\u00f3n del Sistema Nacional de Transparencia<\/p>\n<\/div>\n<\/div>\n<div class=\"body\">\n<div class=\"accordion\">\n<div class=\"accordion-item m-0\">\n<div class=\"accordion-title\"><i class=\"me-2 fa fa-chevron-down\"><\/i>Ver Documentos<\/div>\n<div id=\"post-5381\" class=\"accordion-content\" style=\"display: none;\">\n<ul class=\"media-list small mb-0 px-2\">\n<li><a href=\"\/transparencia\/wp-content\/uploads\/2025\/03\/Enmienda-RFI-Diseno-e-implementacion-del-Sistema-Nacional-de-Transparencia-2732025.pdf\" download=\"\"><img decoding=\"async\" class=\"thumb\" src=\"\/transparencia\/wp-content\/themes\/transparencia\/images\/icon-pdf.svg\" \/><br \/>\n<\/a><\/p>\n<div class=\"info\">\n<h4>Enmienda RFI Dise\u00f1o e implementaci\u00f3n del Sistema Nacional de Transparencia 2732025<\/h4>\n<p class=\"fst-italic\">162KB<\/p>\n<\/div>\n<p>&nbsp;<\/li>\n<li><a href=\"\/transparencia\/wp-content\/uploads\/2025\/03\/RFI-Diseno-e-implementacion-del-Sistema-Nacional-de-Transparencia.pdf\" download=\"\"><img decoding=\"async\" class=\"thumb\" src=\"\/transparencia\/wp-content\/themes\/transparencia\/images\/icon-pdf.svg\" \/><br \/>\n<\/a><\/p>\n<div class=\"info\">\n<h4>RFI Dise\u00f1o e implementaci\u00f3n del Sistema Nacional de Transparencia<\/h4>\n<p class=\"fst-italic\">161KB<\/p>\n<\/div>\n<p>&nbsp;<\/li>\n<\/ul>\n<\/div>\n<\/div>\n<\/div>\n<\/div>\n<\/div>\n<\/li>\n<\/ul>\n","protected":false},"excerpt":{"rendered":"<p>Programa de Apoyo a la Agenda de Transparencia e Integridad en Rep\u00fablica Dominicana RFI Dise\u00f1o e implementaci\u00f3n del Sistema Nacional de Transparencia Ver Documentos Enmienda RFI Dise\u00f1o e implementaci\u00f3n del Sistema Nacional de Transparencia 2732025 162KB &nbsp; RFI Dise\u00f1o e implementaci\u00f3n del Sistema Nacional de Transparencia 161KB &nbsp;<\/p>\n","protected":false},"author":8,"featured_media":0,"parent":13993,"menu_order":0,"comment_status":"closed","ping_status":"closed","template":"archive-rfi-5505.php","meta":{"footnotes":""},"class_list":["post-18650","page","type-page","status-publish","hentry"],"acf":[],"yoast_head":"<!-- This site is optimized with the Yoast SEO plugin v22.8 - https:\/\/yoast.com\/wordpress\/plugins\/seo\/ -->\n<title>Programa BID-MH-CGR (5505\/OC-DR) | Requerimiento de Informaci\u00f3n (RFI) para Contratos Marco - Ministerio de Hacienda y Econom\u00eda<\/title>\n<meta name=\"description\" content=\"Accede al requerimiento de Informaci\u00f3n (RFI) para Contratos Marco Programa BID-MH-CGR (5505\/OC-DR) del Ministerio de Hacienda y Econom\u00eda.\" \/>\n<meta name=\"robots\" content=\"index, follow, max-snippet:-1, max-image-preview:large, max-video-preview:-1\" \/>\n<link rel=\"canonical\" href=\"https:\/\/www.hacienda.gob.do\/transparencia\/proyectos-y-programas\/bid-mh-cgr-5505-oc-dr\/requerimiento-de-informacion-rfi-para-contratos-marco\/\" \/>\n<meta name=\"twitter:label1\" content=\"Est. reading time\" \/>\n\t<meta name=\"twitter:data1\" content=\"1 minuto\" \/>\n<script type=\"application\/ld+json\" class=\"yoast-schema-graph\">{\"@context\":\"https:\/\/schema.org\",\"@graph\":[{\"@type\":\"WebPage\",\"@id\":\"https:\/\/www.hacienda.gob.do\/transparencia\/proyectos-y-programas\/bid-mh-cgr-5505-oc-dr\/requerimiento-de-informacion-rfi-para-contratos-marco\/\",\"url\":\"https:\/\/www.hacienda.gob.do\/transparencia\/proyectos-y-programas\/bid-mh-cgr-5505-oc-dr\/requerimiento-de-informacion-rfi-para-contratos-marco\/\",\"name\":\"Programa BID-MH-CGR (5505\/OC-DR) | Requerimiento de Informaci\u00f3n (RFI) para Contratos Marco - Ministerio de Hacienda y Econom\u00eda\",\"isPartOf\":{\"@id\":\"https:\/\/www.hacienda.gob.do\/transparencia\/#website\"},\"datePublished\":\"2025-03-13T15:03:39+00:00\",\"dateModified\":\"2026-01-28T15:29:49+00:00\",\"description\":\"Accede al requerimiento de Informaci\u00f3n (RFI) para Contratos Marco Programa BID-MH-CGR (5505\/OC-DR) del Ministerio de Hacienda y Econom\u00eda.\",\"breadcrumb\":{\"@id\":\"https:\/\/www.hacienda.gob.do\/transparencia\/proyectos-y-programas\/bid-mh-cgr-5505-oc-dr\/requerimiento-de-informacion-rfi-para-contratos-marco\/#breadcrumb\"},\"inLanguage\":\"es-DO\",\"potentialAction\":[{\"@type\":\"ReadAction\",\"target\":[\"https:\/\/www.hacienda.gob.do\/transparencia\/proyectos-y-programas\/bid-mh-cgr-5505-oc-dr\/requerimiento-de-informacion-rfi-para-contratos-marco\/\"]}]},{\"@type\":\"BreadcrumbList\",\"@id\":\"https:\/\/www.hacienda.gob.do\/transparencia\/proyectos-y-programas\/bid-mh-cgr-5505-oc-dr\/requerimiento-de-informacion-rfi-para-contratos-marco\/#breadcrumb\",\"itemListElement\":[{\"@type\":\"ListItem\",\"position\":1,\"name\":\"Inicio\",\"item\":\"https:\/\/www.hacienda.gob.do\/\"},{\"@type\":\"ListItem\",\"position\":2,\"name\":\"Transparencia\",\"item\":\"https:\/\/www.hacienda.gob.do\/transparencia\/\"},{\"@type\":\"ListItem\",\"position\":3,\"name\":\"Proyectos y Programas\",\"item\":\"https:\/\/www.hacienda.gob.do\/transparencia\/proyectos-y-programas\/\"},{\"@type\":\"ListItem\",\"position\":4,\"name\":\"Programa BID-MH-CGR (5505\/OC-DR)\",\"item\":\"https:\/\/www.hacienda.gob.do\/transparencia\/proyectos-y-programas\/bid-mh-cgr-5505-oc-dr\/\"},{\"@type\":\"ListItem\",\"position\":5,\"name\":\"Programa BID-MH-CGR (5505\/OC-DR) | Requerimiento de Informaci\u00f3n (RFI) para Contratos Marco\"}]},{\"@type\":\"WebSite\",\"@id\":\"https:\/\/www.hacienda.gob.do\/transparencia\/#website\",\"url\":\"https:\/\/www.hacienda.gob.do\/transparencia\/\",\"name\":\"Transparencia Institucional - Ministerio de Hacienda y Econom\u00eda\",\"description\":\"\",\"publisher\":{\"@id\":\"https:\/\/www.hacienda.gob.do\/transparencia\/#organization\"},\"alternateName\":\"Transparencia MHE\",\"potentialAction\":[{\"@type\":\"SearchAction\",\"target\":{\"@type\":\"EntryPoint\",\"urlTemplate\":\"https:\/\/www.hacienda.gob.do\/transparencia\/?s={search_term_string}\"},\"query-input\":\"required name=search_term_string\"}],\"inLanguage\":\"es-DO\"},{\"@type\":\"Organization\",\"@id\":\"https:\/\/www.hacienda.gob.do\/transparencia\/#organization\",\"name\":\"Ministerio de Hacienda y Econom\u00eda de Republica Dominicana\",\"alternateName\":\"MHE\",\"url\":\"https:\/\/www.hacienda.gob.do\/transparencia\/\",\"logo\":{\"@type\":\"ImageObject\",\"inLanguage\":\"es-DO\",\"@id\":\"https:\/\/www.hacienda.gob.do\/transparencia\/#\/schema\/logo\/image\/\",\"url\":\"https:\/\/www.hacienda.gob.do\/transparencia\/wp-content\/uploads\/2025\/09\/Logo-MHE.png\",\"contentUrl\":\"https:\/\/www.hacienda.gob.do\/transparencia\/wp-content\/uploads\/2025\/09\/Logo-MHE.png\",\"width\":696,\"height\":696,\"caption\":\"Ministerio de Hacienda y Econom\u00eda de Republica Dominicana\"},\"image\":{\"@id\":\"https:\/\/www.hacienda.gob.do\/transparencia\/#\/schema\/logo\/image\/\"},\"sameAs\":[\"https:\/\/web.facebook.com\/MinHaciendaRD\"]}]}<\/script>\n<!-- \/ Yoast SEO plugin. -->","yoast_head_json":{"title":"Programa BID-MH-CGR (5505\/OC-DR) | Requerimiento de Informaci\u00f3n (RFI) para Contratos Marco - Ministerio de Hacienda y Econom\u00eda","description":"Accede al requerimiento de Informaci\u00f3n (RFI) para Contratos Marco Programa BID-MH-CGR (5505\/OC-DR) del Ministerio de Hacienda y Econom\u00eda.","robots":{"index":"index","follow":"follow","max-snippet":"max-snippet:-1","max-image-preview":"max-image-preview:large","max-video-preview":"max-video-preview:-1"},"canonical":"https:\/\/www.hacienda.gob.do\/transparencia\/proyectos-y-programas\/bid-mh-cgr-5505-oc-dr\/requerimiento-de-informacion-rfi-para-contratos-marco\/","twitter_misc":{"Est. reading time":"1 minuto"},"schema":{"@context":"https:\/\/schema.org","@graph":[{"@type":"WebPage","@id":"https:\/\/www.hacienda.gob.do\/transparencia\/proyectos-y-programas\/bid-mh-cgr-5505-oc-dr\/requerimiento-de-informacion-rfi-para-contratos-marco\/","url":"https:\/\/www.hacienda.gob.do\/transparencia\/proyectos-y-programas\/bid-mh-cgr-5505-oc-dr\/requerimiento-de-informacion-rfi-para-contratos-marco\/","name":"Programa BID-MH-CGR (5505\/OC-DR) | Requerimiento de Informaci\u00f3n (RFI) para Contratos Marco - Ministerio de Hacienda y Econom\u00eda","isPartOf":{"@id":"https:\/\/www.hacienda.gob.do\/transparencia\/#website"},"datePublished":"2025-03-13T15:03:39+00:00","dateModified":"2026-01-28T15:29:49+00:00","description":"Accede al requerimiento de Informaci\u00f3n (RFI) para Contratos Marco Programa BID-MH-CGR (5505\/OC-DR) del Ministerio de Hacienda y Econom\u00eda.","breadcrumb":{"@id":"https:\/\/www.hacienda.gob.do\/transparencia\/proyectos-y-programas\/bid-mh-cgr-5505-oc-dr\/requerimiento-de-informacion-rfi-para-contratos-marco\/#breadcrumb"},"inLanguage":"es-DO","potentialAction":[{"@type":"ReadAction","target":["https:\/\/www.hacienda.gob.do\/transparencia\/proyectos-y-programas\/bid-mh-cgr-5505-oc-dr\/requerimiento-de-informacion-rfi-para-contratos-marco\/"]}]},{"@type":"BreadcrumbList","@id":"https:\/\/www.hacienda.gob.do\/transparencia\/proyectos-y-programas\/bid-mh-cgr-5505-oc-dr\/requerimiento-de-informacion-rfi-para-contratos-marco\/#breadcrumb","itemListElement":[{"@type":"ListItem","position":1,"name":"Inicio","item":"https:\/\/www.hacienda.gob.do\/"},{"@type":"ListItem","position":2,"name":"Transparencia","item":"https:\/\/www.hacienda.gob.do\/transparencia\/"},{"@type":"ListItem","position":3,"name":"Proyectos y Programas","item":"https:\/\/www.hacienda.gob.do\/transparencia\/proyectos-y-programas\/"},{"@type":"ListItem","position":4,"name":"Programa BID-MH-CGR (5505\/OC-DR)","item":"https:\/\/www.hacienda.gob.do\/transparencia\/proyectos-y-programas\/bid-mh-cgr-5505-oc-dr\/"},{"@type":"ListItem","position":5,"name":"Programa BID-MH-CGR (5505\/OC-DR) | Requerimiento de Informaci\u00f3n (RFI) para Contratos Marco"}]},{"@type":"WebSite","@id":"https:\/\/www.hacienda.gob.do\/transparencia\/#website","url":"https:\/\/www.hacienda.gob.do\/transparencia\/","name":"Transparencia Institucional - Ministerio de Hacienda y Econom\u00eda","description":"","publisher":{"@id":"https:\/\/www.hacienda.gob.do\/transparencia\/#organization"},"alternateName":"Transparencia MHE","potentialAction":[{"@type":"SearchAction","target":{"@type":"EntryPoint","urlTemplate":"https:\/\/www.hacienda.gob.do\/transparencia\/?s={search_term_string}"},"query-input":"required name=search_term_string"}],"inLanguage":"es-DO"},{"@type":"Organization","@id":"https:\/\/www.hacienda.gob.do\/transparencia\/#organization","name":"Ministerio de Hacienda y Econom\u00eda de Republica Dominicana","alternateName":"MHE","url":"https:\/\/www.hacienda.gob.do\/transparencia\/","logo":{"@type":"ImageObject","inLanguage":"es-DO","@id":"https:\/\/www.hacienda.gob.do\/transparencia\/#\/schema\/logo\/image\/","url":"https:\/\/www.hacienda.gob.do\/transparencia\/wp-content\/uploads\/2025\/09\/Logo-MHE.png","contentUrl":"https:\/\/www.hacienda.gob.do\/transparencia\/wp-content\/uploads\/2025\/09\/Logo-MHE.png","width":696,"height":696,"caption":"Ministerio de Hacienda y Econom\u00eda de Republica Dominicana"},"image":{"@id":"https:\/\/www.hacienda.gob.do\/transparencia\/#\/schema\/logo\/image\/"},"sameAs":["https:\/\/web.facebook.com\/MinHaciendaRD"]}]}},"_links":{"self":[{"href":"https:\/\/www.hacienda.gob.do\/transparencia\/wp-json\/wp\/v2\/pages\/18650","targetHints":{"allow":["GET"]}}],"collection":[{"href":"https:\/\/www.hacienda.gob.do\/transparencia\/wp-json\/wp\/v2\/pages"}],"about":[{"href":"https:\/\/www.hacienda.gob.do\/transparencia\/wp-json\/wp\/v2\/types\/page"}],"author":[{"embeddable":true,"href":"https:\/\/www.hacienda.gob.do\/transparencia\/wp-json\/wp\/v2\/users\/8"}],"replies":[{"embeddable":true,"href":"https:\/\/www.hacienda.gob.do\/transparencia\/wp-json\/wp\/v2\/comments?post=18650"}],"version-history":[{"count":11,"href":"https:\/\/www.hacienda.gob.do\/transparencia\/wp-json\/wp\/v2\/pages\/18650\/revisions"}],"predecessor-version":[{"id":20748,"href":"https:\/\/www.hacienda.gob.do\/transparencia\/wp-json\/wp\/v2\/pages\/18650\/revisions\/20748"}],"up":[{"embeddable":true,"href":"https:\/\/www.hacienda.gob.do\/transparencia\/wp-json\/wp\/v2\/pages\/13993"}],"wp:attachment":[{"href":"https:\/\/www.hacienda.gob.do\/transparencia\/wp-json\/wp\/v2\/media?parent=18650"}],"curies":[{"name":"wp","href":"https:\/\/api.w.org\/{rel}","templated":true}]}}