{"id":19716,"date":"2024-08-26T11:18:26","date_gmt":"2024-08-26T15:18:26","guid":{"rendered":"https:\/\/transparencia.hacienda.gob.do\/proyectos-y-programas\/programa-bid-mh-cgr-5505-oc-dr\/seleccion-basada-en-la-calificacion-de-los-consultores-scc-2\/"},"modified":"2026-01-28T08:37:51","modified_gmt":"2026-01-28T12:37:51","slug":"seleccion-basada-en-calidad-y-costo-sbcc","status":"publish","type":"page","link":"https:\/\/www.hacienda.gob.do\/transparencia\/proyectos-y-programas\/bid-mh-cgr-5505-oc-dr\/seleccion-basada-en-calidad-y-costo-sbcc\/","title":{"rendered":"Selecci\u00f3n Basada en Calidad y Costo (SBCC)"},"content":{"rendered":"<ul id=\"documents\" class=\"grid docs-list list-unstyled\" style=\"position: relative; height: 174.602px;\">\n<li class=\"element-item month-1 year-2019 page-1\" style=\"width: 100%; position: absolute; left: 0px; top: 0px;\">\n<div class=\"direct-card\">\n<div class=\"head\">\n<div class=\"icon\"><img decoding=\"async\" src=\"\/transparencia\/wp-content\/themes\/transparencia\/images\/icon-folder.svg\" \/><\/div>\n<div>\n<h4 class=\"mb-2\">MH-PT-SBCC-2025-001<\/h4>\n<p class=\"mb-2\" style=\"white-space: pre-line;\">Contrataci\u00f3n de una firma el Dise\u00f1o y Gobernanza de la Arquitectura Empresarial y Creaci\u00f3n e Implementaci\u00f3n de la Oficina de Gesti\u00f3n de Valor (VMO) de la Direcci\u00f3n General de Contrataciones P\u00fablicas, Ref. MH-PT-SBCC-2025-001<\/p>\n<\/div>\n<\/div>\n<div class=\"body\">\n<div class=\"accordion\">\n<div class=\"accordion-item m-0\">\n<div class=\"accordion-title\"><i class=\"me-2 fa fa-chevron-down\"><\/i>Ver Documentos<\/div>\n<div id=\"post-5381\" class=\"accordion-content\" style=\"display: none;\">\n<ul class=\"media-list small mb-0 px-2\">\n<li><a href=\"\/transparencia\/wp-content\/uploads\/2025\/09\/Extension-Aviso-Expresion-Interes-Arquitectura-Empresarial-y-VMO.pdf\" download=\"\"><img decoding=\"async\" class=\"thumb\" src=\"\/transparencia\/wp-content\/themes\/transparencia\/images\/icon-pdf.svg\" \/>\n<div class=\"info\">\n<h4>Extensi\u00f3n Aviso Expresion Interes Arquitectura Empresarial y VMO<\/h4>\n<p class=\"fst-italic\">262KB<\/p>\n<\/div>\n<p><\/a>\n<\/li>\n<li><a href=\"\/transparencia\/wp-content\/uploads\/2025\/08\/Aviso-Expresion-Interes-Arquitectura-Empresarial-y-VMO-21082025-.pdf\" download=\"\"><img decoding=\"async\" class=\"thumb\" src=\"\/transparencia\/wp-content\/themes\/transparencia\/images\/icon-pdf.svg\" \/>\n<div class=\"info\">\n<h4>Aviso Expresion Interes Arquitectura Empresarial y VMO 14082025<\/h4>\n<p class=\"fst-italic\">262KB<\/p>\n<\/div>\n<p><\/a>\n<\/li>\n<\/ul>\n<\/div>\n<\/div>\n<\/div>\n<\/div>\n<\/div>\n<\/li>\n<\/ul>\n","protected":false},"excerpt":{"rendered":"<p>MH-PT-SBCC-2025-001 Contrataci\u00f3n de una firma el Dise\u00f1o y Gobernanza de la Arquitectura Empresarial y Creaci\u00f3n e Implementaci\u00f3n de la Oficina de Gesti\u00f3n de Valor (VMO) de la Direcci\u00f3n General de Contrataciones P\u00fablicas, Ref. MH-PT-SBCC-2025-001 Ver Documentos Extensi\u00f3n Aviso Expresion Interes Arquitectura Empresarial y VMO 262KB Aviso Expresion Interes Arquitectura Empresarial y VMO 14082025 262KB<\/p>\n","protected":false},"author":3,"featured_media":0,"parent":13993,"menu_order":0,"comment_status":"closed","ping_status":"closed","template":"archive-sbcc-5505.php","meta":{"footnotes":""},"class_list":["post-19716","page","type-page","status-publish","hentry"],"acf":[],"yoast_head":"<!-- This site is optimized with the Yoast SEO plugin v22.8 - https:\/\/yoast.com\/wordpress\/plugins\/seo\/ -->\n<title>Selecci\u00f3n Basada en Calidad y Costo (SBCC) - Ministerio de Hacienda y Econom\u00eda<\/title>\n<meta name=\"description\" content=\"Accede a comunicados y publicaciones oficiales del Portal de Transparencia del Ministerio de Hacienda y Econom\u00eda.\" \/>\n<meta name=\"robots\" content=\"index, follow, max-snippet:-1, max-image-preview:large, max-video-preview:-1\" \/>\n<link rel=\"canonical\" href=\"https:\/\/www.hacienda.gob.do\/transparencia\/proyectos-y-programas\/bid-mh-cgr-5505-oc-dr\/seleccion-basada-en-calidad-y-costo-sbcc\/\" \/>\n<meta name=\"twitter:label1\" content=\"Est. reading time\" \/>\n\t<meta name=\"twitter:data1\" content=\"1 minuto\" \/>\n<script type=\"application\/ld+json\" class=\"yoast-schema-graph\">{\"@context\":\"https:\/\/schema.org\",\"@graph\":[{\"@type\":\"WebPage\",\"@id\":\"https:\/\/www.hacienda.gob.do\/transparencia\/proyectos-y-programas\/bid-mh-cgr-5505-oc-dr\/seleccion-basada-en-calidad-y-costo-sbcc\/\",\"url\":\"https:\/\/www.hacienda.gob.do\/transparencia\/proyectos-y-programas\/bid-mh-cgr-5505-oc-dr\/seleccion-basada-en-calidad-y-costo-sbcc\/\",\"name\":\"Selecci\u00f3n Basada en Calidad y Costo (SBCC) - Ministerio de Hacienda y Econom\u00eda\",\"isPartOf\":{\"@id\":\"https:\/\/www.hacienda.gob.do\/transparencia\/#website\"},\"datePublished\":\"2024-08-26T15:18:26+00:00\",\"dateModified\":\"2026-01-28T12:37:51+00:00\",\"description\":\"Accede a comunicados y publicaciones oficiales del Portal de Transparencia del Ministerio de Hacienda y Econom\u00eda.\",\"breadcrumb\":{\"@id\":\"https:\/\/www.hacienda.gob.do\/transparencia\/proyectos-y-programas\/bid-mh-cgr-5505-oc-dr\/seleccion-basada-en-calidad-y-costo-sbcc\/#breadcrumb\"},\"inLanguage\":\"es-DO\",\"potentialAction\":[{\"@type\":\"ReadAction\",\"target\":[\"https:\/\/www.hacienda.gob.do\/transparencia\/proyectos-y-programas\/bid-mh-cgr-5505-oc-dr\/seleccion-basada-en-calidad-y-costo-sbcc\/\"]}]},{\"@type\":\"BreadcrumbList\",\"@id\":\"https:\/\/www.hacienda.gob.do\/transparencia\/proyectos-y-programas\/bid-mh-cgr-5505-oc-dr\/seleccion-basada-en-calidad-y-costo-sbcc\/#breadcrumb\",\"itemListElement\":[{\"@type\":\"ListItem\",\"position\":1,\"name\":\"Inicio\",\"item\":\"https:\/\/www.hacienda.gob.do\/\"},{\"@type\":\"ListItem\",\"position\":2,\"name\":\"Transparencia\",\"item\":\"https:\/\/www.hacienda.gob.do\/transparencia\/\"},{\"@type\":\"ListItem\",\"position\":3,\"name\":\"Proyectos y Programas\",\"item\":\"https:\/\/www.hacienda.gob.do\/transparencia\/proyectos-y-programas\/\"},{\"@type\":\"ListItem\",\"position\":4,\"name\":\"Programa BID-MH-CGR (5505\/OC-DR)\",\"item\":\"https:\/\/www.hacienda.gob.do\/transparencia\/proyectos-y-programas\/bid-mh-cgr-5505-oc-dr\/\"},{\"@type\":\"ListItem\",\"position\":5,\"name\":\"Selecci\u00f3n Basada en Calidad y Costo (SBCC)\"}]},{\"@type\":\"WebSite\",\"@id\":\"https:\/\/www.hacienda.gob.do\/transparencia\/#website\",\"url\":\"https:\/\/www.hacienda.gob.do\/transparencia\/\",\"name\":\"Transparencia Institucional - Ministerio de Hacienda y Econom\u00eda\",\"description\":\"\",\"publisher\":{\"@id\":\"https:\/\/www.hacienda.gob.do\/transparencia\/#organization\"},\"alternateName\":\"Transparencia MHE\",\"potentialAction\":[{\"@type\":\"SearchAction\",\"target\":{\"@type\":\"EntryPoint\",\"urlTemplate\":\"https:\/\/www.hacienda.gob.do\/transparencia\/?s={search_term_string}\"},\"query-input\":\"required name=search_term_string\"}],\"inLanguage\":\"es-DO\"},{\"@type\":\"Organization\",\"@id\":\"https:\/\/www.hacienda.gob.do\/transparencia\/#organization\",\"name\":\"Ministerio de Hacienda y Econom\u00eda de Republica Dominicana\",\"alternateName\":\"MHE\",\"url\":\"https:\/\/www.hacienda.gob.do\/transparencia\/\",\"logo\":{\"@type\":\"ImageObject\",\"inLanguage\":\"es-DO\",\"@id\":\"https:\/\/www.hacienda.gob.do\/transparencia\/#\/schema\/logo\/image\/\",\"url\":\"https:\/\/www.hacienda.gob.do\/transparencia\/wp-content\/uploads\/2025\/09\/Logo-MHE.png\",\"contentUrl\":\"https:\/\/www.hacienda.gob.do\/transparencia\/wp-content\/uploads\/2025\/09\/Logo-MHE.png\",\"width\":696,\"height\":696,\"caption\":\"Ministerio de Hacienda y Econom\u00eda de Republica Dominicana\"},\"image\":{\"@id\":\"https:\/\/www.hacienda.gob.do\/transparencia\/#\/schema\/logo\/image\/\"},\"sameAs\":[\"https:\/\/web.facebook.com\/MinHaciendaRD\"]}]}<\/script>\n<!-- \/ Yoast SEO plugin. -->","yoast_head_json":{"title":"Selecci\u00f3n Basada en Calidad y Costo (SBCC) - Ministerio de Hacienda y Econom\u00eda","description":"Accede a comunicados y publicaciones oficiales del Portal de Transparencia del Ministerio de Hacienda y Econom\u00eda.","robots":{"index":"index","follow":"follow","max-snippet":"max-snippet:-1","max-image-preview":"max-image-preview:large","max-video-preview":"max-video-preview:-1"},"canonical":"https:\/\/www.hacienda.gob.do\/transparencia\/proyectos-y-programas\/bid-mh-cgr-5505-oc-dr\/seleccion-basada-en-calidad-y-costo-sbcc\/","twitter_misc":{"Est. reading time":"1 minuto"},"schema":{"@context":"https:\/\/schema.org","@graph":[{"@type":"WebPage","@id":"https:\/\/www.hacienda.gob.do\/transparencia\/proyectos-y-programas\/bid-mh-cgr-5505-oc-dr\/seleccion-basada-en-calidad-y-costo-sbcc\/","url":"https:\/\/www.hacienda.gob.do\/transparencia\/proyectos-y-programas\/bid-mh-cgr-5505-oc-dr\/seleccion-basada-en-calidad-y-costo-sbcc\/","name":"Selecci\u00f3n Basada en Calidad y Costo (SBCC) - Ministerio de Hacienda y Econom\u00eda","isPartOf":{"@id":"https:\/\/www.hacienda.gob.do\/transparencia\/#website"},"datePublished":"2024-08-26T15:18:26+00:00","dateModified":"2026-01-28T12:37:51+00:00","description":"Accede a comunicados y publicaciones oficiales del Portal de Transparencia del Ministerio de Hacienda y Econom\u00eda.","breadcrumb":{"@id":"https:\/\/www.hacienda.gob.do\/transparencia\/proyectos-y-programas\/bid-mh-cgr-5505-oc-dr\/seleccion-basada-en-calidad-y-costo-sbcc\/#breadcrumb"},"inLanguage":"es-DO","potentialAction":[{"@type":"ReadAction","target":["https:\/\/www.hacienda.gob.do\/transparencia\/proyectos-y-programas\/bid-mh-cgr-5505-oc-dr\/seleccion-basada-en-calidad-y-costo-sbcc\/"]}]},{"@type":"BreadcrumbList","@id":"https:\/\/www.hacienda.gob.do\/transparencia\/proyectos-y-programas\/bid-mh-cgr-5505-oc-dr\/seleccion-basada-en-calidad-y-costo-sbcc\/#breadcrumb","itemListElement":[{"@type":"ListItem","position":1,"name":"Inicio","item":"https:\/\/www.hacienda.gob.do\/"},{"@type":"ListItem","position":2,"name":"Transparencia","item":"https:\/\/www.hacienda.gob.do\/transparencia\/"},{"@type":"ListItem","position":3,"name":"Proyectos y Programas","item":"https:\/\/www.hacienda.gob.do\/transparencia\/proyectos-y-programas\/"},{"@type":"ListItem","position":4,"name":"Programa BID-MH-CGR (5505\/OC-DR)","item":"https:\/\/www.hacienda.gob.do\/transparencia\/proyectos-y-programas\/bid-mh-cgr-5505-oc-dr\/"},{"@type":"ListItem","position":5,"name":"Selecci\u00f3n Basada en Calidad y Costo (SBCC)"}]},{"@type":"WebSite","@id":"https:\/\/www.hacienda.gob.do\/transparencia\/#website","url":"https:\/\/www.hacienda.gob.do\/transparencia\/","name":"Transparencia Institucional - Ministerio de Hacienda y Econom\u00eda","description":"","publisher":{"@id":"https:\/\/www.hacienda.gob.do\/transparencia\/#organization"},"alternateName":"Transparencia MHE","potentialAction":[{"@type":"SearchAction","target":{"@type":"EntryPoint","urlTemplate":"https:\/\/www.hacienda.gob.do\/transparencia\/?s={search_term_string}"},"query-input":"required name=search_term_string"}],"inLanguage":"es-DO"},{"@type":"Organization","@id":"https:\/\/www.hacienda.gob.do\/transparencia\/#organization","name":"Ministerio de Hacienda y Econom\u00eda de Republica Dominicana","alternateName":"MHE","url":"https:\/\/www.hacienda.gob.do\/transparencia\/","logo":{"@type":"ImageObject","inLanguage":"es-DO","@id":"https:\/\/www.hacienda.gob.do\/transparencia\/#\/schema\/logo\/image\/","url":"https:\/\/www.hacienda.gob.do\/transparencia\/wp-content\/uploads\/2025\/09\/Logo-MHE.png","contentUrl":"https:\/\/www.hacienda.gob.do\/transparencia\/wp-content\/uploads\/2025\/09\/Logo-MHE.png","width":696,"height":696,"caption":"Ministerio de Hacienda y Econom\u00eda de Republica Dominicana"},"image":{"@id":"https:\/\/www.hacienda.gob.do\/transparencia\/#\/schema\/logo\/image\/"},"sameAs":["https:\/\/web.facebook.com\/MinHaciendaRD"]}]}},"_links":{"self":[{"href":"https:\/\/www.hacienda.gob.do\/transparencia\/wp-json\/wp\/v2\/pages\/19716","targetHints":{"allow":["GET"]}}],"collection":[{"href":"https:\/\/www.hacienda.gob.do\/transparencia\/wp-json\/wp\/v2\/pages"}],"about":[{"href":"https:\/\/www.hacienda.gob.do\/transparencia\/wp-json\/wp\/v2\/types\/page"}],"author":[{"embeddable":true,"href":"https:\/\/www.hacienda.gob.do\/transparencia\/wp-json\/wp\/v2\/users\/3"}],"replies":[{"embeddable":true,"href":"https:\/\/www.hacienda.gob.do\/transparencia\/wp-json\/wp\/v2\/comments?post=19716"}],"version-history":[{"count":9,"href":"https:\/\/www.hacienda.gob.do\/transparencia\/wp-json\/wp\/v2\/pages\/19716\/revisions"}],"predecessor-version":[{"id":20108,"href":"https:\/\/www.hacienda.gob.do\/transparencia\/wp-json\/wp\/v2\/pages\/19716\/revisions\/20108"}],"up":[{"embeddable":true,"href":"https:\/\/www.hacienda.gob.do\/transparencia\/wp-json\/wp\/v2\/pages\/13993"}],"wp:attachment":[{"href":"https:\/\/www.hacienda.gob.do\/transparencia\/wp-json\/wp\/v2\/media?parent=19716"}],"curies":[{"name":"wp","href":"https:\/\/api.w.org\/{rel}","templated":true}]}}