{"id":21110,"date":"2026-03-16T14:11:25","date_gmt":"2026-03-16T18:11:25","guid":{"rendered":"https:\/\/www.hacienda.gob.do\/transparencia\/?page_id=21110"},"modified":"2026-03-16T14:12:03","modified_gmt":"2026-03-16T18:12:03","slug":"consultorias-individuales","status":"publish","type":"page","link":"https:\/\/www.hacienda.gob.do\/transparencia\/proyectos-y-programas\/modernizacion-para-el-sector-agua-potable-y-saneamiento\/consultorias-individuales\/","title":{"rendered":"Consultor\u00edas Individuales Modernizaci\u00f3n para el sector Agua Potable y Saneamiento"},"content":{"rendered":"","protected":false},"excerpt":{"rendered":"","protected":false},"author":8,"featured_media":0,"parent":20876,"menu_order":0,"comment_status":"closed","ping_status":"closed","template":"archive-consultoria-agua.php","meta":{"footnotes":""},"class_list":["post-21110","page","type-page","status-publish","hentry"],"acf":[],"yoast_head":"<!-- This site is optimized with the Yoast SEO plugin v22.8 - https:\/\/yoast.com\/wordpress\/plugins\/seo\/ -->\n<title>Consultor\u00edas Individuales Modernizaci\u00f3n para el sector Agua Potable y Saneamiento - Ministerio de Hacienda y Econom\u00eda<\/title>\n<meta name=\"description\" content=\"Accede a comunicados y publicaciones oficiales del Portal de Transparencia del Ministerio de Hacienda y Econom\u00eda.\" \/>\n<meta name=\"robots\" content=\"index, follow, max-snippet:-1, max-image-preview:large, max-video-preview:-1\" \/>\n<link rel=\"canonical\" href=\"https:\/\/www.hacienda.gob.do\/transparencia\/proyectos-y-programas\/modernizacion-para-el-sector-agua-potable-y-saneamiento\/consultorias-individuales\/\" \/>\n<script type=\"application\/ld+json\" class=\"yoast-schema-graph\">{\"@context\":\"https:\/\/schema.org\",\"@graph\":[{\"@type\":\"WebPage\",\"@id\":\"https:\/\/www.hacienda.gob.do\/transparencia\/proyectos-y-programas\/modernizacion-para-el-sector-agua-potable-y-saneamiento\/consultorias-individuales\/\",\"url\":\"https:\/\/www.hacienda.gob.do\/transparencia\/proyectos-y-programas\/modernizacion-para-el-sector-agua-potable-y-saneamiento\/consultorias-individuales\/\",\"name\":\"Consultor\u00edas Individuales Modernizaci\u00f3n para el sector Agua Potable y Saneamiento - Ministerio de Hacienda y Econom\u00eda\",\"isPartOf\":{\"@id\":\"https:\/\/www.hacienda.gob.do\/transparencia\/#website\"},\"datePublished\":\"2026-03-16T18:11:25+00:00\",\"dateModified\":\"2026-03-16T18:12:03+00:00\",\"description\":\"Accede a comunicados y publicaciones oficiales del Portal de Transparencia del Ministerio de Hacienda y Econom\u00eda.\",\"breadcrumb\":{\"@id\":\"https:\/\/www.hacienda.gob.do\/transparencia\/proyectos-y-programas\/modernizacion-para-el-sector-agua-potable-y-saneamiento\/consultorias-individuales\/#breadcrumb\"},\"inLanguage\":\"es-DO\",\"potentialAction\":[{\"@type\":\"ReadAction\",\"target\":[\"https:\/\/www.hacienda.gob.do\/transparencia\/proyectos-y-programas\/modernizacion-para-el-sector-agua-potable-y-saneamiento\/consultorias-individuales\/\"]}]},{\"@type\":\"BreadcrumbList\",\"@id\":\"https:\/\/www.hacienda.gob.do\/transparencia\/proyectos-y-programas\/modernizacion-para-el-sector-agua-potable-y-saneamiento\/consultorias-individuales\/#breadcrumb\",\"itemListElement\":[{\"@type\":\"ListItem\",\"position\":1,\"name\":\"Inicio\",\"item\":\"https:\/\/www.hacienda.gob.do\/\"},{\"@type\":\"ListItem\",\"position\":2,\"name\":\"Transparencia\",\"item\":\"https:\/\/www.hacienda.gob.do\/transparencia\/\"},{\"@type\":\"ListItem\",\"position\":3,\"name\":\"Proyectos y Programas\",\"item\":\"https:\/\/www.hacienda.gob.do\/transparencia\/proyectos-y-programas\/\"},{\"@type\":\"ListItem\",\"position\":4,\"name\":\"Programa de Modernizaci\u00f3n para el sector Agua Potable y Saneamiento\",\"item\":\"https:\/\/www.hacienda.gob.do\/transparencia\/proyectos-y-programas\/modernizacion-para-el-sector-agua-potable-y-saneamiento\/\"},{\"@type\":\"ListItem\",\"position\":5,\"name\":\"Consultor\u00edas Individuales Modernizaci\u00f3n para el sector Agua Potable y Saneamiento\"}]},{\"@type\":\"WebSite\",\"@id\":\"https:\/\/www.hacienda.gob.do\/transparencia\/#website\",\"url\":\"https:\/\/www.hacienda.gob.do\/transparencia\/\",\"name\":\"Transparencia Institucional - Ministerio de Hacienda y Econom\u00eda\",\"description\":\"\",\"publisher\":{\"@id\":\"https:\/\/www.hacienda.gob.do\/transparencia\/#organization\"},\"alternateName\":\"Transparencia MHE\",\"potentialAction\":[{\"@type\":\"SearchAction\",\"target\":{\"@type\":\"EntryPoint\",\"urlTemplate\":\"https:\/\/www.hacienda.gob.do\/transparencia\/?s={search_term_string}\"},\"query-input\":\"required name=search_term_string\"}],\"inLanguage\":\"es-DO\"},{\"@type\":\"Organization\",\"@id\":\"https:\/\/www.hacienda.gob.do\/transparencia\/#organization\",\"name\":\"Ministerio de Hacienda y Econom\u00eda de Republica Dominicana\",\"alternateName\":\"MHE\",\"url\":\"https:\/\/www.hacienda.gob.do\/transparencia\/\",\"logo\":{\"@type\":\"ImageObject\",\"inLanguage\":\"es-DO\",\"@id\":\"https:\/\/www.hacienda.gob.do\/transparencia\/#\/schema\/logo\/image\/\",\"url\":\"https:\/\/www.hacienda.gob.do\/transparencia\/wp-content\/uploads\/2025\/09\/Logo-MHE.png\",\"contentUrl\":\"https:\/\/www.hacienda.gob.do\/transparencia\/wp-content\/uploads\/2025\/09\/Logo-MHE.png\",\"width\":696,\"height\":696,\"caption\":\"Ministerio de Hacienda y Econom\u00eda de Republica Dominicana\"},\"image\":{\"@id\":\"https:\/\/www.hacienda.gob.do\/transparencia\/#\/schema\/logo\/image\/\"},\"sameAs\":[\"https:\/\/web.facebook.com\/MinHaciendaRD\"]}]}<\/script>\n<!-- \/ Yoast SEO plugin. -->","yoast_head_json":{"title":"Consultor\u00edas Individuales Modernizaci\u00f3n para el sector Agua Potable y Saneamiento - Ministerio de Hacienda y Econom\u00eda","description":"Accede a comunicados y publicaciones oficiales del Portal de Transparencia del Ministerio de Hacienda y Econom\u00eda.","robots":{"index":"index","follow":"follow","max-snippet":"max-snippet:-1","max-image-preview":"max-image-preview:large","max-video-preview":"max-video-preview:-1"},"canonical":"https:\/\/www.hacienda.gob.do\/transparencia\/proyectos-y-programas\/modernizacion-para-el-sector-agua-potable-y-saneamiento\/consultorias-individuales\/","schema":{"@context":"https:\/\/schema.org","@graph":[{"@type":"WebPage","@id":"https:\/\/www.hacienda.gob.do\/transparencia\/proyectos-y-programas\/modernizacion-para-el-sector-agua-potable-y-saneamiento\/consultorias-individuales\/","url":"https:\/\/www.hacienda.gob.do\/transparencia\/proyectos-y-programas\/modernizacion-para-el-sector-agua-potable-y-saneamiento\/consultorias-individuales\/","name":"Consultor\u00edas Individuales Modernizaci\u00f3n para el sector Agua Potable y Saneamiento - Ministerio de Hacienda y Econom\u00eda","isPartOf":{"@id":"https:\/\/www.hacienda.gob.do\/transparencia\/#website"},"datePublished":"2026-03-16T18:11:25+00:00","dateModified":"2026-03-16T18:12:03+00:00","description":"Accede a comunicados y publicaciones oficiales del Portal de Transparencia del Ministerio de Hacienda y Econom\u00eda.","breadcrumb":{"@id":"https:\/\/www.hacienda.gob.do\/transparencia\/proyectos-y-programas\/modernizacion-para-el-sector-agua-potable-y-saneamiento\/consultorias-individuales\/#breadcrumb"},"inLanguage":"es-DO","potentialAction":[{"@type":"ReadAction","target":["https:\/\/www.hacienda.gob.do\/transparencia\/proyectos-y-programas\/modernizacion-para-el-sector-agua-potable-y-saneamiento\/consultorias-individuales\/"]}]},{"@type":"BreadcrumbList","@id":"https:\/\/www.hacienda.gob.do\/transparencia\/proyectos-y-programas\/modernizacion-para-el-sector-agua-potable-y-saneamiento\/consultorias-individuales\/#breadcrumb","itemListElement":[{"@type":"ListItem","position":1,"name":"Inicio","item":"https:\/\/www.hacienda.gob.do\/"},{"@type":"ListItem","position":2,"name":"Transparencia","item":"https:\/\/www.hacienda.gob.do\/transparencia\/"},{"@type":"ListItem","position":3,"name":"Proyectos y Programas","item":"https:\/\/www.hacienda.gob.do\/transparencia\/proyectos-y-programas\/"},{"@type":"ListItem","position":4,"name":"Programa de Modernizaci\u00f3n para el sector Agua Potable y Saneamiento","item":"https:\/\/www.hacienda.gob.do\/transparencia\/proyectos-y-programas\/modernizacion-para-el-sector-agua-potable-y-saneamiento\/"},{"@type":"ListItem","position":5,"name":"Consultor\u00edas Individuales Modernizaci\u00f3n para el sector Agua Potable y Saneamiento"}]},{"@type":"WebSite","@id":"https:\/\/www.hacienda.gob.do\/transparencia\/#website","url":"https:\/\/www.hacienda.gob.do\/transparencia\/","name":"Transparencia Institucional - Ministerio de Hacienda y Econom\u00eda","description":"","publisher":{"@id":"https:\/\/www.hacienda.gob.do\/transparencia\/#organization"},"alternateName":"Transparencia MHE","potentialAction":[{"@type":"SearchAction","target":{"@type":"EntryPoint","urlTemplate":"https:\/\/www.hacienda.gob.do\/transparencia\/?s={search_term_string}"},"query-input":"required name=search_term_string"}],"inLanguage":"es-DO"},{"@type":"Organization","@id":"https:\/\/www.hacienda.gob.do\/transparencia\/#organization","name":"Ministerio de Hacienda y Econom\u00eda de Republica Dominicana","alternateName":"MHE","url":"https:\/\/www.hacienda.gob.do\/transparencia\/","logo":{"@type":"ImageObject","inLanguage":"es-DO","@id":"https:\/\/www.hacienda.gob.do\/transparencia\/#\/schema\/logo\/image\/","url":"https:\/\/www.hacienda.gob.do\/transparencia\/wp-content\/uploads\/2025\/09\/Logo-MHE.png","contentUrl":"https:\/\/www.hacienda.gob.do\/transparencia\/wp-content\/uploads\/2025\/09\/Logo-MHE.png","width":696,"height":696,"caption":"Ministerio de Hacienda y Econom\u00eda de Republica Dominicana"},"image":{"@id":"https:\/\/www.hacienda.gob.do\/transparencia\/#\/schema\/logo\/image\/"},"sameAs":["https:\/\/web.facebook.com\/MinHaciendaRD"]}]}},"_links":{"self":[{"href":"https:\/\/www.hacienda.gob.do\/transparencia\/wp-json\/wp\/v2\/pages\/21110","targetHints":{"allow":["GET"]}}],"collection":[{"href":"https:\/\/www.hacienda.gob.do\/transparencia\/wp-json\/wp\/v2\/pages"}],"about":[{"href":"https:\/\/www.hacienda.gob.do\/transparencia\/wp-json\/wp\/v2\/types\/page"}],"author":[{"embeddable":true,"href":"https:\/\/www.hacienda.gob.do\/transparencia\/wp-json\/wp\/v2\/users\/8"}],"replies":[{"embeddable":true,"href":"https:\/\/www.hacienda.gob.do\/transparencia\/wp-json\/wp\/v2\/comments?post=21110"}],"version-history":[{"count":1,"href":"https:\/\/www.hacienda.gob.do\/transparencia\/wp-json\/wp\/v2\/pages\/21110\/revisions"}],"predecessor-version":[{"id":21111,"href":"https:\/\/www.hacienda.gob.do\/transparencia\/wp-json\/wp\/v2\/pages\/21110\/revisions\/21111"}],"up":[{"embeddable":true,"href":"https:\/\/www.hacienda.gob.do\/transparencia\/wp-json\/wp\/v2\/pages\/20876"}],"wp:attachment":[{"href":"https:\/\/www.hacienda.gob.do\/transparencia\/wp-json\/wp\/v2\/media?parent=21110"}],"curies":[{"name":"wp","href":"https:\/\/api.w.org\/{rel}","templated":true}]}}