{"id":310,"date":"2022-11-11T10:04:55","date_gmt":"2022-11-11T14:04:55","guid":{"rendered":"http:\/\/transparencia-hacienda.local\/?page_id=310"},"modified":"2025-09-04T12:18:54","modified_gmt":"2025-09-04T16:18:54","slug":"derechos-de-los-ciudadanos-de-acceder-a-la-informacion-publica","status":"publish","type":"page","link":"https:\/\/www.hacienda.gob.do\/transparencia\/oficina-de-libre-acceso-a-la-informacion\/derechos-de-los-ciudadanos-de-acceder-a-la-informacion-publica\/","title":{"rendered":"Derechos de los Ciudadanos de acceder a la Informaci\u00f3n P\u00fablica"},"content":{"rendered":"<p><em>Todo ciudadano(a) tiene derecho a:<\/em><\/p>\n<ul class=\"card-list\">\n<li>\n<div class=\"icon\"><img decoding=\"async\" src=\"\/transparencia\/wp-content\/uploads\/2023\/03\/icon-solicitar.svg\" \/><\/div>\n<p><strong style=\"\n    color: #4ca7f8;\n\">SOLICITAR | <\/strong>Informaci\u00f3n de cualquier \u00f3rgano del Estado Dominicano y de todas las sociedades an\u00f3nimas, compa\u00f1\u00edas an\u00f3nimas o compa\u00f1\u00edas por acciones con participaci\u00f3n estatal.<\/li>\n<li>\n<div class=\"icon\"><img decoding=\"async\" src=\"\/transparencia\/wp-content\/uploads\/2023\/03\/icon-recibir.svg\" \/><\/div>\n<p><strong style=\"\n    color: #4ca7f8;\n\">RECIBIR | <\/strong>informaci\u00f3n completa, veraz, adecuada y oportuna de cualquier \u00f3rgano del Estado Dominicano y de todas las sociedades an\u00f3nimas, compa\u00f1\u00edas an\u00f3nimas o compa\u00f1\u00edas por acciones con participaci\u00f3n estatal.<\/li>\n<li>\n<div class=\"icon\"><img decoding=\"async\" src=\"\/transparencia\/wp-content\/uploads\/2023\/03\/icon-acceso.svg\" alt=\"\" \/><\/div>\n<p><strong style=\"\n    color: #4ca7f8;\n\">ACCESO | <\/strong>gratuito a la informaci\u00f3n en tanto que no requiera reproducci\u00f3n de la misma.<\/li>\n<li>\n<div class=\"icon\"><img decoding=\"async\" src=\"\/transparencia\/wp-content\/uploads\/2023\/03\/icon-build.svg\" alt=\"\" \/><\/div>\n<p><strong style=\"color: #4ca7f8;\">SOLICITAR, RECIBIR Y DIFUNDIR | <\/strong>informaciones pertenecientes a la administraci\u00f3n del Estado.<\/li>\n<li>\n<div class=\"icon\"><img decoding=\"async\" src=\"\/transparencia\/wp-content\/uploads\/2023\/03\/icon-conocer.svg\" alt=\"\" \/><\/div>\n<p><strong style=\"color: #4ca7f8;\">CONOCER |<\/strong> los proyectos de reglamentos y otras disposiciones de car\u00e1cter general que rigen las relaciones entre los particulares y la administraci\u00f3n.<\/li>\n<li>\n<div class=\"icon\"><img decoding=\"async\" src=\"\/transparencia\/wp-content\/uploads\/2023\/03\/icon-obtener.svg\" alt=\"\" \/><\/div>\n<p><strong style=\"color: #4ca7f8;\">OBTENER |<\/strong> informaci\u00f3n sobre los servicios que ofrece el Estado, requisitos costos.<\/li>\n<li>\n<div class=\"icon\"><img decoding=\"async\" src=\"\/transparencia\/wp-content\/uploads\/2023\/03\/icon-saber.svg\" alt=\"\" \/><\/div>\n<p><strong style=\"color: #4ca7f8;\">SABER |<\/strong>  la estructura, integrantes, normativas de funcionamiento, proyectos, informes de gesti\u00f3n, y bases de datos de la administraci\u00f3n p\u00fablica.<\/li>\n<li>\n<div class=\"icon\"><img decoding=\"async\" src=\"\/transparencia\/wp-content\/uploads\/2023\/03\/icon-hadpaper.svg\" alt=\"\" \/><\/div>\n<p><strong style=\"color: #4ca7f8;\">CONOCER |<\/strong> sobre los presupuestos y c\u00e1lculos de recursos y gastos aprobados, su evoluci\u00f3n y estado de ejecuci\u00f3n.<\/li>\n<li>\n<div class=\"icon\"><img decoding=\"async\" src=\"\/transparencia\/wp-content\/uploads\/2023\/03\/icon-projectchart.svg\" alt=\"\" \/><\/div>\n<p><strong style=\"color: #4ca7f8;\">TENER |<\/strong>  informaci\u00f3n sobre los programas y proyectos, sus presupuestos, plazos, ejecuci\u00f3n y supervisi\u00f3n.<\/li>\n<li>\n<div class=\"icon\"><img decoding=\"async\" src=\"\/transparencia\/wp-content\/uploads\/2023\/03\/icon-shopcar.svg\" alt=\"\" \/><\/div>\n<p><strong style=\"color: #4ca7f8;\">ESTAR AL TANTO |<\/strong>   sobre las licitaciones, concursos, compras, gastos y resultados.<\/li>\n<li>\n<div class=\"icon\"><img decoding=\"async\" src=\"\/transparencia\/wp-content\/uploads\/2023\/03\/icon-handcoin.svg\" alt=\"\" \/><\/div>\n<p><strong style=\"color: #4ca7f8;\">ACCEDER |<\/strong>  a la n\u00f3mina del Estado y sus remuneraciones.<\/li>\n<li>\n<div class=\"icon\"><img decoding=\"async\" src=\"\/transparencia\/wp-content\/uploads\/2023\/03\/icon-invoicepen.svg\" alt=\"\" \/><\/div>\n<p><strong style=\"color: #4ca7f8;\">CONOCER |<\/strong> la declaraci\u00f3n jurada patrimonial de los funcionarios del Estado cuando su presentaci\u00f3n corresponda por ley.<\/li>\n<li>\n<div class=\"icon\"><img decoding=\"async\" src=\"\/transparencia\/wp-content\/uploads\/2023\/03\/icon-coinuser.svg\" alt=\"\" \/><\/div>\n<p><strong style=\"color: #4ca7f8;\">RECIBIR | <\/strong> informaci\u00f3n sobre el listado de beneficiarios de programas asistenciales, subsidios, becas, jubilaciones, pensiones y retiros.<\/li>\n<li>\n<div class=\"icon\"><img decoding=\"async\" src=\"\/transparencia\/wp-content\/uploads\/2023\/03\/icon-handmoney.svg\" alt=\"\" \/><\/div>\n<p><strong style=\"color: #4ca7f8;\">SABER | <\/strong> sobre el estado de cuentas de la deuda p\u00fablica, sus vencimientos y pagos.<\/li>\n<li>\n<div class=\"icon\"><img decoding=\"async\" src=\"\/transparencia\/wp-content\/uploads\/2023\/03\/icon-finddoc.svg\" alt=\"\" \/><\/div>\n<p><strong style=\"color: #4ca7f8;\">BUSCAR |<\/strong> las leyes, decretos, resoluciones, disposiciones, marcos regulatorios y cualquier tipo de normativa.<\/li>\n<li>\n<div class=\"icon\"><img decoding=\"async\" src=\"\/transparencia\/wp-content\/uploads\/2023\/03\/icon-papers.svg\" alt=\"\" \/><\/div>\n<p><strong style=\"color: #4ca7f8;\">SOLICITAR Y RECIBIR | <\/strong>oportunamente cualquier tipo de documentaci\u00f3n financiera relativa al presupuesto p\u00fablico.<\/li>\n<\/ul>\n<hr \/>\n<p>En cumplimiento a la Ley 200-04 y el Decreto 130-05, el acceso a la informaci\u00f3n se har\u00e1 efectivo siempre y cuando no afecte la seguridad nacional, el orden p\u00fablico, la salud o la moral p\u00fablica o el derecho a la privacidad e intimidad de un tercero o el derecho a la reputaci\u00f3n de los dem\u00e1s.<\/p>\n","protected":false},"excerpt":{"rendered":"<p>Todo ciudadano(a) tiene derecho a: SOLICITAR | Informaci\u00f3n de cualquier \u00f3rgano del Estado Dominicano y de todas las sociedades an\u00f3nimas, compa\u00f1\u00edas an\u00f3nimas o compa\u00f1\u00edas por acciones con participaci\u00f3n estatal. RECIBIR | informaci\u00f3n completa, veraz, adecuada y oportuna de cualquier \u00f3rgano del Estado Dominicano y de todas las sociedades an\u00f3nimas, compa\u00f1\u00edas an\u00f3nimas o compa\u00f1\u00edas por acciones [&hellip;]<\/p>\n","protected":false},"author":1,"featured_media":0,"parent":432,"menu_order":0,"comment_status":"closed","ping_status":"closed","template":"doc-basico.php","meta":{"footnotes":""},"class_list":["post-310","page","type-page","status-publish","hentry"],"acf":[],"yoast_head":"<!-- This site is optimized with the Yoast SEO plugin v22.8 - https:\/\/yoast.com\/wordpress\/plugins\/seo\/ -->\n<title>Derechos de los Ciudadanos de acceder a la Informaci\u00f3n P\u00fablica - Ministerio de Hacienda y Econom\u00eda<\/title>\n<meta name=\"description\" content=\"Accede a comunicados y publicaciones oficiales del Portal de Transparencia del Ministerio de Hacienda y Econom\u00eda.\" \/>\n<meta name=\"robots\" content=\"index, follow, max-snippet:-1, max-image-preview:large, max-video-preview:-1\" \/>\n<link rel=\"canonical\" href=\"https:\/\/www.hacienda.gob.do\/transparencia\/oficina-de-libre-acceso-a-la-informacion\/derechos-de-los-ciudadanos-de-acceder-a-la-informacion-publica\/\" \/>\n<meta name=\"twitter:label1\" content=\"Est. reading time\" \/>\n\t<meta name=\"twitter:data1\" content=\"5 minutos\" \/>\n<script type=\"application\/ld+json\" class=\"yoast-schema-graph\">{\"@context\":\"https:\/\/schema.org\",\"@graph\":[{\"@type\":\"WebPage\",\"@id\":\"https:\/\/www.hacienda.gob.do\/transparencia\/oficina-de-libre-acceso-a-la-informacion\/derechos-de-los-ciudadanos-de-acceder-a-la-informacion-publica\/\",\"url\":\"https:\/\/www.hacienda.gob.do\/transparencia\/oficina-de-libre-acceso-a-la-informacion\/derechos-de-los-ciudadanos-de-acceder-a-la-informacion-publica\/\",\"name\":\"Derechos de los Ciudadanos de acceder a la Informaci\u00f3n P\u00fablica - Ministerio de Hacienda y Econom\u00eda\",\"isPartOf\":{\"@id\":\"https:\/\/www.hacienda.gob.do\/transparencia\/#website\"},\"datePublished\":\"2022-11-11T14:04:55+00:00\",\"dateModified\":\"2025-09-04T16:18:54+00:00\",\"description\":\"Accede a comunicados y publicaciones oficiales del Portal de Transparencia del Ministerio de Hacienda y Econom\u00eda.\",\"breadcrumb\":{\"@id\":\"https:\/\/www.hacienda.gob.do\/transparencia\/oficina-de-libre-acceso-a-la-informacion\/derechos-de-los-ciudadanos-de-acceder-a-la-informacion-publica\/#breadcrumb\"},\"inLanguage\":\"es-DO\",\"potentialAction\":[{\"@type\":\"ReadAction\",\"target\":[\"https:\/\/www.hacienda.gob.do\/transparencia\/oficina-de-libre-acceso-a-la-informacion\/derechos-de-los-ciudadanos-de-acceder-a-la-informacion-publica\/\"]}]},{\"@type\":\"BreadcrumbList\",\"@id\":\"https:\/\/www.hacienda.gob.do\/transparencia\/oficina-de-libre-acceso-a-la-informacion\/derechos-de-los-ciudadanos-de-acceder-a-la-informacion-publica\/#breadcrumb\",\"itemListElement\":[{\"@type\":\"ListItem\",\"position\":1,\"name\":\"Inicio\",\"item\":\"https:\/\/www.hacienda.gob.do\/\"},{\"@type\":\"ListItem\",\"position\":2,\"name\":\"Transparencia\",\"item\":\"https:\/\/www.hacienda.gob.do\/transparencia\/\"},{\"@type\":\"ListItem\",\"position\":3,\"name\":\"Oficina de libre acceso a la informaci\u00f3n\",\"item\":\"https:\/\/www.hacienda.gob.do\/transparencia\/oficina-de-libre-acceso-a-la-informacion\/\"},{\"@type\":\"ListItem\",\"position\":4,\"name\":\"Derechos de los Ciudadanos de acceder a la Informaci\u00f3n P\u00fablica\"}]},{\"@type\":\"WebSite\",\"@id\":\"https:\/\/www.hacienda.gob.do\/transparencia\/#website\",\"url\":\"https:\/\/www.hacienda.gob.do\/transparencia\/\",\"name\":\"Transparencia Institucional - Ministerio de Hacienda y Econom\u00eda\",\"description\":\"\",\"publisher\":{\"@id\":\"https:\/\/www.hacienda.gob.do\/transparencia\/#organization\"},\"alternateName\":\"Transparencia MHE\",\"potentialAction\":[{\"@type\":\"SearchAction\",\"target\":{\"@type\":\"EntryPoint\",\"urlTemplate\":\"https:\/\/www.hacienda.gob.do\/transparencia\/?s={search_term_string}\"},\"query-input\":\"required name=search_term_string\"}],\"inLanguage\":\"es-DO\"},{\"@type\":\"Organization\",\"@id\":\"https:\/\/www.hacienda.gob.do\/transparencia\/#organization\",\"name\":\"Ministerio de Hacienda y Econom\u00eda de Republica Dominicana\",\"alternateName\":\"MHE\",\"url\":\"https:\/\/www.hacienda.gob.do\/transparencia\/\",\"logo\":{\"@type\":\"ImageObject\",\"inLanguage\":\"es-DO\",\"@id\":\"https:\/\/www.hacienda.gob.do\/transparencia\/#\/schema\/logo\/image\/\",\"url\":\"https:\/\/www.hacienda.gob.do\/transparencia\/wp-content\/uploads\/2025\/09\/Logo-MHE.png\",\"contentUrl\":\"https:\/\/www.hacienda.gob.do\/transparencia\/wp-content\/uploads\/2025\/09\/Logo-MHE.png\",\"width\":696,\"height\":696,\"caption\":\"Ministerio de Hacienda y Econom\u00eda de Republica Dominicana\"},\"image\":{\"@id\":\"https:\/\/www.hacienda.gob.do\/transparencia\/#\/schema\/logo\/image\/\"},\"sameAs\":[\"https:\/\/web.facebook.com\/MinHaciendaRD\"]}]}<\/script>\n<!-- \/ Yoast SEO plugin. -->","yoast_head_json":{"title":"Derechos de los Ciudadanos de acceder a la Informaci\u00f3n P\u00fablica - Ministerio de Hacienda y Econom\u00eda","description":"Accede a comunicados y publicaciones oficiales del Portal de Transparencia del Ministerio de Hacienda y Econom\u00eda.","robots":{"index":"index","follow":"follow","max-snippet":"max-snippet:-1","max-image-preview":"max-image-preview:large","max-video-preview":"max-video-preview:-1"},"canonical":"https:\/\/www.hacienda.gob.do\/transparencia\/oficina-de-libre-acceso-a-la-informacion\/derechos-de-los-ciudadanos-de-acceder-a-la-informacion-publica\/","twitter_misc":{"Est. reading time":"5 minutos"},"schema":{"@context":"https:\/\/schema.org","@graph":[{"@type":"WebPage","@id":"https:\/\/www.hacienda.gob.do\/transparencia\/oficina-de-libre-acceso-a-la-informacion\/derechos-de-los-ciudadanos-de-acceder-a-la-informacion-publica\/","url":"https:\/\/www.hacienda.gob.do\/transparencia\/oficina-de-libre-acceso-a-la-informacion\/derechos-de-los-ciudadanos-de-acceder-a-la-informacion-publica\/","name":"Derechos de los Ciudadanos de acceder a la Informaci\u00f3n P\u00fablica - Ministerio de Hacienda y Econom\u00eda","isPartOf":{"@id":"https:\/\/www.hacienda.gob.do\/transparencia\/#website"},"datePublished":"2022-11-11T14:04:55+00:00","dateModified":"2025-09-04T16:18:54+00:00","description":"Accede a comunicados y publicaciones oficiales del Portal de Transparencia del Ministerio de Hacienda y Econom\u00eda.","breadcrumb":{"@id":"https:\/\/www.hacienda.gob.do\/transparencia\/oficina-de-libre-acceso-a-la-informacion\/derechos-de-los-ciudadanos-de-acceder-a-la-informacion-publica\/#breadcrumb"},"inLanguage":"es-DO","potentialAction":[{"@type":"ReadAction","target":["https:\/\/www.hacienda.gob.do\/transparencia\/oficina-de-libre-acceso-a-la-informacion\/derechos-de-los-ciudadanos-de-acceder-a-la-informacion-publica\/"]}]},{"@type":"BreadcrumbList","@id":"https:\/\/www.hacienda.gob.do\/transparencia\/oficina-de-libre-acceso-a-la-informacion\/derechos-de-los-ciudadanos-de-acceder-a-la-informacion-publica\/#breadcrumb","itemListElement":[{"@type":"ListItem","position":1,"name":"Inicio","item":"https:\/\/www.hacienda.gob.do\/"},{"@type":"ListItem","position":2,"name":"Transparencia","item":"https:\/\/www.hacienda.gob.do\/transparencia\/"},{"@type":"ListItem","position":3,"name":"Oficina de libre acceso a la informaci\u00f3n","item":"https:\/\/www.hacienda.gob.do\/transparencia\/oficina-de-libre-acceso-a-la-informacion\/"},{"@type":"ListItem","position":4,"name":"Derechos de los Ciudadanos de acceder a la Informaci\u00f3n P\u00fablica"}]},{"@type":"WebSite","@id":"https:\/\/www.hacienda.gob.do\/transparencia\/#website","url":"https:\/\/www.hacienda.gob.do\/transparencia\/","name":"Transparencia Institucional - Ministerio de Hacienda y Econom\u00eda","description":"","publisher":{"@id":"https:\/\/www.hacienda.gob.do\/transparencia\/#organization"},"alternateName":"Transparencia MHE","potentialAction":[{"@type":"SearchAction","target":{"@type":"EntryPoint","urlTemplate":"https:\/\/www.hacienda.gob.do\/transparencia\/?s={search_term_string}"},"query-input":"required name=search_term_string"}],"inLanguage":"es-DO"},{"@type":"Organization","@id":"https:\/\/www.hacienda.gob.do\/transparencia\/#organization","name":"Ministerio de Hacienda y Econom\u00eda de Republica Dominicana","alternateName":"MHE","url":"https:\/\/www.hacienda.gob.do\/transparencia\/","logo":{"@type":"ImageObject","inLanguage":"es-DO","@id":"https:\/\/www.hacienda.gob.do\/transparencia\/#\/schema\/logo\/image\/","url":"https:\/\/www.hacienda.gob.do\/transparencia\/wp-content\/uploads\/2025\/09\/Logo-MHE.png","contentUrl":"https:\/\/www.hacienda.gob.do\/transparencia\/wp-content\/uploads\/2025\/09\/Logo-MHE.png","width":696,"height":696,"caption":"Ministerio de Hacienda y Econom\u00eda de Republica Dominicana"},"image":{"@id":"https:\/\/www.hacienda.gob.do\/transparencia\/#\/schema\/logo\/image\/"},"sameAs":["https:\/\/web.facebook.com\/MinHaciendaRD"]}]}},"_links":{"self":[{"href":"https:\/\/www.hacienda.gob.do\/transparencia\/wp-json\/wp\/v2\/pages\/310","targetHints":{"allow":["GET"]}}],"collection":[{"href":"https:\/\/www.hacienda.gob.do\/transparencia\/wp-json\/wp\/v2\/pages"}],"about":[{"href":"https:\/\/www.hacienda.gob.do\/transparencia\/wp-json\/wp\/v2\/types\/page"}],"author":[{"embeddable":true,"href":"https:\/\/www.hacienda.gob.do\/transparencia\/wp-json\/wp\/v2\/users\/1"}],"replies":[{"embeddable":true,"href":"https:\/\/www.hacienda.gob.do\/transparencia\/wp-json\/wp\/v2\/comments?post=310"}],"version-history":[{"count":6,"href":"https:\/\/www.hacienda.gob.do\/transparencia\/wp-json\/wp\/v2\/pages\/310\/revisions"}],"predecessor-version":[{"id":19829,"href":"https:\/\/www.hacienda.gob.do\/transparencia\/wp-json\/wp\/v2\/pages\/310\/revisions\/19829"}],"up":[{"embeddable":true,"href":"https:\/\/www.hacienda.gob.do\/transparencia\/wp-json\/wp\/v2\/pages\/432"}],"wp:attachment":[{"href":"https:\/\/www.hacienda.gob.do\/transparencia\/wp-json\/wp\/v2\/media?parent=310"}],"curies":[{"name":"wp","href":"https:\/\/api.w.org\/{rel}","templated":true}]}}