{"id":339,"date":"2022-11-11T11:31:47","date_gmt":"2022-11-11T15:31:47","guid":{"rendered":"http:\/\/transparencia-hacienda.local\/?page_id=339"},"modified":"2025-09-09T08:43:24","modified_gmt":"2025-09-09T12:43:24","slug":"estructura-organizacional-de-la-oai","status":"publish","type":"page","link":"https:\/\/www.hacienda.gob.do\/transparencia\/oficina-de-libre-acceso-a-la-informacion\/estructura-organizacional-de-la-oai\/","title":{"rendered":"Estructura Organizacional de la OAI"},"content":{"rendered":"<p class=\"text-secondary\"><em>La Oficina de Acceso a la Informaci\u00f3n (OAI), es un mandato de la Ley General de Libre Acceso a la Informaci\u00f3n P\u00fablica Ley 200-04 y el Decreto No. 130-05 que crea el reglamento de dicha ley, con el objetivo de apoyar a entidades y personas tanto p\u00fablicas como privadas mediante las informaciones solicitadas.<\/em><\/p>\n<div class=\"p-3 pt-lg-5 px-lg-5 pb-lg-3\">\n<div class=\"row\">\n<div class=\"col-12 col-md border-right\">\n<h3 class=\"text-info\">Visi\u00f3n<\/h3>\n<p class=\"text-secondary\">Dar sost\u00e9n a los valores de honestidad, integridad, eficiencia, eficacia, calidad y trabajo en equipo del Ministerio de Hacienda, apoyando as\u00ed los esfuerzos de transparencia institucional.<\/p>\n<\/div>\n<div class=\"col-12 col-md\">\n<h3 class=\"text-info\">Misi\u00f3n<\/h3>\n<p class=\"text-secondary\">Garantizar el acceso de los usuarios a la informaci\u00f3n sobre la gesti\u00f3n de la Direcci\u00f3n como una forma de validar la transparencia de la instituci\u00f3n<\/p>\n<\/div>\n<\/div>\n<p>&nbsp;<\/p>\n<div class=\"card mb-4 mb-lg-5\">\n<div class=\"card-body\">\n<h3 class=\"text-info\">Definici\u00f3n RAI<\/h3>\n<p class=\"text-secondary mb-0\">El representante de Acceso a la Informaci\u00f3n, es el responsable de tramitar y facilitar las informaciones requeridas y de ser el canal de comunicaci\u00f3n entre la instituci\u00f3n, ciudadanos y ciudadanas.<\/p>\n<\/div>\n<\/div>\n<h3 class=\"text-info mb-4\">Proceso de Solicitud de Informaci\u00f3n:<\/h3>\n<ul class=\"bullet-list\">\n<li>Completa el formulario de solicitud a trav\u00e9s de los canales establecidos (<a href=\"https:\/\/www.saip.gob.do\/apps\/sip\/?step=one\" target=\"_blank\" rel=\"noopener\">Formulario SAIP<\/a>, escribiendo al correo <a href=\"mailto:oai@hacienda.gov.do\">oai@hacienda.gov.do<\/a> o depositando una solicitud en la oficina del libre acceso de la informaci\u00f3n del MH)<\/li>\n<li>Se procede a la revisi\u00f3n la solicitud.<\/li>\n<li>Se hace entrega de acuse de recibo al solicitante.<\/li>\n<li>Se asigna la fecha de entrega atendiendo a lo establecido en la Ley 200-04. <small class=\"d-block\">* En caso de no ser el Ministerio de Hacienda la entidad competente para ofrecer la informaci\u00f3n requerida, dicha solicitud ser\u00e1 referida a la instituci\u00f3n correspondiente y se informara al solicitante, el curso que ha tomado su solicitud y la instituci\u00f3n destinataria.<\/small><\/li>\n<li>Seguimiento de la(s) solicitud(es) hasta confirmar que se ha suministrado la informaci\u00f3n.<\/li>\n<\/ul>\n<\/div>\n<div >\n<h2 class=\"text-primary2\">Documentos<\/h2>\n<p class=\"text-secondary small\">\n<ul class=\"media-list small\">\n<li  style=\"height: 82px;\">\n\t\t\t\t\t\t\t\t\t<a href=\"\/transparencia\/wp-content\/uploads\/2023\/03\/Organigrama-OAI-.pdf\" target=\"_blank\" rel=\"noopener\">\t\t\t\t\t\t\t\t\t\t<img decoding=\"async\" src=\"\/transparencia\/wp-content\/themes\/transparencia\/images\/icon-pdf.svg\" class=\"thumb\">\t\t\t\t\t\t\t\t\t\t<\/p>\n<div class=\"info\">\n<h4>Organigrama &#8211; Oficina de Acceso a la Informaci\u00f3n P\u00fablica (OAI)<\/h4>\n<p> <strong>Estructura org\u00e1nica del OAI y Resoluci\u00f3n Aprobatoria.<\/strong><\/p>\n<p>2354 kb |   10 Jul 2015 <\/p>\n<\/p><\/div>\n<p>\t\t\t\t\t\t\t\t\t<\/a>\t\t\t\t\t\t\t\t<\/li>\n<li  style=\"height: 117px;\">\t\t\t\t\t\t\t\t\t<a href=\"\/transparencia\/wp-content\/uploads\/2023\/03\/Manual-de-Organizacio\u0301n-y-Funcio\u0301n-OAI-2021.pdf\" target=\"_blank\" rel=\"noopener\">\t\t\t\t\t\t\t\t\t\t<img decoding=\"async\" src=\"\/transparencia\/wp-content\/themes\/transparencia\/images\/icon-pdf.svg\" class=\"thumb\">\n<div class=\"info\">\n<h4>Manual de Organizaci\u00f3n y Funciones &#8211; Oficina de Acceso a la Informaci\u00f3n P\u00fablica<\/h4>\n<p> <strong>Manual de Organizaci\u00f3n y Funciones de la Oficina de Acceso a la Informaci\u00f3n P\u00fablica (OAI).<\/strong><\/p>\n<p>1337kb |   11 ene 2022 <\/p>\n<\/div>\n<p>\t\t\t\t\t\t\t\t\t<\/a>\t\t\t\t\t\t\t\t<\/li>\n<li  style=\"height: 82px;\">\t\t\t\t\t\t\t\t\t<a href=\"\/transparencia\/wp-content\/uploads\/2023\/03\/Resolucion-161-2013-que-aprueba-los-Manuales-de-Organizacion-y-Funciones.pdf\" target=\"_blank\" rel=\"noopener\">\t\t\t\t\t\t\t\t\t\t<img decoding=\"async\" alt=\" Icono de tipo de archivo\" src=\"\/transparencia\/wp-content\/themes\/transparencia\/images\/icon-pdf.svg\" class=\"thumb\">\n<div class=\"info\">\n<h4>Resoluci\u00f3n N\u00fam. 161-2013<\/h4>\n<p> <strong>Que aprueba los Manuales de Organizacion y Funciones<\/strong><\/p>\n<p>240 kb |   10 jul 2015 <\/p>\n<\/p><\/div>\n<p><\/a>\n<\/li>\n<li  style=\"height: 82px;\">\t\t\t\t\t\t\t\t\t<a href=\"\/transparencia\/wp-content\/uploads\/2023\/03\/Manual-de-Politicas-y-Procedimientos.pdf\" target=\"_blank\" rel=\"noopener\">\t\t\t\t\t\t\t\t\t\t<img decoding=\"async\" alt=\" Icono de tipo de archivo\" src=\"\/transparencia\/wp-content\/themes\/transparencia\/images\/icon-pdf.svg\" class=\"thumb\">\n<div class=\"info\">\n<h4>Manual de P\u00f3liticas y Procedimientos &#8211; Oficina de Acceso a la Informaci\u00f3n<\/h4>\n<p> <strong><\/strong><\/p>\n<p>4116 kb |  <\/p>\n<\/p><\/div>\n<p>\t\t\t\t\t\t\t\t\t<\/a>\t\t\t\t\t\t\t\t<\/li>\n<\/ul>\n<div class=\"text-right\" style=\"display: none;\">\n\t\t\t\t\t\t\t\t<a href=\"\" class=\"small text-decoration-none\"><br \/>\n\t\t\t\t\t\t\t\t\t<strong><i class=\"fas fa-angle-double-right\"><\/i><\/strong><br \/>\n\t\t\t\t\t\t\t\t<\/a>\n\t\t\t\t\t\t\t<\/div>\n<\/p><\/div>\n<div class=\"px-3 px-lg-5 pt-lg-3\">\n<h3 class=\"text-primary3\">Contacto Responsable de Acceso a la Informaci\u00f3n<\/h3>\n<p><span><strong>Lic. Yamile Musa Slim<\/strong><\/span><br \/> Responsable de acceso a la informaci\u00f3n<br \/> <strong>Telefono:<\/strong> <a href=\"#!\">(809) 687-5131 ext 2354<\/a><br \/> <strong>Direcci\u00f3n:<\/strong> <span> Avenida M\u00e9xico #45, Gascue<br \/> Santo Domingo, D.N., Rep\u00fablica Dominicana <\/span><br \/> <strong>Correo:<\/strong> <a href=\"mailto:oai@hacienda.gov.do\">oai@hacienda.gov.do<\/a><\/p>\n<\/p><\/div>\n","protected":false},"excerpt":{"rendered":"<p>La Oficina de Acceso a la Informaci\u00f3n (OAI), es un mandato de la Ley General de Libre Acceso a la Informaci\u00f3n P\u00fablica Ley 200-04 y el Decreto No. 130-05 que crea el reglamento de dicha ley, con el objetivo de apoyar a entidades y personas tanto p\u00fablicas como privadas mediante las informaciones solicitadas. Visi\u00f3n Dar [&hellip;]<\/p>\n","protected":false},"author":1,"featured_media":0,"parent":432,"menu_order":0,"comment_status":"closed","ping_status":"closed","template":"doc-basico.php","meta":{"footnotes":""},"class_list":["post-339","page","type-page","status-publish","hentry"],"acf":[],"yoast_head":"<!-- This site is optimized with the Yoast SEO plugin v22.8 - https:\/\/yoast.com\/wordpress\/plugins\/seo\/ -->\n<title>Estructura Organizacional de la OAI - Ministerio de Hacienda y Econom\u00eda<\/title>\n<meta name=\"description\" content=\"Accede a comunicados y publicaciones oficiales del Portal de Transparencia del Ministerio de Hacienda y Econom\u00eda.\" \/>\n<meta name=\"robots\" content=\"index, follow, max-snippet:-1, max-image-preview:large, max-video-preview:-1\" \/>\n<link rel=\"canonical\" href=\"https:\/\/www.hacienda.gob.do\/transparencia\/oficina-de-libre-acceso-a-la-informacion\/estructura-organizacional-de-la-oai\/\" \/>\n<meta name=\"twitter:label1\" content=\"Est. reading time\" \/>\n\t<meta name=\"twitter:data1\" content=\"3 minutos\" \/>\n<script type=\"application\/ld+json\" class=\"yoast-schema-graph\">{\"@context\":\"https:\/\/schema.org\",\"@graph\":[{\"@type\":\"WebPage\",\"@id\":\"https:\/\/www.hacienda.gob.do\/transparencia\/oficina-de-libre-acceso-a-la-informacion\/estructura-organizacional-de-la-oai\/\",\"url\":\"https:\/\/www.hacienda.gob.do\/transparencia\/oficina-de-libre-acceso-a-la-informacion\/estructura-organizacional-de-la-oai\/\",\"name\":\"Estructura Organizacional de la OAI - Ministerio de Hacienda y Econom\u00eda\",\"isPartOf\":{\"@id\":\"https:\/\/www.hacienda.gob.do\/transparencia\/#website\"},\"datePublished\":\"2022-11-11T15:31:47+00:00\",\"dateModified\":\"2025-09-09T12:43:24+00:00\",\"description\":\"Accede a comunicados y publicaciones oficiales del Portal de Transparencia del Ministerio de Hacienda y Econom\u00eda.\",\"breadcrumb\":{\"@id\":\"https:\/\/www.hacienda.gob.do\/transparencia\/oficina-de-libre-acceso-a-la-informacion\/estructura-organizacional-de-la-oai\/#breadcrumb\"},\"inLanguage\":\"es-DO\",\"potentialAction\":[{\"@type\":\"ReadAction\",\"target\":[\"https:\/\/www.hacienda.gob.do\/transparencia\/oficina-de-libre-acceso-a-la-informacion\/estructura-organizacional-de-la-oai\/\"]}]},{\"@type\":\"BreadcrumbList\",\"@id\":\"https:\/\/www.hacienda.gob.do\/transparencia\/oficina-de-libre-acceso-a-la-informacion\/estructura-organizacional-de-la-oai\/#breadcrumb\",\"itemListElement\":[{\"@type\":\"ListItem\",\"position\":1,\"name\":\"Inicio\",\"item\":\"https:\/\/www.hacienda.gob.do\/\"},{\"@type\":\"ListItem\",\"position\":2,\"name\":\"Transparencia\",\"item\":\"https:\/\/www.hacienda.gob.do\/transparencia\/\"},{\"@type\":\"ListItem\",\"position\":3,\"name\":\"Oficina de libre acceso a la informaci\u00f3n\",\"item\":\"https:\/\/www.hacienda.gob.do\/transparencia\/oficina-de-libre-acceso-a-la-informacion\/\"},{\"@type\":\"ListItem\",\"position\":4,\"name\":\"Estructura Organizacional de la OAI\"}]},{\"@type\":\"WebSite\",\"@id\":\"https:\/\/www.hacienda.gob.do\/transparencia\/#website\",\"url\":\"https:\/\/www.hacienda.gob.do\/transparencia\/\",\"name\":\"Transparencia Institucional - Ministerio de Hacienda y Econom\u00eda\",\"description\":\"\",\"publisher\":{\"@id\":\"https:\/\/www.hacienda.gob.do\/transparencia\/#organization\"},\"alternateName\":\"Transparencia MHE\",\"potentialAction\":[{\"@type\":\"SearchAction\",\"target\":{\"@type\":\"EntryPoint\",\"urlTemplate\":\"https:\/\/www.hacienda.gob.do\/transparencia\/?s={search_term_string}\"},\"query-input\":\"required name=search_term_string\"}],\"inLanguage\":\"es-DO\"},{\"@type\":\"Organization\",\"@id\":\"https:\/\/www.hacienda.gob.do\/transparencia\/#organization\",\"name\":\"Ministerio de Hacienda y Econom\u00eda de Republica Dominicana\",\"alternateName\":\"MHE\",\"url\":\"https:\/\/www.hacienda.gob.do\/transparencia\/\",\"logo\":{\"@type\":\"ImageObject\",\"inLanguage\":\"es-DO\",\"@id\":\"https:\/\/www.hacienda.gob.do\/transparencia\/#\/schema\/logo\/image\/\",\"url\":\"https:\/\/www.hacienda.gob.do\/transparencia\/wp-content\/uploads\/2025\/09\/Logo-MHE.png\",\"contentUrl\":\"https:\/\/www.hacienda.gob.do\/transparencia\/wp-content\/uploads\/2025\/09\/Logo-MHE.png\",\"width\":696,\"height\":696,\"caption\":\"Ministerio de Hacienda y Econom\u00eda de Republica Dominicana\"},\"image\":{\"@id\":\"https:\/\/www.hacienda.gob.do\/transparencia\/#\/schema\/logo\/image\/\"},\"sameAs\":[\"https:\/\/web.facebook.com\/MinHaciendaRD\"]}]}<\/script>\n<!-- \/ Yoast SEO plugin. -->","yoast_head_json":{"title":"Estructura Organizacional de la OAI - Ministerio de Hacienda y Econom\u00eda","description":"Accede a comunicados y publicaciones oficiales del Portal de Transparencia del Ministerio de Hacienda y Econom\u00eda.","robots":{"index":"index","follow":"follow","max-snippet":"max-snippet:-1","max-image-preview":"max-image-preview:large","max-video-preview":"max-video-preview:-1"},"canonical":"https:\/\/www.hacienda.gob.do\/transparencia\/oficina-de-libre-acceso-a-la-informacion\/estructura-organizacional-de-la-oai\/","twitter_misc":{"Est. reading time":"3 minutos"},"schema":{"@context":"https:\/\/schema.org","@graph":[{"@type":"WebPage","@id":"https:\/\/www.hacienda.gob.do\/transparencia\/oficina-de-libre-acceso-a-la-informacion\/estructura-organizacional-de-la-oai\/","url":"https:\/\/www.hacienda.gob.do\/transparencia\/oficina-de-libre-acceso-a-la-informacion\/estructura-organizacional-de-la-oai\/","name":"Estructura Organizacional de la OAI - Ministerio de Hacienda y Econom\u00eda","isPartOf":{"@id":"https:\/\/www.hacienda.gob.do\/transparencia\/#website"},"datePublished":"2022-11-11T15:31:47+00:00","dateModified":"2025-09-09T12:43:24+00:00","description":"Accede a comunicados y publicaciones oficiales del Portal de Transparencia del Ministerio de Hacienda y Econom\u00eda.","breadcrumb":{"@id":"https:\/\/www.hacienda.gob.do\/transparencia\/oficina-de-libre-acceso-a-la-informacion\/estructura-organizacional-de-la-oai\/#breadcrumb"},"inLanguage":"es-DO","potentialAction":[{"@type":"ReadAction","target":["https:\/\/www.hacienda.gob.do\/transparencia\/oficina-de-libre-acceso-a-la-informacion\/estructura-organizacional-de-la-oai\/"]}]},{"@type":"BreadcrumbList","@id":"https:\/\/www.hacienda.gob.do\/transparencia\/oficina-de-libre-acceso-a-la-informacion\/estructura-organizacional-de-la-oai\/#breadcrumb","itemListElement":[{"@type":"ListItem","position":1,"name":"Inicio","item":"https:\/\/www.hacienda.gob.do\/"},{"@type":"ListItem","position":2,"name":"Transparencia","item":"https:\/\/www.hacienda.gob.do\/transparencia\/"},{"@type":"ListItem","position":3,"name":"Oficina de libre acceso a la informaci\u00f3n","item":"https:\/\/www.hacienda.gob.do\/transparencia\/oficina-de-libre-acceso-a-la-informacion\/"},{"@type":"ListItem","position":4,"name":"Estructura Organizacional de la OAI"}]},{"@type":"WebSite","@id":"https:\/\/www.hacienda.gob.do\/transparencia\/#website","url":"https:\/\/www.hacienda.gob.do\/transparencia\/","name":"Transparencia Institucional - Ministerio de Hacienda y Econom\u00eda","description":"","publisher":{"@id":"https:\/\/www.hacienda.gob.do\/transparencia\/#organization"},"alternateName":"Transparencia MHE","potentialAction":[{"@type":"SearchAction","target":{"@type":"EntryPoint","urlTemplate":"https:\/\/www.hacienda.gob.do\/transparencia\/?s={search_term_string}"},"query-input":"required name=search_term_string"}],"inLanguage":"es-DO"},{"@type":"Organization","@id":"https:\/\/www.hacienda.gob.do\/transparencia\/#organization","name":"Ministerio de Hacienda y Econom\u00eda de Republica Dominicana","alternateName":"MHE","url":"https:\/\/www.hacienda.gob.do\/transparencia\/","logo":{"@type":"ImageObject","inLanguage":"es-DO","@id":"https:\/\/www.hacienda.gob.do\/transparencia\/#\/schema\/logo\/image\/","url":"https:\/\/www.hacienda.gob.do\/transparencia\/wp-content\/uploads\/2025\/09\/Logo-MHE.png","contentUrl":"https:\/\/www.hacienda.gob.do\/transparencia\/wp-content\/uploads\/2025\/09\/Logo-MHE.png","width":696,"height":696,"caption":"Ministerio de Hacienda y Econom\u00eda de Republica Dominicana"},"image":{"@id":"https:\/\/www.hacienda.gob.do\/transparencia\/#\/schema\/logo\/image\/"},"sameAs":["https:\/\/web.facebook.com\/MinHaciendaRD"]}]}},"_links":{"self":[{"href":"https:\/\/www.hacienda.gob.do\/transparencia\/wp-json\/wp\/v2\/pages\/339","targetHints":{"allow":["GET"]}}],"collection":[{"href":"https:\/\/www.hacienda.gob.do\/transparencia\/wp-json\/wp\/v2\/pages"}],"about":[{"href":"https:\/\/www.hacienda.gob.do\/transparencia\/wp-json\/wp\/v2\/types\/page"}],"author":[{"embeddable":true,"href":"https:\/\/www.hacienda.gob.do\/transparencia\/wp-json\/wp\/v2\/users\/1"}],"replies":[{"embeddable":true,"href":"https:\/\/www.hacienda.gob.do\/transparencia\/wp-json\/wp\/v2\/comments?post=339"}],"version-history":[{"count":24,"href":"https:\/\/www.hacienda.gob.do\/transparencia\/wp-json\/wp\/v2\/pages\/339\/revisions"}],"predecessor-version":[{"id":19982,"href":"https:\/\/www.hacienda.gob.do\/transparencia\/wp-json\/wp\/v2\/pages\/339\/revisions\/19982"}],"up":[{"embeddable":true,"href":"https:\/\/www.hacienda.gob.do\/transparencia\/wp-json\/wp\/v2\/pages\/432"}],"wp:attachment":[{"href":"https:\/\/www.hacienda.gob.do\/transparencia\/wp-json\/wp\/v2\/media?parent=339"}],"curies":[{"name":"wp","href":"https:\/\/api.w.org\/{rel}","templated":true}]}}