{"id":432,"date":"2022-11-14T09:13:44","date_gmt":"2022-11-14T13:13:44","guid":{"rendered":"http:\/\/transparencia-hacienda.local\/?page_id=432"},"modified":"2025-10-14T11:28:52","modified_gmt":"2025-10-14T15:28:52","slug":"oficina-de-libre-acceso-a-la-informacion","status":"publish","type":"page","link":"https:\/\/www.hacienda.gob.do\/transparencia\/oficina-de-libre-acceso-a-la-informacion\/","title":{"rendered":"Oficina de libre acceso a la informaci\u00f3n"},"content":{"rendered":"<p>La Oficina de Acceso a la Informaci\u00f3n (OAI), es un mandato de la Ley General de Libre Acceso a la Informaci\u00f3n P\u00fablica Ley 200-04 y el Decreto No. 130-05 que crea el reglamento de dicha ley, con el objetivo de apoyar a entidades y personas tanto p\u00fablicas como privadas mediante las informaciones solicitadas.<\/p>\n<hr>\n<ul class=\"card-list alt\">\n<li> <a href=\"\/derechos-de-los-ciudadanos-de-acceder-a-la-informacion-publica\/\" rel=\"noopener\">\n<div style=\"display: flex;align-items: baseline;width: inherit;\">\n<h4 style=\"width: -webkit-fill-available;\n\">Derechos de los Ciudadanos de acceder a la Informaci\u00f3n P\u00fablica<br \/>\n<\/h4>\n<p style=\"width: 2%;color: #0f2d63;\"><i class=\"fas fa-angle-right\"><\/i><\/p>\n<\/div>\n<p><\/a><\/li>\n<li> <a href=\"\/estructura-organizacional-de-la-oai\/\"  rel=\"noopener\">\n<div style=\"display: flex;align-items: baseline;width: inherit;\">\n<h4 style=\"width: -webkit-fill-available;\n\">Estructura Organizacional de la OAI<\/h4>\n<p style=\"width: 2%;color: #0f2d63;\"><i class=\"fas fa-angle-right\"><\/i><\/p>\n<\/div>\n<p><\/a><\/li>\n<li> <a href=\"\/wp-content\/uploads\/2023\/03\/Manual-de-Organizacio\u0301n-y-Funcio\u0301n-OAI-2021.pdf\" rel=\"noopener\" target=\"_blank\" >\n<div style=\"display: flex;align-items: baseline;width: inherit;\">\n<h4 style=\"width: -webkit-fill-available;\n\"> Manual de Organizaci\u00f3n de la OAI <\/h4>\n<p style=\"width: 2%;color: #0f2d63;\"><i class=\"fas fa-angle-right\"><\/i><\/p>\n<\/div>\n<p><\/a><\/li>\n<li> <a target=\"_blank\" href=\"\/wp-content\/uploads\/2025\/06\/PRO-OAI-001-Procedimiento-Recepcion-de-la-Solicitud-de-Informacion.pdf\" rel=\"noopener\">\n<div style=\"display: flex;align-items: baseline;width: inherit;\">\n<h4 style=\"width: -webkit-fill-available;\n\"> Manual de Procedimiento de la OAI <\/h4>\n<p style=\"width: 2%;color: #0f2d63;\"><i class=\"fas fa-angle-right\"><\/i><\/p>\n<\/div>\n<p><\/a><\/li>\n<li> <a href=\"\/oficina-de-libre-acceso-a-la-informacion\/estadisticas-y-balances-de-gestion-de-la-oai\/\" rel=\"noopener\">\n<div style=\"display: flex;align-items: baseline;width: inherit;\">\n<h4 style=\"width: -webkit-fill-available;\n\"> Estad\u00edsticas y Balances de Gesti\u00f3n de la OAI <\/h4>\n<p style=\"width: 2%;color: #0f2d63;\"><i class=\"fas fa-angle-right\"><\/i><\/p>\n<\/div>\n<p><\/a><\/li>\n<li> <a href=\"\/oficina-de-libre-acceso-a-la-informacion\/contacto-responsable-de-acceso-a-la-informacion-rai\/\" rel=\"noopener\">\n<div style=\"display: flex;align-items: baseline;width: inherit;\">\n<h4 style=\"width: -webkit-fill-available;\n\"> Responsable de Acceso a la Informaci\u00f3n (RAI) <\/h4>\n<p style=\"width: 2%;color: #0f2d63;\"><i class=\"fas fa-angle-right\"><\/i><\/p>\n<\/div>\n<p><\/a><\/li>\n<li> <a href=\"\/oficina-de-libre-acceso-a-la-informacion\/resolucion-de-informacion-clasificada\/\" rel=\"noopener\">\n<div style=\"display: flex;align-items: baseline;width: inherit;\">\n<h4 style=\"width: -webkit-fill-available;\n\"> Resoluci\u00f3n de Informaci\u00f3n Clasificada <\/h4>\n<p style=\"width: 2%;color: #0f2d63;\"><i class=\"fas fa-angle-right\"><\/i><\/p>\n<\/div>\n<p><\/a><\/li>\n<li> <a href=\"\/oficina-de-libre-acceso-a-la-informacion\/indice-de-documentos-disponibles-para-la-entrega\/\" rel=\"noopener\">\n<div style=\"display: flex;align-items: baseline;width: inherit;\">\n<h4 style=\"width: -webkit-fill-available;\n\">\u00cdndice de Documentos Disponibles para la Entrega<\/h4>\n<p style=\"width: 2%;color: #0f2d63;\"><i class=\"fas fa-angle-right\"><\/i><\/p>\n<\/div>\n<p><\/a><\/li>\n<li> <a href=\"https:\/\/app.saip.gob.do\/\" target=\"_blank\" rel=\"noopener\">\n<div style=\"display: flex;align-items: baseline;width: inherit;\">\n<h4 style=\"width: -webkit-fill-available;\n\">Solicitud de Acceso a la Informaci\u00f3n, portal SAIP<\/h4>\n<p style=\"width: 2%;color: #0f2d63;\"><i class=\"fas fa-angle-right\"><\/i><\/p>\n<\/div>\n<p><\/a><\/li>\n<li> <a href=\"\/oficina-de-libre-acceso-a-la-informacion\/indice-de-transparencia-estandarizado\/\" rel=\"noopener\">\n<div style=\"display: flex;align-items: baseline;width: inherit;\">\n<h4 style=\"width: -webkit-fill-available;\n\"> Indice de Transparencia Estandarizado<\/h4>\n<p style=\"width: 2%;color: #0f2d63;\"><i class=\"fas fa-angle-right\"><\/i><\/p>\n<\/div>\n<p><\/a><\/li>\n<\/ul>\n","protected":false},"excerpt":{"rendered":"<p>La Oficina de Acceso a la Informaci\u00f3n (OAI), es un mandato de la Ley General de Libre Acceso a la Informaci\u00f3n P\u00fablica Ley 200-04 y el Decreto No. 130-05 que crea el reglamento de dicha ley, con el objetivo de apoyar a entidades y personas tanto p\u00fablicas como privadas mediante las informaciones solicitadas. Derechos de [&hellip;]<\/p>\n","protected":false},"author":1,"featured_media":0,"parent":0,"menu_order":0,"comment_status":"closed","ping_status":"closed","template":"doc-basico.php","meta":{"footnotes":""},"class_list":["post-432","page","type-page","status-publish","hentry"],"acf":[],"yoast_head":"<!-- This site is optimized with the Yoast SEO plugin v22.8 - https:\/\/yoast.com\/wordpress\/plugins\/seo\/ -->\n<title>Oficina de libre acceso a la informaci\u00f3n - Ministerio de Hacienda y Econom\u00eda<\/title>\n<meta name=\"description\" content=\"Accede a comunicados y publicaciones oficiales del Portal de Transparencia del Ministerio de Hacienda y Econom\u00eda.\" \/>\n<meta name=\"robots\" content=\"index, follow, max-snippet:-1, max-image-preview:large, max-video-preview:-1\" \/>\n<link rel=\"canonical\" href=\"https:\/\/www.hacienda.gob.do\/transparencia\/oficina-de-libre-acceso-a-la-informacion\/\" \/>\n<meta name=\"twitter:label1\" content=\"Est. reading time\" \/>\n\t<meta name=\"twitter:data1\" content=\"1 minuto\" \/>\n<script type=\"application\/ld+json\" class=\"yoast-schema-graph\">{\"@context\":\"https:\/\/schema.org\",\"@graph\":[{\"@type\":\"WebPage\",\"@id\":\"https:\/\/www.hacienda.gob.do\/transparencia\/oficina-de-libre-acceso-a-la-informacion\/\",\"url\":\"https:\/\/www.hacienda.gob.do\/transparencia\/oficina-de-libre-acceso-a-la-informacion\/\",\"name\":\"Oficina de libre acceso a la informaci\u00f3n - Ministerio de Hacienda y Econom\u00eda\",\"isPartOf\":{\"@id\":\"https:\/\/www.hacienda.gob.do\/transparencia\/#website\"},\"datePublished\":\"2022-11-14T13:13:44+00:00\",\"dateModified\":\"2025-10-14T15:28:52+00:00\",\"description\":\"Accede a comunicados y publicaciones oficiales del Portal de Transparencia del Ministerio de Hacienda y Econom\u00eda.\",\"breadcrumb\":{\"@id\":\"https:\/\/www.hacienda.gob.do\/transparencia\/oficina-de-libre-acceso-a-la-informacion\/#breadcrumb\"},\"inLanguage\":\"es-DO\",\"potentialAction\":[{\"@type\":\"ReadAction\",\"target\":[\"https:\/\/www.hacienda.gob.do\/transparencia\/oficina-de-libre-acceso-a-la-informacion\/\"]}]},{\"@type\":\"BreadcrumbList\",\"@id\":\"https:\/\/www.hacienda.gob.do\/transparencia\/oficina-de-libre-acceso-a-la-informacion\/#breadcrumb\",\"itemListElement\":[{\"@type\":\"ListItem\",\"position\":1,\"name\":\"Inicio\",\"item\":\"https:\/\/www.hacienda.gob.do\/\"},{\"@type\":\"ListItem\",\"position\":2,\"name\":\"Transparencia\",\"item\":\"https:\/\/www.hacienda.gob.do\/transparencia\/\"},{\"@type\":\"ListItem\",\"position\":3,\"name\":\"Oficina de libre acceso a la informaci\u00f3n\"}]},{\"@type\":\"WebSite\",\"@id\":\"https:\/\/www.hacienda.gob.do\/transparencia\/#website\",\"url\":\"https:\/\/www.hacienda.gob.do\/transparencia\/\",\"name\":\"Transparencia Institucional - Ministerio de Hacienda y Econom\u00eda\",\"description\":\"\",\"publisher\":{\"@id\":\"https:\/\/www.hacienda.gob.do\/transparencia\/#organization\"},\"alternateName\":\"Transparencia MHE\",\"potentialAction\":[{\"@type\":\"SearchAction\",\"target\":{\"@type\":\"EntryPoint\",\"urlTemplate\":\"https:\/\/www.hacienda.gob.do\/transparencia\/?s={search_term_string}\"},\"query-input\":\"required name=search_term_string\"}],\"inLanguage\":\"es-DO\"},{\"@type\":\"Organization\",\"@id\":\"https:\/\/www.hacienda.gob.do\/transparencia\/#organization\",\"name\":\"Ministerio de Hacienda y Econom\u00eda de Republica Dominicana\",\"alternateName\":\"MHE\",\"url\":\"https:\/\/www.hacienda.gob.do\/transparencia\/\",\"logo\":{\"@type\":\"ImageObject\",\"inLanguage\":\"es-DO\",\"@id\":\"https:\/\/www.hacienda.gob.do\/transparencia\/#\/schema\/logo\/image\/\",\"url\":\"https:\/\/www.hacienda.gob.do\/transparencia\/wp-content\/uploads\/2025\/09\/Logo-MHE.png\",\"contentUrl\":\"https:\/\/www.hacienda.gob.do\/transparencia\/wp-content\/uploads\/2025\/09\/Logo-MHE.png\",\"width\":696,\"height\":696,\"caption\":\"Ministerio de Hacienda y Econom\u00eda de Republica Dominicana\"},\"image\":{\"@id\":\"https:\/\/www.hacienda.gob.do\/transparencia\/#\/schema\/logo\/image\/\"},\"sameAs\":[\"https:\/\/web.facebook.com\/MinHaciendaRD\"]}]}<\/script>\n<!-- \/ Yoast SEO plugin. -->","yoast_head_json":{"title":"Oficina de libre acceso a la informaci\u00f3n - Ministerio de Hacienda y Econom\u00eda","description":"Accede a comunicados y publicaciones oficiales del Portal de Transparencia del Ministerio de Hacienda y Econom\u00eda.","robots":{"index":"index","follow":"follow","max-snippet":"max-snippet:-1","max-image-preview":"max-image-preview:large","max-video-preview":"max-video-preview:-1"},"canonical":"https:\/\/www.hacienda.gob.do\/transparencia\/oficina-de-libre-acceso-a-la-informacion\/","twitter_misc":{"Est. reading time":"1 minuto"},"schema":{"@context":"https:\/\/schema.org","@graph":[{"@type":"WebPage","@id":"https:\/\/www.hacienda.gob.do\/transparencia\/oficina-de-libre-acceso-a-la-informacion\/","url":"https:\/\/www.hacienda.gob.do\/transparencia\/oficina-de-libre-acceso-a-la-informacion\/","name":"Oficina de libre acceso a la informaci\u00f3n - Ministerio de Hacienda y Econom\u00eda","isPartOf":{"@id":"https:\/\/www.hacienda.gob.do\/transparencia\/#website"},"datePublished":"2022-11-14T13:13:44+00:00","dateModified":"2025-10-14T15:28:52+00:00","description":"Accede a comunicados y publicaciones oficiales del Portal de Transparencia del Ministerio de Hacienda y Econom\u00eda.","breadcrumb":{"@id":"https:\/\/www.hacienda.gob.do\/transparencia\/oficina-de-libre-acceso-a-la-informacion\/#breadcrumb"},"inLanguage":"es-DO","potentialAction":[{"@type":"ReadAction","target":["https:\/\/www.hacienda.gob.do\/transparencia\/oficina-de-libre-acceso-a-la-informacion\/"]}]},{"@type":"BreadcrumbList","@id":"https:\/\/www.hacienda.gob.do\/transparencia\/oficina-de-libre-acceso-a-la-informacion\/#breadcrumb","itemListElement":[{"@type":"ListItem","position":1,"name":"Inicio","item":"https:\/\/www.hacienda.gob.do\/"},{"@type":"ListItem","position":2,"name":"Transparencia","item":"https:\/\/www.hacienda.gob.do\/transparencia\/"},{"@type":"ListItem","position":3,"name":"Oficina de libre acceso a la informaci\u00f3n"}]},{"@type":"WebSite","@id":"https:\/\/www.hacienda.gob.do\/transparencia\/#website","url":"https:\/\/www.hacienda.gob.do\/transparencia\/","name":"Transparencia Institucional - Ministerio de Hacienda y Econom\u00eda","description":"","publisher":{"@id":"https:\/\/www.hacienda.gob.do\/transparencia\/#organization"},"alternateName":"Transparencia MHE","potentialAction":[{"@type":"SearchAction","target":{"@type":"EntryPoint","urlTemplate":"https:\/\/www.hacienda.gob.do\/transparencia\/?s={search_term_string}"},"query-input":"required name=search_term_string"}],"inLanguage":"es-DO"},{"@type":"Organization","@id":"https:\/\/www.hacienda.gob.do\/transparencia\/#organization","name":"Ministerio de Hacienda y Econom\u00eda de Republica Dominicana","alternateName":"MHE","url":"https:\/\/www.hacienda.gob.do\/transparencia\/","logo":{"@type":"ImageObject","inLanguage":"es-DO","@id":"https:\/\/www.hacienda.gob.do\/transparencia\/#\/schema\/logo\/image\/","url":"https:\/\/www.hacienda.gob.do\/transparencia\/wp-content\/uploads\/2025\/09\/Logo-MHE.png","contentUrl":"https:\/\/www.hacienda.gob.do\/transparencia\/wp-content\/uploads\/2025\/09\/Logo-MHE.png","width":696,"height":696,"caption":"Ministerio de Hacienda y Econom\u00eda de Republica Dominicana"},"image":{"@id":"https:\/\/www.hacienda.gob.do\/transparencia\/#\/schema\/logo\/image\/"},"sameAs":["https:\/\/web.facebook.com\/MinHaciendaRD"]}]}},"_links":{"self":[{"href":"https:\/\/www.hacienda.gob.do\/transparencia\/wp-json\/wp\/v2\/pages\/432","targetHints":{"allow":["GET"]}}],"collection":[{"href":"https:\/\/www.hacienda.gob.do\/transparencia\/wp-json\/wp\/v2\/pages"}],"about":[{"href":"https:\/\/www.hacienda.gob.do\/transparencia\/wp-json\/wp\/v2\/types\/page"}],"author":[{"embeddable":true,"href":"https:\/\/www.hacienda.gob.do\/transparencia\/wp-json\/wp\/v2\/users\/1"}],"replies":[{"embeddable":true,"href":"https:\/\/www.hacienda.gob.do\/transparencia\/wp-json\/wp\/v2\/comments?post=432"}],"version-history":[{"count":12,"href":"https:\/\/www.hacienda.gob.do\/transparencia\/wp-json\/wp\/v2\/pages\/432\/revisions"}],"predecessor-version":[{"id":20215,"href":"https:\/\/www.hacienda.gob.do\/transparencia\/wp-json\/wp\/v2\/pages\/432\/revisions\/20215"}],"wp:attachment":[{"href":"https:\/\/www.hacienda.gob.do\/transparencia\/wp-json\/wp\/v2\/media?parent=432"}],"curies":[{"name":"wp","href":"https:\/\/api.w.org\/{rel}","templated":true}]}}