{"id":4627,"date":"2023-03-13T11:44:59","date_gmt":"2023-03-13T15:44:59","guid":{"rendered":"https:\/\/pti.hacienda.gob.do\/?page_id=4627"},"modified":"2026-01-29T08:50:15","modified_gmt":"2026-01-29T12:50:15","slug":"bid-mh-dgii-4114-oc-dr","status":"publish","type":"page","link":"https:\/\/www.hacienda.gob.do\/transparencia\/proyectos-y-programas\/bid-mh-dgii-4114-oc-dr\/","title":{"rendered":"Programa BID-MH-DGII (4114\/OC-DR)"},"content":{"rendered":"<p><strong>Programa de Mejora de la Eficiencia de la Administraci\u00f3n Tributaria y de la Gesti\u00f3n del Gasto P\u00fablico<\/strong><\/p>\n<p>El objetivo del Programa es contribuir a reducir el d\u00e9ficit fiscal de forma sostenible. Los objetivos espec\u00edficos son: (i) incrementar, mediante una mayor eficiencia administrativa, la recaudaci\u00f3n tributaria como proporci\u00f3n del Producto Interno Bruto (PIB), y (ii) incrementar la disponibilidad de recursos e informaci\u00f3n para una eficiente gesti\u00f3n de caja.<\/p>\n<p>El programa se estructura en dos (2) componentes centrales. Componente I: Fortalecimiento de la Administraci\u00f3n Tributaria (AT) y Componente II: Mejora en la planificaci\u00f3n y gesti\u00f3n de las finanzas p\u00fablicas.<\/p>\n<h4>Componente II: Mejora en la Planificaci\u00f3n y Gesti\u00f3n de las Finanzas P\u00fablicas<\/h4>\n<p>El objetivo de este componente es ampliar la disponibilidad de recursos e informaci\u00f3n para una eficiente gesti\u00f3n de las finanzas p\u00fablicas. A su vez se divide en dos subcomponentes:<\/p>\n<ul>\n<li>Planificaci\u00f3n Macrofiscal<\/li>\n<li>Ajustes del Sistema de Informaci\u00f3n de la Gesti\u00f3n Financiera (SIGEF) y mejora en los procesos de ejecuci\u00f3n presupuestaria.<\/li>\n<\/ul>\n<h4>Costo del Proyecto y Plan de Financiamiento<\/h4>\n<p>El costo estimado del programa es de cincuenta millones de d\u00f3lares (US$50,000,000.00).<\/p>\n","protected":false},"excerpt":{"rendered":"<p>Programa de Mejora de la Eficiencia de la Administraci\u00f3n Tributaria y de la Gesti\u00f3n del Gasto P\u00fablico El objetivo del Programa es contribuir a reducir el d\u00e9ficit fiscal de forma sostenible. Los objetivos espec\u00edficos son: (i) incrementar, mediante una mayor eficiencia administrativa, la recaudaci\u00f3n tributaria como proporci\u00f3n del Producto Interno Bruto (PIB), y (ii) incrementar [&hellip;]<\/p>\n","protected":false},"author":1,"featured_media":0,"parent":14112,"menu_order":0,"comment_status":"closed","ping_status":"closed","template":"doc-basico.php","meta":{"footnotes":""},"class_list":["post-4627","page","type-page","status-publish","hentry"],"acf":[],"yoast_head":"<!-- This site is optimized with the Yoast SEO plugin v22.8 - https:\/\/yoast.com\/wordpress\/plugins\/seo\/ -->\n<title>Programa BID-MH-DGII (4114\/OC-DR) - Ministerio de Hacienda y Econom\u00eda<\/title>\n<meta name=\"description\" content=\"Accede a comunicados y publicaciones oficiales del Portal de Transparencia del Ministerio de Hacienda y Econom\u00eda.\" \/>\n<meta name=\"robots\" content=\"index, follow, max-snippet:-1, max-image-preview:large, max-video-preview:-1\" \/>\n<link rel=\"canonical\" href=\"https:\/\/www.hacienda.gob.do\/transparencia\/proyectos-y-programas\/bid-mh-dgii-4114-oc-dr\/\" \/>\n<meta name=\"twitter:label1\" content=\"Est. reading time\" \/>\n\t<meta name=\"twitter:data1\" content=\"1 minuto\" \/>\n<script type=\"application\/ld+json\" class=\"yoast-schema-graph\">{\"@context\":\"https:\/\/schema.org\",\"@graph\":[{\"@type\":\"WebPage\",\"@id\":\"https:\/\/www.hacienda.gob.do\/transparencia\/proyectos-y-programas\/bid-mh-dgii-4114-oc-dr\/\",\"url\":\"https:\/\/www.hacienda.gob.do\/transparencia\/proyectos-y-programas\/bid-mh-dgii-4114-oc-dr\/\",\"name\":\"Programa BID-MH-DGII (4114\/OC-DR) - Ministerio de Hacienda y Econom\u00eda\",\"isPartOf\":{\"@id\":\"https:\/\/www.hacienda.gob.do\/transparencia\/#website\"},\"datePublished\":\"2023-03-13T15:44:59+00:00\",\"dateModified\":\"2026-01-29T12:50:15+00:00\",\"description\":\"Accede a comunicados y publicaciones oficiales del Portal de Transparencia del Ministerio de Hacienda y Econom\u00eda.\",\"breadcrumb\":{\"@id\":\"https:\/\/www.hacienda.gob.do\/transparencia\/proyectos-y-programas\/bid-mh-dgii-4114-oc-dr\/#breadcrumb\"},\"inLanguage\":\"es-DO\",\"potentialAction\":[{\"@type\":\"ReadAction\",\"target\":[\"https:\/\/www.hacienda.gob.do\/transparencia\/proyectos-y-programas\/bid-mh-dgii-4114-oc-dr\/\"]}]},{\"@type\":\"BreadcrumbList\",\"@id\":\"https:\/\/www.hacienda.gob.do\/transparencia\/proyectos-y-programas\/bid-mh-dgii-4114-oc-dr\/#breadcrumb\",\"itemListElement\":[{\"@type\":\"ListItem\",\"position\":1,\"name\":\"Inicio\",\"item\":\"https:\/\/www.hacienda.gob.do\/\"},{\"@type\":\"ListItem\",\"position\":2,\"name\":\"Transparencia\",\"item\":\"https:\/\/www.hacienda.gob.do\/transparencia\/\"},{\"@type\":\"ListItem\",\"position\":3,\"name\":\"Proyectos y Programas\",\"item\":\"https:\/\/www.hacienda.gob.do\/transparencia\/proyectos-y-programas\/\"},{\"@type\":\"ListItem\",\"position\":4,\"name\":\"Programa BID-MH-DGII (4114\/OC-DR)\"}]},{\"@type\":\"WebSite\",\"@id\":\"https:\/\/www.hacienda.gob.do\/transparencia\/#website\",\"url\":\"https:\/\/www.hacienda.gob.do\/transparencia\/\",\"name\":\"Transparencia Institucional - Ministerio de Hacienda y Econom\u00eda\",\"description\":\"\",\"publisher\":{\"@id\":\"https:\/\/www.hacienda.gob.do\/transparencia\/#organization\"},\"alternateName\":\"Transparencia MHE\",\"potentialAction\":[{\"@type\":\"SearchAction\",\"target\":{\"@type\":\"EntryPoint\",\"urlTemplate\":\"https:\/\/www.hacienda.gob.do\/transparencia\/?s={search_term_string}\"},\"query-input\":\"required name=search_term_string\"}],\"inLanguage\":\"es-DO\"},{\"@type\":\"Organization\",\"@id\":\"https:\/\/www.hacienda.gob.do\/transparencia\/#organization\",\"name\":\"Ministerio de Hacienda y Econom\u00eda de Republica Dominicana\",\"alternateName\":\"MHE\",\"url\":\"https:\/\/www.hacienda.gob.do\/transparencia\/\",\"logo\":{\"@type\":\"ImageObject\",\"inLanguage\":\"es-DO\",\"@id\":\"https:\/\/www.hacienda.gob.do\/transparencia\/#\/schema\/logo\/image\/\",\"url\":\"https:\/\/www.hacienda.gob.do\/transparencia\/wp-content\/uploads\/2025\/09\/Logo-MHE.png\",\"contentUrl\":\"https:\/\/www.hacienda.gob.do\/transparencia\/wp-content\/uploads\/2025\/09\/Logo-MHE.png\",\"width\":696,\"height\":696,\"caption\":\"Ministerio de Hacienda y Econom\u00eda de Republica Dominicana\"},\"image\":{\"@id\":\"https:\/\/www.hacienda.gob.do\/transparencia\/#\/schema\/logo\/image\/\"},\"sameAs\":[\"https:\/\/web.facebook.com\/MinHaciendaRD\"]}]}<\/script>\n<!-- \/ Yoast SEO plugin. -->","yoast_head_json":{"title":"Programa BID-MH-DGII (4114\/OC-DR) - Ministerio de Hacienda y Econom\u00eda","description":"Accede a comunicados y publicaciones oficiales del Portal de Transparencia del Ministerio de Hacienda y Econom\u00eda.","robots":{"index":"index","follow":"follow","max-snippet":"max-snippet:-1","max-image-preview":"max-image-preview:large","max-video-preview":"max-video-preview:-1"},"canonical":"https:\/\/www.hacienda.gob.do\/transparencia\/proyectos-y-programas\/bid-mh-dgii-4114-oc-dr\/","twitter_misc":{"Est. reading time":"1 minuto"},"schema":{"@context":"https:\/\/schema.org","@graph":[{"@type":"WebPage","@id":"https:\/\/www.hacienda.gob.do\/transparencia\/proyectos-y-programas\/bid-mh-dgii-4114-oc-dr\/","url":"https:\/\/www.hacienda.gob.do\/transparencia\/proyectos-y-programas\/bid-mh-dgii-4114-oc-dr\/","name":"Programa BID-MH-DGII (4114\/OC-DR) - Ministerio de Hacienda y Econom\u00eda","isPartOf":{"@id":"https:\/\/www.hacienda.gob.do\/transparencia\/#website"},"datePublished":"2023-03-13T15:44:59+00:00","dateModified":"2026-01-29T12:50:15+00:00","description":"Accede a comunicados y publicaciones oficiales del Portal de Transparencia del Ministerio de Hacienda y Econom\u00eda.","breadcrumb":{"@id":"https:\/\/www.hacienda.gob.do\/transparencia\/proyectos-y-programas\/bid-mh-dgii-4114-oc-dr\/#breadcrumb"},"inLanguage":"es-DO","potentialAction":[{"@type":"ReadAction","target":["https:\/\/www.hacienda.gob.do\/transparencia\/proyectos-y-programas\/bid-mh-dgii-4114-oc-dr\/"]}]},{"@type":"BreadcrumbList","@id":"https:\/\/www.hacienda.gob.do\/transparencia\/proyectos-y-programas\/bid-mh-dgii-4114-oc-dr\/#breadcrumb","itemListElement":[{"@type":"ListItem","position":1,"name":"Inicio","item":"https:\/\/www.hacienda.gob.do\/"},{"@type":"ListItem","position":2,"name":"Transparencia","item":"https:\/\/www.hacienda.gob.do\/transparencia\/"},{"@type":"ListItem","position":3,"name":"Proyectos y Programas","item":"https:\/\/www.hacienda.gob.do\/transparencia\/proyectos-y-programas\/"},{"@type":"ListItem","position":4,"name":"Programa BID-MH-DGII (4114\/OC-DR)"}]},{"@type":"WebSite","@id":"https:\/\/www.hacienda.gob.do\/transparencia\/#website","url":"https:\/\/www.hacienda.gob.do\/transparencia\/","name":"Transparencia Institucional - Ministerio de Hacienda y Econom\u00eda","description":"","publisher":{"@id":"https:\/\/www.hacienda.gob.do\/transparencia\/#organization"},"alternateName":"Transparencia MHE","potentialAction":[{"@type":"SearchAction","target":{"@type":"EntryPoint","urlTemplate":"https:\/\/www.hacienda.gob.do\/transparencia\/?s={search_term_string}"},"query-input":"required name=search_term_string"}],"inLanguage":"es-DO"},{"@type":"Organization","@id":"https:\/\/www.hacienda.gob.do\/transparencia\/#organization","name":"Ministerio de Hacienda y Econom\u00eda de Republica Dominicana","alternateName":"MHE","url":"https:\/\/www.hacienda.gob.do\/transparencia\/","logo":{"@type":"ImageObject","inLanguage":"es-DO","@id":"https:\/\/www.hacienda.gob.do\/transparencia\/#\/schema\/logo\/image\/","url":"https:\/\/www.hacienda.gob.do\/transparencia\/wp-content\/uploads\/2025\/09\/Logo-MHE.png","contentUrl":"https:\/\/www.hacienda.gob.do\/transparencia\/wp-content\/uploads\/2025\/09\/Logo-MHE.png","width":696,"height":696,"caption":"Ministerio de Hacienda y Econom\u00eda de Republica Dominicana"},"image":{"@id":"https:\/\/www.hacienda.gob.do\/transparencia\/#\/schema\/logo\/image\/"},"sameAs":["https:\/\/web.facebook.com\/MinHaciendaRD"]}]}},"_links":{"self":[{"href":"https:\/\/www.hacienda.gob.do\/transparencia\/wp-json\/wp\/v2\/pages\/4627","targetHints":{"allow":["GET"]}}],"collection":[{"href":"https:\/\/www.hacienda.gob.do\/transparencia\/wp-json\/wp\/v2\/pages"}],"about":[{"href":"https:\/\/www.hacienda.gob.do\/transparencia\/wp-json\/wp\/v2\/types\/page"}],"author":[{"embeddable":true,"href":"https:\/\/www.hacienda.gob.do\/transparencia\/wp-json\/wp\/v2\/users\/1"}],"replies":[{"embeddable":true,"href":"https:\/\/www.hacienda.gob.do\/transparencia\/wp-json\/wp\/v2\/comments?post=4627"}],"version-history":[{"count":36,"href":"https:\/\/www.hacienda.gob.do\/transparencia\/wp-json\/wp\/v2\/pages\/4627\/revisions"}],"predecessor-version":[{"id":20747,"href":"https:\/\/www.hacienda.gob.do\/transparencia\/wp-json\/wp\/v2\/pages\/4627\/revisions\/20747"}],"up":[{"embeddable":true,"href":"https:\/\/www.hacienda.gob.do\/transparencia\/wp-json\/wp\/v2\/pages\/14112"}],"wp:attachment":[{"href":"https:\/\/www.hacienda.gob.do\/transparencia\/wp-json\/wp\/v2\/media?parent=4627"}],"curies":[{"name":"wp","href":"https:\/\/api.w.org\/{rel}","templated":true}]}}