{"id":5203,"date":"2023-03-14T14:23:18","date_gmt":"2023-03-14T18:23:18","guid":{"rendered":"https:\/\/pti.hacienda.gob.do\/?page_id=5203"},"modified":"2025-10-20T15:34:25","modified_gmt":"2025-10-20T19:34:25","slug":"comision-de-integridad-gubernamental-y-cumplimiento-normativo-cigcn","status":"publish","type":"page","link":"https:\/\/www.hacienda.gob.do\/transparencia\/comision-de-integridad-gubernamental-y-cumplimiento-normativo-cigcn\/","title":{"rendered":"Comisi\u00f3n de Integridad Gubernamental y Cumplimiento Normativo (CIGCN)"},"content":{"rendered":"<p><img decoding=\"async\" alt=\"\" data-fileentryid=\"373481\" src=\"\/wp-content\/uploads\/2023\/03\/Comunicado-DIGEIG-sobre-Conformacion-de-las-CEP.jpeg\" style=\"width: 100%;\n\"><\/p>\n<h2 class=\"text-primary2\">Documentos<\/h2>\n","protected":false},"excerpt":{"rendered":"<p>Documentos<\/p>\n","protected":false},"author":1,"featured_media":0,"parent":0,"menu_order":0,"comment_status":"closed","ping_status":"closed","template":"doc-basico.php","meta":{"footnotes":""},"class_list":["post-5203","page","type-page","status-publish","hentry"],"acf":[],"yoast_head":"<!-- This site is optimized with the Yoast SEO plugin v22.8 - https:\/\/yoast.com\/wordpress\/plugins\/seo\/ -->\n<title>Comisi\u00f3n de Integridad Gubernamental y Cumplimiento Normativo (CIGCN) | Ministerio de Hacienda y Econom\u00eda RD<\/title>\n<meta name=\"description\" content=\"Conoce la Comisi\u00f3n de Integridad Gubernamental y Cumplimiento Normativo (CIGCN) del Ministerio de Hacienda y Econom\u00eda RD. \u00d3rgano institucional para promover la \u00e9tica, la transparencia y el cumplimiento normativo.\" \/>\n<meta name=\"robots\" content=\"index, follow, max-snippet:-1, max-image-preview:large, max-video-preview:-1\" \/>\n<link rel=\"canonical\" href=\"https:\/\/www.hacienda.gob.do\/transparencia\/comision-de-integridad-gubernamental-y-cumplimiento-normativo-cigcn\/\" \/>\n<meta name=\"twitter:label1\" content=\"Est. reading time\" \/>\n\t<meta name=\"twitter:data1\" content=\"1 minuto\" \/>\n<script type=\"application\/ld+json\" class=\"yoast-schema-graph\">{\"@context\":\"https:\/\/schema.org\",\"@graph\":[{\"@type\":\"WebPage\",\"@id\":\"https:\/\/www.hacienda.gob.do\/transparencia\/comision-de-integridad-gubernamental-y-cumplimiento-normativo-cigcn\/\",\"url\":\"https:\/\/www.hacienda.gob.do\/transparencia\/comision-de-integridad-gubernamental-y-cumplimiento-normativo-cigcn\/\",\"name\":\"Comisi\u00f3n de Integridad Gubernamental y Cumplimiento Normativo (CIGCN) | Ministerio de Hacienda y Econom\u00eda RD\",\"isPartOf\":{\"@id\":\"https:\/\/www.hacienda.gob.do\/transparencia\/#website\"},\"datePublished\":\"2023-03-14T18:23:18+00:00\",\"dateModified\":\"2025-10-20T19:34:25+00:00\",\"description\":\"Conoce la Comisi\u00f3n de Integridad Gubernamental y Cumplimiento Normativo (CIGCN) del Ministerio de Hacienda y Econom\u00eda RD. \u00d3rgano institucional para promover la \u00e9tica, la transparencia y el cumplimiento normativo.\",\"breadcrumb\":{\"@id\":\"https:\/\/www.hacienda.gob.do\/transparencia\/comision-de-integridad-gubernamental-y-cumplimiento-normativo-cigcn\/#breadcrumb\"},\"inLanguage\":\"es-DO\",\"potentialAction\":[{\"@type\":\"ReadAction\",\"target\":[\"https:\/\/www.hacienda.gob.do\/transparencia\/comision-de-integridad-gubernamental-y-cumplimiento-normativo-cigcn\/\"]}]},{\"@type\":\"BreadcrumbList\",\"@id\":\"https:\/\/www.hacienda.gob.do\/transparencia\/comision-de-integridad-gubernamental-y-cumplimiento-normativo-cigcn\/#breadcrumb\",\"itemListElement\":[{\"@type\":\"ListItem\",\"position\":1,\"name\":\"Inicio\",\"item\":\"https:\/\/www.hacienda.gob.do\/\"},{\"@type\":\"ListItem\",\"position\":2,\"name\":\"Transparencia\",\"item\":\"https:\/\/www.hacienda.gob.do\/transparencia\/\"},{\"@type\":\"ListItem\",\"position\":3,\"name\":\"Comisi\u00f3n de Integridad Gubernamental y Cumplimiento Normativo (CIGCN)\"}]},{\"@type\":\"WebSite\",\"@id\":\"https:\/\/www.hacienda.gob.do\/transparencia\/#website\",\"url\":\"https:\/\/www.hacienda.gob.do\/transparencia\/\",\"name\":\"Transparencia Institucional - Ministerio de Hacienda y Econom\u00eda\",\"description\":\"\",\"publisher\":{\"@id\":\"https:\/\/www.hacienda.gob.do\/transparencia\/#organization\"},\"alternateName\":\"Transparencia MHE\",\"potentialAction\":[{\"@type\":\"SearchAction\",\"target\":{\"@type\":\"EntryPoint\",\"urlTemplate\":\"https:\/\/www.hacienda.gob.do\/transparencia\/?s={search_term_string}\"},\"query-input\":\"required name=search_term_string\"}],\"inLanguage\":\"es-DO\"},{\"@type\":\"Organization\",\"@id\":\"https:\/\/www.hacienda.gob.do\/transparencia\/#organization\",\"name\":\"Ministerio de Hacienda y Econom\u00eda de Republica Dominicana\",\"alternateName\":\"MHE\",\"url\":\"https:\/\/www.hacienda.gob.do\/transparencia\/\",\"logo\":{\"@type\":\"ImageObject\",\"inLanguage\":\"es-DO\",\"@id\":\"https:\/\/www.hacienda.gob.do\/transparencia\/#\/schema\/logo\/image\/\",\"url\":\"https:\/\/www.hacienda.gob.do\/transparencia\/wp-content\/uploads\/2025\/09\/Logo-MHE.png\",\"contentUrl\":\"https:\/\/www.hacienda.gob.do\/transparencia\/wp-content\/uploads\/2025\/09\/Logo-MHE.png\",\"width\":696,\"height\":696,\"caption\":\"Ministerio de Hacienda y Econom\u00eda de Republica Dominicana\"},\"image\":{\"@id\":\"https:\/\/www.hacienda.gob.do\/transparencia\/#\/schema\/logo\/image\/\"},\"sameAs\":[\"https:\/\/web.facebook.com\/MinHaciendaRD\"]}]}<\/script>\n<!-- \/ Yoast SEO plugin. -->","yoast_head_json":{"title":"Comisi\u00f3n de Integridad Gubernamental y Cumplimiento Normativo (CIGCN) | Ministerio de Hacienda y Econom\u00eda RD","description":"Conoce la Comisi\u00f3n de Integridad Gubernamental y Cumplimiento Normativo (CIGCN) del Ministerio de Hacienda y Econom\u00eda RD. \u00d3rgano institucional para promover la \u00e9tica, la transparencia y el cumplimiento normativo.","robots":{"index":"index","follow":"follow","max-snippet":"max-snippet:-1","max-image-preview":"max-image-preview:large","max-video-preview":"max-video-preview:-1"},"canonical":"https:\/\/www.hacienda.gob.do\/transparencia\/comision-de-integridad-gubernamental-y-cumplimiento-normativo-cigcn\/","twitter_misc":{"Est. reading time":"1 minuto"},"schema":{"@context":"https:\/\/schema.org","@graph":[{"@type":"WebPage","@id":"https:\/\/www.hacienda.gob.do\/transparencia\/comision-de-integridad-gubernamental-y-cumplimiento-normativo-cigcn\/","url":"https:\/\/www.hacienda.gob.do\/transparencia\/comision-de-integridad-gubernamental-y-cumplimiento-normativo-cigcn\/","name":"Comisi\u00f3n de Integridad Gubernamental y Cumplimiento Normativo (CIGCN) | Ministerio de Hacienda y Econom\u00eda RD","isPartOf":{"@id":"https:\/\/www.hacienda.gob.do\/transparencia\/#website"},"datePublished":"2023-03-14T18:23:18+00:00","dateModified":"2025-10-20T19:34:25+00:00","description":"Conoce la Comisi\u00f3n de Integridad Gubernamental y Cumplimiento Normativo (CIGCN) del Ministerio de Hacienda y Econom\u00eda RD. \u00d3rgano institucional para promover la \u00e9tica, la transparencia y el cumplimiento normativo.","breadcrumb":{"@id":"https:\/\/www.hacienda.gob.do\/transparencia\/comision-de-integridad-gubernamental-y-cumplimiento-normativo-cigcn\/#breadcrumb"},"inLanguage":"es-DO","potentialAction":[{"@type":"ReadAction","target":["https:\/\/www.hacienda.gob.do\/transparencia\/comision-de-integridad-gubernamental-y-cumplimiento-normativo-cigcn\/"]}]},{"@type":"BreadcrumbList","@id":"https:\/\/www.hacienda.gob.do\/transparencia\/comision-de-integridad-gubernamental-y-cumplimiento-normativo-cigcn\/#breadcrumb","itemListElement":[{"@type":"ListItem","position":1,"name":"Inicio","item":"https:\/\/www.hacienda.gob.do\/"},{"@type":"ListItem","position":2,"name":"Transparencia","item":"https:\/\/www.hacienda.gob.do\/transparencia\/"},{"@type":"ListItem","position":3,"name":"Comisi\u00f3n de Integridad Gubernamental y Cumplimiento Normativo (CIGCN)"}]},{"@type":"WebSite","@id":"https:\/\/www.hacienda.gob.do\/transparencia\/#website","url":"https:\/\/www.hacienda.gob.do\/transparencia\/","name":"Transparencia Institucional - Ministerio de Hacienda y Econom\u00eda","description":"","publisher":{"@id":"https:\/\/www.hacienda.gob.do\/transparencia\/#organization"},"alternateName":"Transparencia MHE","potentialAction":[{"@type":"SearchAction","target":{"@type":"EntryPoint","urlTemplate":"https:\/\/www.hacienda.gob.do\/transparencia\/?s={search_term_string}"},"query-input":"required name=search_term_string"}],"inLanguage":"es-DO"},{"@type":"Organization","@id":"https:\/\/www.hacienda.gob.do\/transparencia\/#organization","name":"Ministerio de Hacienda y Econom\u00eda de Republica Dominicana","alternateName":"MHE","url":"https:\/\/www.hacienda.gob.do\/transparencia\/","logo":{"@type":"ImageObject","inLanguage":"es-DO","@id":"https:\/\/www.hacienda.gob.do\/transparencia\/#\/schema\/logo\/image\/","url":"https:\/\/www.hacienda.gob.do\/transparencia\/wp-content\/uploads\/2025\/09\/Logo-MHE.png","contentUrl":"https:\/\/www.hacienda.gob.do\/transparencia\/wp-content\/uploads\/2025\/09\/Logo-MHE.png","width":696,"height":696,"caption":"Ministerio de Hacienda y Econom\u00eda de Republica Dominicana"},"image":{"@id":"https:\/\/www.hacienda.gob.do\/transparencia\/#\/schema\/logo\/image\/"},"sameAs":["https:\/\/web.facebook.com\/MinHaciendaRD"]}]}},"_links":{"self":[{"href":"https:\/\/www.hacienda.gob.do\/transparencia\/wp-json\/wp\/v2\/pages\/5203","targetHints":{"allow":["GET"]}}],"collection":[{"href":"https:\/\/www.hacienda.gob.do\/transparencia\/wp-json\/wp\/v2\/pages"}],"about":[{"href":"https:\/\/www.hacienda.gob.do\/transparencia\/wp-json\/wp\/v2\/types\/page"}],"author":[{"embeddable":true,"href":"https:\/\/www.hacienda.gob.do\/transparencia\/wp-json\/wp\/v2\/users\/1"}],"replies":[{"embeddable":true,"href":"https:\/\/www.hacienda.gob.do\/transparencia\/wp-json\/wp\/v2\/comments?post=5203"}],"version-history":[{"count":16,"href":"https:\/\/www.hacienda.gob.do\/transparencia\/wp-json\/wp\/v2\/pages\/5203\/revisions"}],"predecessor-version":[{"id":19869,"href":"https:\/\/www.hacienda.gob.do\/transparencia\/wp-json\/wp\/v2\/pages\/5203\/revisions\/19869"}],"wp:attachment":[{"href":"https:\/\/www.hacienda.gob.do\/transparencia\/wp-json\/wp\/v2\/media?parent=5203"}],"curies":[{"name":"wp","href":"https:\/\/api.w.org\/{rel}","templated":true}]}}