{"id":5245,"date":"2023-03-14T15:24:55","date_gmt":"2023-03-14T19:24:55","guid":{"rendered":"https:\/\/pti.hacienda.gob.do\/?page_id=5245"},"modified":"2025-10-20T15:40:39","modified_gmt":"2025-10-20T19:40:39","slug":"consultas-publicas","status":"publish","type":"page","link":"https:\/\/www.hacienda.gob.do\/transparencia\/consultas-publicas\/","title":{"rendered":"Consultas P\u00fablicas"},"content":{"rendered":"<p class=\"p1\">El\u00a0<b>MINISTERIO DE HACIENDA<\/b>, en cumplimiento a lo dispuesto en los art\u00edculos 22 y  23 de la Ley n\u00fam. 167-21 de Mejora Regulatoria y Simplificaci\u00f3n de Tr\u00e1mites, de fecha 9 de agosto de 2021, as\u00ed como en los art\u00edculos 30 y siguientes del Decreto n\u00fam. 486-22 que establece el Reglamento de Aplicaci\u00f3n de la Ley n\u00fam. 167-21, de fecha 24 de agosto de 2022, y el art\u00edculo 31 de la Ley n\u00fam. 107-13 sobre los Derechos de las Personas en sus Relaciones con la Administraci\u00f3n y de Procedimiento Administrativo, de fecha 6 de agosto de 2013, inicia formalmente el procedimiento consultivo para la emisi\u00f3n de proyectos de regulaciones y normas de car\u00e1cter general. El texto completo de cada proyecto sometido a consulta p\u00fablica se encuentra disponible en los enlaces abajo indicados, correspondientes al proyecto de resoluci\u00f3n o norma de que se trate.<\/p>\n<p class=\"p1\">Las observaciones, recomendaciones y sugerencias deber\u00e1n ser presentadas por escrito, utilizando el Formulario de Consultas P\u00fablicas que puede descargarse en el indicado enlace, el cual debe ser remitido al correo electr\u00f3nico:\u00a0<a href=\"mailto:consultaspublicas@hacienda.gov.do\"><span class=\"s1\">consultaspublicas@hacienda.gov.do<\/span><\/a>; o depositado en f\u00edsico en la sede del Ministerio de Hacienda, sito en la Avenida M\u00e9xico n\u00fam. 45, sector Gascue, Santo Domingo de Guzm\u00e1n, Distrito Nacional.<\/p>\n<p class=\"p1\">En caso de presentar alguna dificultad para acceder al enlace indicado o le sea reportado alg\u00fan error de recepci\u00f3n del referido correo electr\u00f3nico, deber\u00e1 comunicarse al Departamento de Verificaci\u00f3n de Normas y Cumplimiento Legal, Direcci\u00f3n Jur\u00eddica, al tel\u00e9fono 809-687-5131, extensiones 2594 y 2558.<\/p>\n<p class=\"p1\">El Ministerio de Hacienda decidir\u00e1, conforme al procedimiento establecido en la normativa vigente, sobre la pertinencia de incorporar las observaciones, recomendaciones y modificaciones sugeridas al anteproyecto sometido a consulta p\u00fablica.<\/p>\n<h5 class=\"text-primary2\">FORMULARIO DE OBSERVACIONES, RECOMENDACIONES Y SUGERENCIAS<\/h5>\n<ul class=\"media-list small\">\n<li> <a href=\"\/transparencia\/wp-content\/uploads\/2023\/09\/FORM-VNCL-003-Formulario-para-Consulta-Publica.xlsx\" target=\"_blank\" rel=\"noopener\"> <img alt=\" Icono de tipo de archivo\" src=\/transparencia\/wp-content\/themes\/transparencia\/images\/icon-xls.svg\" class=\"thumb\">\n<div class=\"info\">\n<h4>Formulario de Consulta P\u00fablica<\/h4>\n<p> <strong><\/strong><\/p>\n<p>40 kb | 14 sep 2023 <\/p>\n<\/p><\/div>\n<p> <\/a> <\/li>\n<\/ul>\n<ul class=\"card-list alt\">\n<li> <a href=\"https:\/\/www.hacienda.gob.do\/transparencia\/consulta-publica\/procesos-de-consultas-abiertas\/\" rel=\"noopener\">\n<div style=\"display: flex;align-items: baseline;width: inherit;\">\n<h4 style=\"width: -webkit-fill-available;\n\">Procesos de Consultas Abiertas<\/h4>\n<p style=\"width: 2%;color: #0f2d63;\"><i class=\"fas fa-angle-right\"><\/i><\/p>\n<\/div>\n<p><\/a><\/li>\n<li> <a href=\"https:\/\/www.hacienda.gob.do\/transparencia\/consulta-publica\/relacion-de-consultas-publica\/\" rel=\"noopener\">\n<div style=\"display: flex;align-items: baseline;width: inherit;\">\n<h4 style=\"width: -webkit-fill-available;\n\">Relaci\u00f3n de Consultas P\u00fablica<\/h4>\n<p style=\"width: 2%;color: #0f2d63;\"><i class=\"fas fa-angle-right\"><\/i><\/p>\n<\/div>\n<p><\/a><\/li>\n<\/ul>\n","protected":false},"excerpt":{"rendered":"<p>El\u00a0MINISTERIO DE HACIENDA, en cumplimiento a lo dispuesto en los art\u00edculos 22 y 23 de la Ley n\u00fam. 167-21 de Mejora Regulatoria y Simplificaci\u00f3n de Tr\u00e1mites, de fecha 9 de agosto de 2021, as\u00ed como en los art\u00edculos 30 y siguientes del Decreto n\u00fam. 486-22 que establece el Reglamento de Aplicaci\u00f3n de la Ley n\u00fam. [&hellip;]<\/p>\n","protected":false},"author":1,"featured_media":0,"parent":0,"menu_order":0,"comment_status":"closed","ping_status":"closed","template":"doc-basico.php","meta":{"footnotes":""},"class_list":["post-5245","page","type-page","status-publish","hentry"],"acf":[],"yoast_head":"<!-- This site is optimized with the Yoast SEO plugin v22.8 - https:\/\/yoast.com\/wordpress\/plugins\/seo\/ -->\n<title>Consultas P\u00fablicas | Ministerio de Hacienda y Econom\u00eda RD<\/title>\n<meta name=\"description\" content=\"Participa en las consultas p\u00fablicas del Ministerio de Hacienda y Econom\u00eda RD. Revisa proyectos normativos, descarga formularios y env\u00eda tus observaciones y recomendaciones.\" \/>\n<meta name=\"robots\" content=\"index, follow, max-snippet:-1, max-image-preview:large, max-video-preview:-1\" \/>\n<link rel=\"canonical\" href=\"https:\/\/www.hacienda.gob.do\/transparencia\/consultas-publicas\/\" \/>\n<meta name=\"twitter:label1\" content=\"Est. reading time\" \/>\n\t<meta name=\"twitter:data1\" content=\"2 minutos\" \/>\n<script type=\"application\/ld+json\" class=\"yoast-schema-graph\">{\"@context\":\"https:\/\/schema.org\",\"@graph\":[{\"@type\":\"WebPage\",\"@id\":\"https:\/\/www.hacienda.gob.do\/transparencia\/consultas-publicas\/\",\"url\":\"https:\/\/www.hacienda.gob.do\/transparencia\/consultas-publicas\/\",\"name\":\"Consultas P\u00fablicas | Ministerio de Hacienda y Econom\u00eda RD\",\"isPartOf\":{\"@id\":\"https:\/\/www.hacienda.gob.do\/transparencia\/#website\"},\"datePublished\":\"2023-03-14T19:24:55+00:00\",\"dateModified\":\"2025-10-20T19:40:39+00:00\",\"description\":\"Participa en las consultas p\u00fablicas del Ministerio de Hacienda y Econom\u00eda RD. Revisa proyectos normativos, descarga formularios y env\u00eda tus observaciones y recomendaciones.\",\"breadcrumb\":{\"@id\":\"https:\/\/www.hacienda.gob.do\/transparencia\/consultas-publicas\/#breadcrumb\"},\"inLanguage\":\"es-DO\",\"potentialAction\":[{\"@type\":\"ReadAction\",\"target\":[\"https:\/\/www.hacienda.gob.do\/transparencia\/consultas-publicas\/\"]}]},{\"@type\":\"BreadcrumbList\",\"@id\":\"https:\/\/www.hacienda.gob.do\/transparencia\/consultas-publicas\/#breadcrumb\",\"itemListElement\":[{\"@type\":\"ListItem\",\"position\":1,\"name\":\"Inicio\",\"item\":\"https:\/\/www.hacienda.gob.do\/\"},{\"@type\":\"ListItem\",\"position\":2,\"name\":\"Transparencia\",\"item\":\"https:\/\/www.hacienda.gob.do\/transparencia\/\"},{\"@type\":\"ListItem\",\"position\":3,\"name\":\"Consultas P\u00fablicas\"}]},{\"@type\":\"WebSite\",\"@id\":\"https:\/\/www.hacienda.gob.do\/transparencia\/#website\",\"url\":\"https:\/\/www.hacienda.gob.do\/transparencia\/\",\"name\":\"Transparencia Institucional - Ministerio de Hacienda y Econom\u00eda\",\"description\":\"\",\"publisher\":{\"@id\":\"https:\/\/www.hacienda.gob.do\/transparencia\/#organization\"},\"alternateName\":\"Transparencia MHE\",\"potentialAction\":[{\"@type\":\"SearchAction\",\"target\":{\"@type\":\"EntryPoint\",\"urlTemplate\":\"https:\/\/www.hacienda.gob.do\/transparencia\/?s={search_term_string}\"},\"query-input\":\"required name=search_term_string\"}],\"inLanguage\":\"es-DO\"},{\"@type\":\"Organization\",\"@id\":\"https:\/\/www.hacienda.gob.do\/transparencia\/#organization\",\"name\":\"Ministerio de Hacienda y Econom\u00eda de Republica Dominicana\",\"alternateName\":\"MHE\",\"url\":\"https:\/\/www.hacienda.gob.do\/transparencia\/\",\"logo\":{\"@type\":\"ImageObject\",\"inLanguage\":\"es-DO\",\"@id\":\"https:\/\/www.hacienda.gob.do\/transparencia\/#\/schema\/logo\/image\/\",\"url\":\"https:\/\/www.hacienda.gob.do\/transparencia\/wp-content\/uploads\/2025\/09\/Logo-MHE.png\",\"contentUrl\":\"https:\/\/www.hacienda.gob.do\/transparencia\/wp-content\/uploads\/2025\/09\/Logo-MHE.png\",\"width\":696,\"height\":696,\"caption\":\"Ministerio de Hacienda y Econom\u00eda de Republica Dominicana\"},\"image\":{\"@id\":\"https:\/\/www.hacienda.gob.do\/transparencia\/#\/schema\/logo\/image\/\"},\"sameAs\":[\"https:\/\/web.facebook.com\/MinHaciendaRD\"]}]}<\/script>\n<!-- \/ Yoast SEO plugin. -->","yoast_head_json":{"title":"Consultas P\u00fablicas | Ministerio de Hacienda y Econom\u00eda RD","description":"Participa en las consultas p\u00fablicas del Ministerio de Hacienda y Econom\u00eda RD. Revisa proyectos normativos, descarga formularios y env\u00eda tus observaciones y recomendaciones.","robots":{"index":"index","follow":"follow","max-snippet":"max-snippet:-1","max-image-preview":"max-image-preview:large","max-video-preview":"max-video-preview:-1"},"canonical":"https:\/\/www.hacienda.gob.do\/transparencia\/consultas-publicas\/","twitter_misc":{"Est. reading time":"2 minutos"},"schema":{"@context":"https:\/\/schema.org","@graph":[{"@type":"WebPage","@id":"https:\/\/www.hacienda.gob.do\/transparencia\/consultas-publicas\/","url":"https:\/\/www.hacienda.gob.do\/transparencia\/consultas-publicas\/","name":"Consultas P\u00fablicas | Ministerio de Hacienda y Econom\u00eda RD","isPartOf":{"@id":"https:\/\/www.hacienda.gob.do\/transparencia\/#website"},"datePublished":"2023-03-14T19:24:55+00:00","dateModified":"2025-10-20T19:40:39+00:00","description":"Participa en las consultas p\u00fablicas del Ministerio de Hacienda y Econom\u00eda RD. Revisa proyectos normativos, descarga formularios y env\u00eda tus observaciones y recomendaciones.","breadcrumb":{"@id":"https:\/\/www.hacienda.gob.do\/transparencia\/consultas-publicas\/#breadcrumb"},"inLanguage":"es-DO","potentialAction":[{"@type":"ReadAction","target":["https:\/\/www.hacienda.gob.do\/transparencia\/consultas-publicas\/"]}]},{"@type":"BreadcrumbList","@id":"https:\/\/www.hacienda.gob.do\/transparencia\/consultas-publicas\/#breadcrumb","itemListElement":[{"@type":"ListItem","position":1,"name":"Inicio","item":"https:\/\/www.hacienda.gob.do\/"},{"@type":"ListItem","position":2,"name":"Transparencia","item":"https:\/\/www.hacienda.gob.do\/transparencia\/"},{"@type":"ListItem","position":3,"name":"Consultas P\u00fablicas"}]},{"@type":"WebSite","@id":"https:\/\/www.hacienda.gob.do\/transparencia\/#website","url":"https:\/\/www.hacienda.gob.do\/transparencia\/","name":"Transparencia Institucional - Ministerio de Hacienda y Econom\u00eda","description":"","publisher":{"@id":"https:\/\/www.hacienda.gob.do\/transparencia\/#organization"},"alternateName":"Transparencia MHE","potentialAction":[{"@type":"SearchAction","target":{"@type":"EntryPoint","urlTemplate":"https:\/\/www.hacienda.gob.do\/transparencia\/?s={search_term_string}"},"query-input":"required name=search_term_string"}],"inLanguage":"es-DO"},{"@type":"Organization","@id":"https:\/\/www.hacienda.gob.do\/transparencia\/#organization","name":"Ministerio de Hacienda y Econom\u00eda de Republica Dominicana","alternateName":"MHE","url":"https:\/\/www.hacienda.gob.do\/transparencia\/","logo":{"@type":"ImageObject","inLanguage":"es-DO","@id":"https:\/\/www.hacienda.gob.do\/transparencia\/#\/schema\/logo\/image\/","url":"https:\/\/www.hacienda.gob.do\/transparencia\/wp-content\/uploads\/2025\/09\/Logo-MHE.png","contentUrl":"https:\/\/www.hacienda.gob.do\/transparencia\/wp-content\/uploads\/2025\/09\/Logo-MHE.png","width":696,"height":696,"caption":"Ministerio de Hacienda y Econom\u00eda de Republica Dominicana"},"image":{"@id":"https:\/\/www.hacienda.gob.do\/transparencia\/#\/schema\/logo\/image\/"},"sameAs":["https:\/\/web.facebook.com\/MinHaciendaRD"]}]}},"_links":{"self":[{"href":"https:\/\/www.hacienda.gob.do\/transparencia\/wp-json\/wp\/v2\/pages\/5245","targetHints":{"allow":["GET"]}}],"collection":[{"href":"https:\/\/www.hacienda.gob.do\/transparencia\/wp-json\/wp\/v2\/pages"}],"about":[{"href":"https:\/\/www.hacienda.gob.do\/transparencia\/wp-json\/wp\/v2\/types\/page"}],"author":[{"embeddable":true,"href":"https:\/\/www.hacienda.gob.do\/transparencia\/wp-json\/wp\/v2\/users\/1"}],"replies":[{"embeddable":true,"href":"https:\/\/www.hacienda.gob.do\/transparencia\/wp-json\/wp\/v2\/comments?post=5245"}],"version-history":[{"count":20,"href":"https:\/\/www.hacienda.gob.do\/transparencia\/wp-json\/wp\/v2\/pages\/5245\/revisions"}],"predecessor-version":[{"id":20001,"href":"https:\/\/www.hacienda.gob.do\/transparencia\/wp-json\/wp\/v2\/pages\/5245\/revisions\/20001"}],"wp:attachment":[{"href":"https:\/\/www.hacienda.gob.do\/transparencia\/wp-json\/wp\/v2\/media?parent=5245"}],"curies":[{"name":"wp","href":"https:\/\/api.w.org\/{rel}","templated":true}]}}