{"id":5287,"date":"2023-03-16T11:01:04","date_gmt":"2023-03-16T15:01:04","guid":{"rendered":"https:\/\/pti.hacienda.gob.do\/?page_id=5287"},"modified":"2026-02-25T10:16:32","modified_gmt":"2026-02-25T14:16:32","slug":"datos-abiertos","status":"publish","type":"page","link":"https:\/\/www.hacienda.gob.do\/transparencia\/datos-abiertos\/","title":{"rendered":"Datos abiertos"},"content":{"rendered":"<p style=\"margin-bottom: 2rem;margin-top: 2rem;\">\n  <a href=\"http:\/\/datos.gob.do\" target=\"_blank\" rel=\"noopener\"><br \/>\n    <img decoding=\"async\" alt=\"Banner a un Enlace Externo\" src=\"\/transparencia\/wp-content\/uploads\/2023\/03\/datos_logo.png\" class=\"img-fluid mx-auto d-block\"><br \/>\n  <\/a>\n<\/p>\n<div class=\"direct-card\">\n<div class=\"head\">\n<div class=\"icon\">\n      <img decoding=\"async\" alt=\"Icono de carpeta de Expediente\" src=\"\/transparencia\/wp-content\/uploads\/2023\/03\/icon-acceso-dark.svg\">\n    <\/div>\n<h5 class=\"mb-0\">Estadisticas de ejecuci\u00f3n de Gastos y Aplicaciones Financieras<\/h5>\n<p>    <!--\n\n<p class=\"ml-auto\"><span>12 Documentos<\/span><\/p>\n\n-->\n  <\/div>\n<div class=\"body mx-md-4 mx-3 pb-4\">\n<ul class=\"doc-list\">\n<li>\n        <a href=\"\/transparencia\/datos-abiertos\/estadisticas-de-ejecucion-de-gastos-y-aplicaciones-financieras\"><br \/>\n          <strong style=\"width: 20%;\">2017 &#8211; 2025<\/strong> |<br \/>\n          <em style=\"width: -webkit-fill-available;\">Ver Documentos<\/em><br \/>\n          <i class=\"ml-auto fa fa-chevron-right\"><\/i><br \/>\n        <\/a>\n      <\/li>\n<\/ul><\/div>\n<\/div>\n<div class=\"direct-card\">\n<div class=\"head\">\n<div class=\"icon\">\n      <img decoding=\"async\" alt=\"Icono de carpeta de Expediente\" src=\"\/transparencia\/wp-content\/uploads\/2023\/03\/icon-acceso-dark.svg\">\n    <\/div>\n<h5 class=\"mb-0\">Estad\u00edsticas del 4% a la Educaci\u00f3n<\/h5>\n<p>    <!--\n\n<p class=\"ml-auto\"><span>12 Documentos<\/span><\/p>\n\n-->\n  <\/div>\n<div class=\"body mx-md-4 mx-3 pb-4\">\n<ul class=\"doc-list\">\n<li>\n        <a href=\"\/transparencia\/datos-abiertos\/estadisticas-educacion\/\"><br \/>\n          <strong style=\"width: 20%;\">2017 &#8211; 2025<\/strong> |<br \/>\n          <em style=\"width: -webkit-fill-available;\">Ver Documentos<\/em><br \/>\n          <i class=\"ml-auto fa fa-chevron-right\"><\/i><br \/>\n        <\/a>\n      <\/li>\n<\/ul><\/div>\n<\/div>\n<div class=\"direct-card\">\n<div class=\"head\">\n<div class=\"icon\">\n      <img decoding=\"async\" alt=\"Icono de carpeta de Expediente\" src=\"\/transparencia\/wp-content\/uploads\/2023\/03\/icon-acceso-dark.svg\">\n    <\/div>\n<h5 class=\"mb-0\">Estad\u00edsticas de Proyectos de Inversi\u00f3n<\/h5>\n<p>    <!--\n\n<p class=\"ml-auto\"><span>12 Documentos<\/span><\/p>\n\n-->\n  <\/div>\n<div class=\"body mx-md-4 mx-3 pb-4\">\n<ul class=\"doc-list\">\n<li>\n        <a href=\"\/transparencia\/datos-abiertos\/estadisticas-de-proyectos-de-inversion\/\"><br \/>\n          <strong style=\"width: 20%;\">2017 &#8211; 2025<\/strong> |<br \/>\n          <em style=\"width: -webkit-fill-available;\">Ver Documentos<\/em><br \/>\n          <i class=\"ml-auto fa fa-chevron-right\"><\/i><br \/>\n        <\/a>\n      <\/li>\n<\/ul><\/div>\n<\/div>\n<div class=\"direct-card\">\n<div class=\"head\">\n<div class=\"icon\">\n      <img decoding=\"async\" alt=\"Icono de carpeta de Expediente\" src=\"\/transparencia\/wp-content\/uploads\/2023\/03\/icon-acceso-dark.svg\">\n    <\/div>\n<h5 class=\"mb-0\">Gastos Institucionales por Concepto Presupuestario<\/h5>\n<p>    <!--\n\n<p class=\"ml-auto\"><span>12 Documentos<\/span><\/p>\n\n-->\n  <\/div>\n<div class=\"body mx-md-4 mx-3 pb-4\">\n<ul class=\"doc-list\">\n<li>\n        <a href=\"\/transparencia\/datos-abiertos\/gastos-institucionales-por-concepto-presupuestario\/\"><br \/>\n          <strong style=\"width: 20%;\">2024 &#8211; 2025<\/strong> |<br \/>\n          <em style=\"width: -webkit-fill-available;\">Ver Documentos<\/em><br \/>\n          <i class=\"ml-auto fa fa-chevron-right\"><\/i><br \/>\n        <\/a>\n      <\/li>\n<\/ul><\/div>\n<\/div>\n<div class=\"direct-card\">\n<div class=\"head\">\n<div class=\"icon\">\n      <img decoding=\"async\" alt=\"Icono de carpeta de Expediente\" src=\"\/transparencia\/wp-content\/uploads\/2023\/03\/icon-acceso-dark.svg\">\n    <\/div>\n<h5 class=\"mb-0\">Estad\u00edsticas de Salario M\u00ednimo<\/h5>\n<p>    <!--\n\n<p class=\"ml-auto\"><span>12 Documentos<\/span><\/p>\n\n-->\n  <\/div>\n<div class=\"body mx-md-4 mx-3 pb-4\">\n<ul class=\"doc-list\">\n<li>\n        <a href=\"\/transparencia\/datos-abiertos\/estadisticas-de-salario-minimo\/\"><br \/>\n          <strong style=\"width: 20%;\">2000 &#8211; 2025<\/strong> |<br \/>\n          <em style=\"width: -webkit-fill-available;\">Ver Documentos<\/em><br \/>\n          <i class=\"ml-auto fa fa-chevron-right\"><\/i><br \/>\n        <\/a>\n      <\/li>\n<\/ul><\/div>\n<\/div>\n","protected":false},"excerpt":{"rendered":"<p>Estadisticas de ejecuci\u00f3n de Gastos y Aplicaciones Financieras 2017 &#8211; 2025 | Ver Documentos Estad\u00edsticas del 4% a la Educaci\u00f3n 2017 &#8211; 2025 | Ver Documentos Estad\u00edsticas de Proyectos de Inversi\u00f3n 2017 &#8211; 2025 | Ver Documentos Gastos Institucionales por Concepto Presupuestario 2024 &#8211; 2025 | Ver Documentos Estad\u00edsticas de Salario M\u00ednimo 2000 &#8211; 2025 [&hellip;]<\/p>\n","protected":false},"author":1,"featured_media":0,"parent":0,"menu_order":0,"comment_status":"closed","ping_status":"closed","template":"doc-basico.php","meta":{"footnotes":""},"class_list":["post-5287","page","type-page","status-publish","hentry"],"acf":[],"yoast_head":"<!-- This site is optimized with the Yoast SEO plugin v22.8 - https:\/\/yoast.com\/wordpress\/plugins\/seo\/ -->\n<title>Datos abiertos - Ministerio de Hacienda y Econom\u00eda<\/title>\n<meta name=\"description\" content=\"Accede a comunicados y publicaciones oficiales del Portal de Transparencia del Ministerio de Hacienda y Econom\u00eda.\" \/>\n<meta name=\"robots\" content=\"index, follow, max-snippet:-1, max-image-preview:large, max-video-preview:-1\" \/>\n<link rel=\"canonical\" href=\"https:\/\/www.hacienda.gob.do\/transparencia\/datos-abiertos\/\" \/>\n<meta name=\"twitter:label1\" content=\"Est. reading time\" \/>\n\t<meta name=\"twitter:data1\" content=\"2 minutos\" \/>\n<script type=\"application\/ld+json\" class=\"yoast-schema-graph\">{\"@context\":\"https:\/\/schema.org\",\"@graph\":[{\"@type\":\"WebPage\",\"@id\":\"https:\/\/www.hacienda.gob.do\/transparencia\/datos-abiertos\/\",\"url\":\"https:\/\/www.hacienda.gob.do\/transparencia\/datos-abiertos\/\",\"name\":\"Datos abiertos - Ministerio de Hacienda y Econom\u00eda\",\"isPartOf\":{\"@id\":\"https:\/\/www.hacienda.gob.do\/transparencia\/#website\"},\"datePublished\":\"2023-03-16T15:01:04+00:00\",\"dateModified\":\"2026-02-25T14:16:32+00:00\",\"description\":\"Accede a comunicados y publicaciones oficiales del Portal de Transparencia del Ministerio de Hacienda y Econom\u00eda.\",\"breadcrumb\":{\"@id\":\"https:\/\/www.hacienda.gob.do\/transparencia\/datos-abiertos\/#breadcrumb\"},\"inLanguage\":\"es-DO\",\"potentialAction\":[{\"@type\":\"ReadAction\",\"target\":[\"https:\/\/www.hacienda.gob.do\/transparencia\/datos-abiertos\/\"]}]},{\"@type\":\"BreadcrumbList\",\"@id\":\"https:\/\/www.hacienda.gob.do\/transparencia\/datos-abiertos\/#breadcrumb\",\"itemListElement\":[{\"@type\":\"ListItem\",\"position\":1,\"name\":\"Inicio\",\"item\":\"https:\/\/www.hacienda.gob.do\/\"},{\"@type\":\"ListItem\",\"position\":2,\"name\":\"Transparencia\",\"item\":\"https:\/\/www.hacienda.gob.do\/transparencia\/\"},{\"@type\":\"ListItem\",\"position\":3,\"name\":\"Datos abiertos\"}]},{\"@type\":\"WebSite\",\"@id\":\"https:\/\/www.hacienda.gob.do\/transparencia\/#website\",\"url\":\"https:\/\/www.hacienda.gob.do\/transparencia\/\",\"name\":\"Transparencia Institucional - Ministerio de Hacienda y Econom\u00eda\",\"description\":\"\",\"publisher\":{\"@id\":\"https:\/\/www.hacienda.gob.do\/transparencia\/#organization\"},\"alternateName\":\"Transparencia MHE\",\"potentialAction\":[{\"@type\":\"SearchAction\",\"target\":{\"@type\":\"EntryPoint\",\"urlTemplate\":\"https:\/\/www.hacienda.gob.do\/transparencia\/?s={search_term_string}\"},\"query-input\":\"required name=search_term_string\"}],\"inLanguage\":\"es-DO\"},{\"@type\":\"Organization\",\"@id\":\"https:\/\/www.hacienda.gob.do\/transparencia\/#organization\",\"name\":\"Ministerio de Hacienda y Econom\u00eda de Republica Dominicana\",\"alternateName\":\"MHE\",\"url\":\"https:\/\/www.hacienda.gob.do\/transparencia\/\",\"logo\":{\"@type\":\"ImageObject\",\"inLanguage\":\"es-DO\",\"@id\":\"https:\/\/www.hacienda.gob.do\/transparencia\/#\/schema\/logo\/image\/\",\"url\":\"https:\/\/www.hacienda.gob.do\/transparencia\/wp-content\/uploads\/2025\/09\/Logo-MHE.png\",\"contentUrl\":\"https:\/\/www.hacienda.gob.do\/transparencia\/wp-content\/uploads\/2025\/09\/Logo-MHE.png\",\"width\":696,\"height\":696,\"caption\":\"Ministerio de Hacienda y Econom\u00eda de Republica Dominicana\"},\"image\":{\"@id\":\"https:\/\/www.hacienda.gob.do\/transparencia\/#\/schema\/logo\/image\/\"},\"sameAs\":[\"https:\/\/web.facebook.com\/MinHaciendaRD\"]}]}<\/script>\n<!-- \/ Yoast SEO plugin. -->","yoast_head_json":{"title":"Datos abiertos - Ministerio de Hacienda y Econom\u00eda","description":"Accede a comunicados y publicaciones oficiales del Portal de Transparencia del Ministerio de Hacienda y Econom\u00eda.","robots":{"index":"index","follow":"follow","max-snippet":"max-snippet:-1","max-image-preview":"max-image-preview:large","max-video-preview":"max-video-preview:-1"},"canonical":"https:\/\/www.hacienda.gob.do\/transparencia\/datos-abiertos\/","twitter_misc":{"Est. reading time":"2 minutos"},"schema":{"@context":"https:\/\/schema.org","@graph":[{"@type":"WebPage","@id":"https:\/\/www.hacienda.gob.do\/transparencia\/datos-abiertos\/","url":"https:\/\/www.hacienda.gob.do\/transparencia\/datos-abiertos\/","name":"Datos abiertos - Ministerio de Hacienda y Econom\u00eda","isPartOf":{"@id":"https:\/\/www.hacienda.gob.do\/transparencia\/#website"},"datePublished":"2023-03-16T15:01:04+00:00","dateModified":"2026-02-25T14:16:32+00:00","description":"Accede a comunicados y publicaciones oficiales del Portal de Transparencia del Ministerio de Hacienda y Econom\u00eda.","breadcrumb":{"@id":"https:\/\/www.hacienda.gob.do\/transparencia\/datos-abiertos\/#breadcrumb"},"inLanguage":"es-DO","potentialAction":[{"@type":"ReadAction","target":["https:\/\/www.hacienda.gob.do\/transparencia\/datos-abiertos\/"]}]},{"@type":"BreadcrumbList","@id":"https:\/\/www.hacienda.gob.do\/transparencia\/datos-abiertos\/#breadcrumb","itemListElement":[{"@type":"ListItem","position":1,"name":"Inicio","item":"https:\/\/www.hacienda.gob.do\/"},{"@type":"ListItem","position":2,"name":"Transparencia","item":"https:\/\/www.hacienda.gob.do\/transparencia\/"},{"@type":"ListItem","position":3,"name":"Datos abiertos"}]},{"@type":"WebSite","@id":"https:\/\/www.hacienda.gob.do\/transparencia\/#website","url":"https:\/\/www.hacienda.gob.do\/transparencia\/","name":"Transparencia Institucional - Ministerio de Hacienda y Econom\u00eda","description":"","publisher":{"@id":"https:\/\/www.hacienda.gob.do\/transparencia\/#organization"},"alternateName":"Transparencia MHE","potentialAction":[{"@type":"SearchAction","target":{"@type":"EntryPoint","urlTemplate":"https:\/\/www.hacienda.gob.do\/transparencia\/?s={search_term_string}"},"query-input":"required name=search_term_string"}],"inLanguage":"es-DO"},{"@type":"Organization","@id":"https:\/\/www.hacienda.gob.do\/transparencia\/#organization","name":"Ministerio de Hacienda y Econom\u00eda de Republica Dominicana","alternateName":"MHE","url":"https:\/\/www.hacienda.gob.do\/transparencia\/","logo":{"@type":"ImageObject","inLanguage":"es-DO","@id":"https:\/\/www.hacienda.gob.do\/transparencia\/#\/schema\/logo\/image\/","url":"https:\/\/www.hacienda.gob.do\/transparencia\/wp-content\/uploads\/2025\/09\/Logo-MHE.png","contentUrl":"https:\/\/www.hacienda.gob.do\/transparencia\/wp-content\/uploads\/2025\/09\/Logo-MHE.png","width":696,"height":696,"caption":"Ministerio de Hacienda y Econom\u00eda de Republica Dominicana"},"image":{"@id":"https:\/\/www.hacienda.gob.do\/transparencia\/#\/schema\/logo\/image\/"},"sameAs":["https:\/\/web.facebook.com\/MinHaciendaRD"]}]}},"_links":{"self":[{"href":"https:\/\/www.hacienda.gob.do\/transparencia\/wp-json\/wp\/v2\/pages\/5287","targetHints":{"allow":["GET"]}}],"collection":[{"href":"https:\/\/www.hacienda.gob.do\/transparencia\/wp-json\/wp\/v2\/pages"}],"about":[{"href":"https:\/\/www.hacienda.gob.do\/transparencia\/wp-json\/wp\/v2\/types\/page"}],"author":[{"embeddable":true,"href":"https:\/\/www.hacienda.gob.do\/transparencia\/wp-json\/wp\/v2\/users\/1"}],"replies":[{"embeddable":true,"href":"https:\/\/www.hacienda.gob.do\/transparencia\/wp-json\/wp\/v2\/comments?post=5287"}],"version-history":[{"count":28,"href":"https:\/\/www.hacienda.gob.do\/transparencia\/wp-json\/wp\/v2\/pages\/5287\/revisions"}],"predecessor-version":[{"id":21010,"href":"https:\/\/www.hacienda.gob.do\/transparencia\/wp-json\/wp\/v2\/pages\/5287\/revisions\/21010"}],"wp:attachment":[{"href":"https:\/\/www.hacienda.gob.do\/transparencia\/wp-json\/wp\/v2\/media?parent=5287"}],"curies":[{"name":"wp","href":"https:\/\/api.w.org\/{rel}","templated":true}]}}