{"id":611,"date":"2022-11-14T14:45:41","date_gmt":"2022-11-14T18:45:41","guid":{"rendered":"http:\/\/transparencia-hacienda.local\/?page_id=611"},"modified":"2026-04-17T12:01:19","modified_gmt":"2026-04-17T16:01:19","slug":"estadisticas-de-las-quejas-reclamaciones-y-sugerencia-del-311","status":"publish","type":"page","link":"https:\/\/www.hacienda.gob.do\/transparencia\/portal-311\/estadisticas-de-las-quejas-reclamaciones-y-sugerencia-del-311\/","title":{"rendered":"Estad\u00edsticas de las Quejas, Reclamaciones Y Sugerencias recibidas a trav\u00e9s del 311"},"content":{"rendered":"","protected":false},"excerpt":{"rendered":"","protected":false},"author":1,"featured_media":0,"parent":14099,"menu_order":0,"comment_status":"closed","ping_status":"closed","template":"doc-basico.php","meta":{"footnotes":""},"class_list":["post-611","page","type-page","status-publish","hentry"],"acf":[],"yoast_head":"<!-- This site is optimized with the Yoast SEO plugin v22.8 - https:\/\/yoast.com\/wordpress\/plugins\/seo\/ -->\n<title>Estad\u00edsticas 311 | Quejas, Reclamaciones y Sugerencias | Ministerio de Hacienda y Econom\u00eda RD<\/title>\n<meta name=\"description\" content=\"Consulta las estad\u00edsticas trimestrales y anuales de quejas, reclamaciones y sugerencias recibidas a trav\u00e9s del Portal 311 del Ministerio de Hacienda y Econom\u00eda RD.\" \/>\n<meta name=\"robots\" content=\"index, follow, max-snippet:-1, max-image-preview:large, max-video-preview:-1\" \/>\n<link rel=\"canonical\" href=\"https:\/\/www.hacienda.gob.do\/transparencia\/portal-311\/estadisticas-de-las-quejas-reclamaciones-y-sugerencia-del-311\/\" \/>\n<script type=\"application\/ld+json\" class=\"yoast-schema-graph\">{\"@context\":\"https:\/\/schema.org\",\"@graph\":[{\"@type\":\"WebPage\",\"@id\":\"https:\/\/www.hacienda.gob.do\/transparencia\/portal-311\/estadisticas-de-las-quejas-reclamaciones-y-sugerencia-del-311\/\",\"url\":\"https:\/\/www.hacienda.gob.do\/transparencia\/portal-311\/estadisticas-de-las-quejas-reclamaciones-y-sugerencia-del-311\/\",\"name\":\"Estad\u00edsticas 311 | Quejas, Reclamaciones y Sugerencias | Ministerio de Hacienda y Econom\u00eda RD\",\"isPartOf\":{\"@id\":\"https:\/\/www.hacienda.gob.do\/transparencia\/#website\"},\"datePublished\":\"2022-11-14T18:45:41+00:00\",\"dateModified\":\"2026-04-17T16:01:19+00:00\",\"description\":\"Consulta las estad\u00edsticas trimestrales y anuales de quejas, reclamaciones y sugerencias recibidas a trav\u00e9s del Portal 311 del Ministerio de Hacienda y Econom\u00eda RD.\",\"breadcrumb\":{\"@id\":\"https:\/\/www.hacienda.gob.do\/transparencia\/portal-311\/estadisticas-de-las-quejas-reclamaciones-y-sugerencia-del-311\/#breadcrumb\"},\"inLanguage\":\"es-DO\",\"potentialAction\":[{\"@type\":\"ReadAction\",\"target\":[\"https:\/\/www.hacienda.gob.do\/transparencia\/portal-311\/estadisticas-de-las-quejas-reclamaciones-y-sugerencia-del-311\/\"]}]},{\"@type\":\"BreadcrumbList\",\"@id\":\"https:\/\/www.hacienda.gob.do\/transparencia\/portal-311\/estadisticas-de-las-quejas-reclamaciones-y-sugerencia-del-311\/#breadcrumb\",\"itemListElement\":[{\"@type\":\"ListItem\",\"position\":1,\"name\":\"Inicio\",\"item\":\"https:\/\/www.hacienda.gob.do\/\"},{\"@type\":\"ListItem\",\"position\":2,\"name\":\"Transparencia\",\"item\":\"https:\/\/www.hacienda.gob.do\/transparencia\/\"},{\"@type\":\"ListItem\",\"position\":3,\"name\":\"Acceso al Portal 311 sobre Quejas, Reclamaciones, Sugerencias y Denuncias\",\"item\":\"https:\/\/www.hacienda.gob.do\/transparencia\/portal-311\/\"},{\"@type\":\"ListItem\",\"position\":4,\"name\":\"Estad\u00edsticas de las Quejas, Reclamaciones Y Sugerencias recibidas a trav\u00e9s del 311\"}]},{\"@type\":\"WebSite\",\"@id\":\"https:\/\/www.hacienda.gob.do\/transparencia\/#website\",\"url\":\"https:\/\/www.hacienda.gob.do\/transparencia\/\",\"name\":\"Transparencia Institucional - Ministerio de Hacienda y Econom\u00eda\",\"description\":\"\",\"publisher\":{\"@id\":\"https:\/\/www.hacienda.gob.do\/transparencia\/#organization\"},\"alternateName\":\"Transparencia MHE\",\"potentialAction\":[{\"@type\":\"SearchAction\",\"target\":{\"@type\":\"EntryPoint\",\"urlTemplate\":\"https:\/\/www.hacienda.gob.do\/transparencia\/?s={search_term_string}\"},\"query-input\":\"required name=search_term_string\"}],\"inLanguage\":\"es-DO\"},{\"@type\":\"Organization\",\"@id\":\"https:\/\/www.hacienda.gob.do\/transparencia\/#organization\",\"name\":\"Ministerio de Hacienda y Econom\u00eda de Republica Dominicana\",\"alternateName\":\"MHE\",\"url\":\"https:\/\/www.hacienda.gob.do\/transparencia\/\",\"logo\":{\"@type\":\"ImageObject\",\"inLanguage\":\"es-DO\",\"@id\":\"https:\/\/www.hacienda.gob.do\/transparencia\/#\/schema\/logo\/image\/\",\"url\":\"https:\/\/www.hacienda.gob.do\/transparencia\/wp-content\/uploads\/2025\/09\/Logo-MHE.png\",\"contentUrl\":\"https:\/\/www.hacienda.gob.do\/transparencia\/wp-content\/uploads\/2025\/09\/Logo-MHE.png\",\"width\":696,\"height\":696,\"caption\":\"Ministerio de Hacienda y Econom\u00eda de Republica Dominicana\"},\"image\":{\"@id\":\"https:\/\/www.hacienda.gob.do\/transparencia\/#\/schema\/logo\/image\/\"},\"sameAs\":[\"https:\/\/web.facebook.com\/MinHaciendaRD\"]}]}<\/script>\n<!-- \/ Yoast SEO plugin. -->","yoast_head_json":{"title":"Estad\u00edsticas 311 | Quejas, Reclamaciones y Sugerencias | Ministerio de Hacienda y Econom\u00eda RD","description":"Consulta las estad\u00edsticas trimestrales y anuales de quejas, reclamaciones y sugerencias recibidas a trav\u00e9s del Portal 311 del Ministerio de Hacienda y Econom\u00eda RD.","robots":{"index":"index","follow":"follow","max-snippet":"max-snippet:-1","max-image-preview":"max-image-preview:large","max-video-preview":"max-video-preview:-1"},"canonical":"https:\/\/www.hacienda.gob.do\/transparencia\/portal-311\/estadisticas-de-las-quejas-reclamaciones-y-sugerencia-del-311\/","schema":{"@context":"https:\/\/schema.org","@graph":[{"@type":"WebPage","@id":"https:\/\/www.hacienda.gob.do\/transparencia\/portal-311\/estadisticas-de-las-quejas-reclamaciones-y-sugerencia-del-311\/","url":"https:\/\/www.hacienda.gob.do\/transparencia\/portal-311\/estadisticas-de-las-quejas-reclamaciones-y-sugerencia-del-311\/","name":"Estad\u00edsticas 311 | Quejas, Reclamaciones y Sugerencias | Ministerio de Hacienda y Econom\u00eda RD","isPartOf":{"@id":"https:\/\/www.hacienda.gob.do\/transparencia\/#website"},"datePublished":"2022-11-14T18:45:41+00:00","dateModified":"2026-04-17T16:01:19+00:00","description":"Consulta las estad\u00edsticas trimestrales y anuales de quejas, reclamaciones y sugerencias recibidas a trav\u00e9s del Portal 311 del Ministerio de Hacienda y Econom\u00eda RD.","breadcrumb":{"@id":"https:\/\/www.hacienda.gob.do\/transparencia\/portal-311\/estadisticas-de-las-quejas-reclamaciones-y-sugerencia-del-311\/#breadcrumb"},"inLanguage":"es-DO","potentialAction":[{"@type":"ReadAction","target":["https:\/\/www.hacienda.gob.do\/transparencia\/portal-311\/estadisticas-de-las-quejas-reclamaciones-y-sugerencia-del-311\/"]}]},{"@type":"BreadcrumbList","@id":"https:\/\/www.hacienda.gob.do\/transparencia\/portal-311\/estadisticas-de-las-quejas-reclamaciones-y-sugerencia-del-311\/#breadcrumb","itemListElement":[{"@type":"ListItem","position":1,"name":"Inicio","item":"https:\/\/www.hacienda.gob.do\/"},{"@type":"ListItem","position":2,"name":"Transparencia","item":"https:\/\/www.hacienda.gob.do\/transparencia\/"},{"@type":"ListItem","position":3,"name":"Acceso al Portal 311 sobre Quejas, Reclamaciones, Sugerencias y Denuncias","item":"https:\/\/www.hacienda.gob.do\/transparencia\/portal-311\/"},{"@type":"ListItem","position":4,"name":"Estad\u00edsticas de las Quejas, Reclamaciones Y Sugerencias recibidas a trav\u00e9s del 311"}]},{"@type":"WebSite","@id":"https:\/\/www.hacienda.gob.do\/transparencia\/#website","url":"https:\/\/www.hacienda.gob.do\/transparencia\/","name":"Transparencia Institucional - Ministerio de Hacienda y Econom\u00eda","description":"","publisher":{"@id":"https:\/\/www.hacienda.gob.do\/transparencia\/#organization"},"alternateName":"Transparencia MHE","potentialAction":[{"@type":"SearchAction","target":{"@type":"EntryPoint","urlTemplate":"https:\/\/www.hacienda.gob.do\/transparencia\/?s={search_term_string}"},"query-input":"required name=search_term_string"}],"inLanguage":"es-DO"},{"@type":"Organization","@id":"https:\/\/www.hacienda.gob.do\/transparencia\/#organization","name":"Ministerio de Hacienda y Econom\u00eda de Republica Dominicana","alternateName":"MHE","url":"https:\/\/www.hacienda.gob.do\/transparencia\/","logo":{"@type":"ImageObject","inLanguage":"es-DO","@id":"https:\/\/www.hacienda.gob.do\/transparencia\/#\/schema\/logo\/image\/","url":"https:\/\/www.hacienda.gob.do\/transparencia\/wp-content\/uploads\/2025\/09\/Logo-MHE.png","contentUrl":"https:\/\/www.hacienda.gob.do\/transparencia\/wp-content\/uploads\/2025\/09\/Logo-MHE.png","width":696,"height":696,"caption":"Ministerio de Hacienda y Econom\u00eda de Republica Dominicana"},"image":{"@id":"https:\/\/www.hacienda.gob.do\/transparencia\/#\/schema\/logo\/image\/"},"sameAs":["https:\/\/web.facebook.com\/MinHaciendaRD"]}]}},"_links":{"self":[{"href":"https:\/\/www.hacienda.gob.do\/transparencia\/wp-json\/wp\/v2\/pages\/611","targetHints":{"allow":["GET"]}}],"collection":[{"href":"https:\/\/www.hacienda.gob.do\/transparencia\/wp-json\/wp\/v2\/pages"}],"about":[{"href":"https:\/\/www.hacienda.gob.do\/transparencia\/wp-json\/wp\/v2\/types\/page"}],"author":[{"embeddable":true,"href":"https:\/\/www.hacienda.gob.do\/transparencia\/wp-json\/wp\/v2\/users\/1"}],"replies":[{"embeddable":true,"href":"https:\/\/www.hacienda.gob.do\/transparencia\/wp-json\/wp\/v2\/comments?post=611"}],"version-history":[{"count":23,"href":"https:\/\/www.hacienda.gob.do\/transparencia\/wp-json\/wp\/v2\/pages\/611\/revisions"}],"predecessor-version":[{"id":21574,"href":"https:\/\/www.hacienda.gob.do\/transparencia\/wp-json\/wp\/v2\/pages\/611\/revisions\/21574"}],"up":[{"embeddable":true,"href":"https:\/\/www.hacienda.gob.do\/transparencia\/wp-json\/wp\/v2\/pages\/14099"}],"wp:attachment":[{"href":"https:\/\/www.hacienda.gob.do\/transparencia\/wp-json\/wp\/v2\/media?parent=611"}],"curies":[{"name":"wp","href":"https:\/\/api.w.org\/{rel}","templated":true}]}}