{"id":643,"date":"2022-11-14T15:06:18","date_gmt":"2022-11-14T19:06:18","guid":{"rendered":"http:\/\/transparencia-hacienda.local\/?page_id=643"},"modified":"2026-02-05T12:16:41","modified_gmt":"2026-02-05T16:16:41","slug":"declaraciones-juradas-de-patrimonio","status":"publish","type":"page","link":"https:\/\/www.hacienda.gob.do\/transparencia\/declaraciones-juradas-de-patrimonio\/","title":{"rendered":"Declaraci\u00f3n Jurada de Patrimonio"},"content":{"rendered":"<p class=\"text-secondary\"><em>Los datos personales han sido protegidos de conformidad con el art\u00edculo 18 de la Ley 200-04 de Libre Acceso a la Informaci\u00f3n P\u00fablica, de fecha 28 de julio de 2004 y el art\u00edculo 28 de su Reglamento de aplicaci\u00f3n aprobado mediante Decreto 130-05, de fecha 25 de febrero de 2005.<\/em><\/p>\n<ul class=\"card-list alt\">\n<li><a href=\"https:\/\/consultadjp.camaradecuentas.gob.do\/\" target=\"_blank\" rel=\"noopener\"><br \/>\n<\/a><\/p>\n<h4 style=\"width: -webkit-fill-available;\">Consulta de DJP en la C\u00e1mara de Cuenta<\/h4>\n<p>&nbsp;<\/p>\n<p>&nbsp;<\/p>\n<div style=\"display: flex; align-items: baseline; width: inherit;\"><\/div>\n<\/li>\n<\/ul>\n<p><a href=\"https:\/\/consultadjp.camaradecuentas.gob.do\/\" target=\"_blank\" rel=\"noopener\"><img decoding=\"async\" class=\"img-fluid mx-auto d-block\" src=\"\/transparencia\/wp-content\/uploads\/2023\/03\/Logo-CCRD.png\" alt=\"Banner a un Enlace Externo\" \/><\/a><\/p>\n","protected":false},"excerpt":{"rendered":"<p>Los datos personales han sido protegidos de conformidad con el art\u00edculo 18 de la Ley 200-04 de Libre Acceso a la Informaci\u00f3n P\u00fablica, de fecha 28 de julio de 2004 y el art\u00edculo 28 de su Reglamento de aplicaci\u00f3n aprobado mediante Decreto 130-05, de fecha 25 de febrero de 2005. Consulta de DJP en la [&hellip;]<\/p>\n","protected":false},"author":1,"featured_media":0,"parent":0,"menu_order":0,"comment_status":"closed","ping_status":"closed","template":"doc-basico.php","meta":{"footnotes":""},"class_list":["post-643","page","type-page","status-publish","hentry"],"acf":[],"yoast_head":"<!-- This site is optimized with the Yoast SEO plugin v22.8 - https:\/\/yoast.com\/wordpress\/plugins\/seo\/ -->\n<title>Declaraci\u00f3n Jurada de Patrimonio - Ministerio de Hacienda y Econom\u00eda<\/title>\n<meta name=\"description\" content=\"Accede a comunicados y publicaciones oficiales del Portal de Transparencia del Ministerio de Hacienda y Econom\u00eda.\" \/>\n<meta name=\"robots\" content=\"index, follow, max-snippet:-1, max-image-preview:large, max-video-preview:-1\" \/>\n<link rel=\"canonical\" href=\"https:\/\/www.hacienda.gob.do\/transparencia\/declaraciones-juradas-de-patrimonio\/\" \/>\n<meta name=\"twitter:label1\" content=\"Est. reading time\" \/>\n\t<meta name=\"twitter:data1\" content=\"1 minuto\" \/>\n<script type=\"application\/ld+json\" class=\"yoast-schema-graph\">{\"@context\":\"https:\/\/schema.org\",\"@graph\":[{\"@type\":\"WebPage\",\"@id\":\"https:\/\/www.hacienda.gob.do\/transparencia\/declaraciones-juradas-de-patrimonio\/\",\"url\":\"https:\/\/www.hacienda.gob.do\/transparencia\/declaraciones-juradas-de-patrimonio\/\",\"name\":\"Declaraci\u00f3n Jurada de Patrimonio - Ministerio de Hacienda y Econom\u00eda\",\"isPartOf\":{\"@id\":\"https:\/\/www.hacienda.gob.do\/transparencia\/#website\"},\"datePublished\":\"2022-11-14T19:06:18+00:00\",\"dateModified\":\"2026-02-05T16:16:41+00:00\",\"description\":\"Accede a comunicados y publicaciones oficiales del Portal de Transparencia del Ministerio de Hacienda y Econom\u00eda.\",\"breadcrumb\":{\"@id\":\"https:\/\/www.hacienda.gob.do\/transparencia\/declaraciones-juradas-de-patrimonio\/#breadcrumb\"},\"inLanguage\":\"es-DO\",\"potentialAction\":[{\"@type\":\"ReadAction\",\"target\":[\"https:\/\/www.hacienda.gob.do\/transparencia\/declaraciones-juradas-de-patrimonio\/\"]}]},{\"@type\":\"BreadcrumbList\",\"@id\":\"https:\/\/www.hacienda.gob.do\/transparencia\/declaraciones-juradas-de-patrimonio\/#breadcrumb\",\"itemListElement\":[{\"@type\":\"ListItem\",\"position\":1,\"name\":\"Inicio\",\"item\":\"https:\/\/www.hacienda.gob.do\/\"},{\"@type\":\"ListItem\",\"position\":2,\"name\":\"Transparencia\",\"item\":\"https:\/\/www.hacienda.gob.do\/transparencia\/\"},{\"@type\":\"ListItem\",\"position\":3,\"name\":\"Declaraci\u00f3n Jurada de Patrimonio\"}]},{\"@type\":\"WebSite\",\"@id\":\"https:\/\/www.hacienda.gob.do\/transparencia\/#website\",\"url\":\"https:\/\/www.hacienda.gob.do\/transparencia\/\",\"name\":\"Transparencia Institucional - Ministerio de Hacienda y Econom\u00eda\",\"description\":\"\",\"publisher\":{\"@id\":\"https:\/\/www.hacienda.gob.do\/transparencia\/#organization\"},\"alternateName\":\"Transparencia MHE\",\"potentialAction\":[{\"@type\":\"SearchAction\",\"target\":{\"@type\":\"EntryPoint\",\"urlTemplate\":\"https:\/\/www.hacienda.gob.do\/transparencia\/?s={search_term_string}\"},\"query-input\":\"required name=search_term_string\"}],\"inLanguage\":\"es-DO\"},{\"@type\":\"Organization\",\"@id\":\"https:\/\/www.hacienda.gob.do\/transparencia\/#organization\",\"name\":\"Ministerio de Hacienda y Econom\u00eda de Republica Dominicana\",\"alternateName\":\"MHE\",\"url\":\"https:\/\/www.hacienda.gob.do\/transparencia\/\",\"logo\":{\"@type\":\"ImageObject\",\"inLanguage\":\"es-DO\",\"@id\":\"https:\/\/www.hacienda.gob.do\/transparencia\/#\/schema\/logo\/image\/\",\"url\":\"https:\/\/www.hacienda.gob.do\/transparencia\/wp-content\/uploads\/2025\/09\/Logo-MHE.png\",\"contentUrl\":\"https:\/\/www.hacienda.gob.do\/transparencia\/wp-content\/uploads\/2025\/09\/Logo-MHE.png\",\"width\":696,\"height\":696,\"caption\":\"Ministerio de Hacienda y Econom\u00eda de Republica Dominicana\"},\"image\":{\"@id\":\"https:\/\/www.hacienda.gob.do\/transparencia\/#\/schema\/logo\/image\/\"},\"sameAs\":[\"https:\/\/web.facebook.com\/MinHaciendaRD\"]}]}<\/script>\n<!-- \/ Yoast SEO plugin. -->","yoast_head_json":{"title":"Declaraci\u00f3n Jurada de Patrimonio - Ministerio de Hacienda y Econom\u00eda","description":"Accede a comunicados y publicaciones oficiales del Portal de Transparencia del Ministerio de Hacienda y Econom\u00eda.","robots":{"index":"index","follow":"follow","max-snippet":"max-snippet:-1","max-image-preview":"max-image-preview:large","max-video-preview":"max-video-preview:-1"},"canonical":"https:\/\/www.hacienda.gob.do\/transparencia\/declaraciones-juradas-de-patrimonio\/","twitter_misc":{"Est. reading time":"1 minuto"},"schema":{"@context":"https:\/\/schema.org","@graph":[{"@type":"WebPage","@id":"https:\/\/www.hacienda.gob.do\/transparencia\/declaraciones-juradas-de-patrimonio\/","url":"https:\/\/www.hacienda.gob.do\/transparencia\/declaraciones-juradas-de-patrimonio\/","name":"Declaraci\u00f3n Jurada de Patrimonio - Ministerio de Hacienda y Econom\u00eda","isPartOf":{"@id":"https:\/\/www.hacienda.gob.do\/transparencia\/#website"},"datePublished":"2022-11-14T19:06:18+00:00","dateModified":"2026-02-05T16:16:41+00:00","description":"Accede a comunicados y publicaciones oficiales del Portal de Transparencia del Ministerio de Hacienda y Econom\u00eda.","breadcrumb":{"@id":"https:\/\/www.hacienda.gob.do\/transparencia\/declaraciones-juradas-de-patrimonio\/#breadcrumb"},"inLanguage":"es-DO","potentialAction":[{"@type":"ReadAction","target":["https:\/\/www.hacienda.gob.do\/transparencia\/declaraciones-juradas-de-patrimonio\/"]}]},{"@type":"BreadcrumbList","@id":"https:\/\/www.hacienda.gob.do\/transparencia\/declaraciones-juradas-de-patrimonio\/#breadcrumb","itemListElement":[{"@type":"ListItem","position":1,"name":"Inicio","item":"https:\/\/www.hacienda.gob.do\/"},{"@type":"ListItem","position":2,"name":"Transparencia","item":"https:\/\/www.hacienda.gob.do\/transparencia\/"},{"@type":"ListItem","position":3,"name":"Declaraci\u00f3n Jurada de Patrimonio"}]},{"@type":"WebSite","@id":"https:\/\/www.hacienda.gob.do\/transparencia\/#website","url":"https:\/\/www.hacienda.gob.do\/transparencia\/","name":"Transparencia Institucional - Ministerio de Hacienda y Econom\u00eda","description":"","publisher":{"@id":"https:\/\/www.hacienda.gob.do\/transparencia\/#organization"},"alternateName":"Transparencia MHE","potentialAction":[{"@type":"SearchAction","target":{"@type":"EntryPoint","urlTemplate":"https:\/\/www.hacienda.gob.do\/transparencia\/?s={search_term_string}"},"query-input":"required name=search_term_string"}],"inLanguage":"es-DO"},{"@type":"Organization","@id":"https:\/\/www.hacienda.gob.do\/transparencia\/#organization","name":"Ministerio de Hacienda y Econom\u00eda de Republica Dominicana","alternateName":"MHE","url":"https:\/\/www.hacienda.gob.do\/transparencia\/","logo":{"@type":"ImageObject","inLanguage":"es-DO","@id":"https:\/\/www.hacienda.gob.do\/transparencia\/#\/schema\/logo\/image\/","url":"https:\/\/www.hacienda.gob.do\/transparencia\/wp-content\/uploads\/2025\/09\/Logo-MHE.png","contentUrl":"https:\/\/www.hacienda.gob.do\/transparencia\/wp-content\/uploads\/2025\/09\/Logo-MHE.png","width":696,"height":696,"caption":"Ministerio de Hacienda y Econom\u00eda de Republica Dominicana"},"image":{"@id":"https:\/\/www.hacienda.gob.do\/transparencia\/#\/schema\/logo\/image\/"},"sameAs":["https:\/\/web.facebook.com\/MinHaciendaRD"]}]}},"_links":{"self":[{"href":"https:\/\/www.hacienda.gob.do\/transparencia\/wp-json\/wp\/v2\/pages\/643","targetHints":{"allow":["GET"]}}],"collection":[{"href":"https:\/\/www.hacienda.gob.do\/transparencia\/wp-json\/wp\/v2\/pages"}],"about":[{"href":"https:\/\/www.hacienda.gob.do\/transparencia\/wp-json\/wp\/v2\/types\/page"}],"author":[{"embeddable":true,"href":"https:\/\/www.hacienda.gob.do\/transparencia\/wp-json\/wp\/v2\/users\/1"}],"replies":[{"embeddable":true,"href":"https:\/\/www.hacienda.gob.do\/transparencia\/wp-json\/wp\/v2\/comments?post=643"}],"version-history":[{"count":42,"href":"https:\/\/www.hacienda.gob.do\/transparencia\/wp-json\/wp\/v2\/pages\/643\/revisions"}],"predecessor-version":[{"id":20875,"href":"https:\/\/www.hacienda.gob.do\/transparencia\/wp-json\/wp\/v2\/pages\/643\/revisions\/20875"}],"wp:attachment":[{"href":"https:\/\/www.hacienda.gob.do\/transparencia\/wp-json\/wp\/v2\/media?parent=643"}],"curies":[{"name":"wp","href":"https:\/\/api.w.org\/{rel}","templated":true}]}}