{"id":746,"date":"2022-11-15T14:15:42","date_gmt":"2022-11-15T18:15:42","guid":{"rendered":"http:\/\/transparencia-hacienda.local\/?page_id=746"},"modified":"2025-10-20T15:35:36","modified_gmt":"2025-10-20T19:35:36","slug":"compromiso-etico","status":"publish","type":"page","link":"https:\/\/www.hacienda.gob.do\/transparencia\/comision-de-integridad-gubernamental-y-cumplimiento-normativo-cigcn\/compromiso-etico\/","title":{"rendered":"Compromiso \u00c9tico"},"content":{"rendered":"","protected":false},"excerpt":{"rendered":"","protected":false},"author":1,"featured_media":0,"parent":5203,"menu_order":0,"comment_status":"closed","ping_status":"closed","template":"doc-basico.php","meta":{"footnotes":""},"class_list":["post-746","page","type-page","status-publish","hentry"],"acf":[],"yoast_head":"<!-- This site is optimized with the Yoast SEO plugin v22.8 - https:\/\/yoast.com\/wordpress\/plugins\/seo\/ -->\n<title>Compromiso \u00c9tico | CIGCN | Ministerio de Hacienda y Econom\u00eda RD<\/title>\n<meta name=\"description\" content=\"Conoce el Compromiso \u00c9tico asumido por el Ministerio de Hacienda y Econom\u00eda RD a trav\u00e9s de la CIGCN. Transparencia, integridad y responsabilidad institucional.\" \/>\n<meta name=\"robots\" content=\"index, follow, max-snippet:-1, max-image-preview:large, max-video-preview:-1\" \/>\n<link rel=\"canonical\" href=\"https:\/\/www.hacienda.gob.do\/transparencia\/comision-de-integridad-gubernamental-y-cumplimiento-normativo-cigcn\/compromiso-etico\/\" \/>\n<script type=\"application\/ld+json\" class=\"yoast-schema-graph\">{\"@context\":\"https:\/\/schema.org\",\"@graph\":[{\"@type\":\"WebPage\",\"@id\":\"https:\/\/www.hacienda.gob.do\/transparencia\/comision-de-integridad-gubernamental-y-cumplimiento-normativo-cigcn\/compromiso-etico\/\",\"url\":\"https:\/\/www.hacienda.gob.do\/transparencia\/comision-de-integridad-gubernamental-y-cumplimiento-normativo-cigcn\/compromiso-etico\/\",\"name\":\"Compromiso \u00c9tico | CIGCN | Ministerio de Hacienda y Econom\u00eda RD\",\"isPartOf\":{\"@id\":\"https:\/\/www.hacienda.gob.do\/transparencia\/#website\"},\"datePublished\":\"2022-11-15T18:15:42+00:00\",\"dateModified\":\"2025-10-20T19:35:36+00:00\",\"description\":\"Conoce el Compromiso \u00c9tico asumido por el Ministerio de Hacienda y Econom\u00eda RD a trav\u00e9s de la CIGCN. Transparencia, integridad y responsabilidad institucional.\",\"breadcrumb\":{\"@id\":\"https:\/\/www.hacienda.gob.do\/transparencia\/comision-de-integridad-gubernamental-y-cumplimiento-normativo-cigcn\/compromiso-etico\/#breadcrumb\"},\"inLanguage\":\"es-DO\",\"potentialAction\":[{\"@type\":\"ReadAction\",\"target\":[\"https:\/\/www.hacienda.gob.do\/transparencia\/comision-de-integridad-gubernamental-y-cumplimiento-normativo-cigcn\/compromiso-etico\/\"]}]},{\"@type\":\"BreadcrumbList\",\"@id\":\"https:\/\/www.hacienda.gob.do\/transparencia\/comision-de-integridad-gubernamental-y-cumplimiento-normativo-cigcn\/compromiso-etico\/#breadcrumb\",\"itemListElement\":[{\"@type\":\"ListItem\",\"position\":1,\"name\":\"Inicio\",\"item\":\"https:\/\/www.hacienda.gob.do\/\"},{\"@type\":\"ListItem\",\"position\":2,\"name\":\"Transparencia\",\"item\":\"https:\/\/www.hacienda.gob.do\/transparencia\/\"},{\"@type\":\"ListItem\",\"position\":3,\"name\":\"Comisi\u00f3n de Integridad Gubernamental y Cumplimiento Normativo (CIGCN)\",\"item\":\"https:\/\/www.hacienda.gob.do\/transparencia\/comision-de-integridad-gubernamental-y-cumplimiento-normativo-cigcn\/\"},{\"@type\":\"ListItem\",\"position\":4,\"name\":\"Compromiso \u00c9tico\"}]},{\"@type\":\"WebSite\",\"@id\":\"https:\/\/www.hacienda.gob.do\/transparencia\/#website\",\"url\":\"https:\/\/www.hacienda.gob.do\/transparencia\/\",\"name\":\"Transparencia Institucional - Ministerio de Hacienda y Econom\u00eda\",\"description\":\"\",\"publisher\":{\"@id\":\"https:\/\/www.hacienda.gob.do\/transparencia\/#organization\"},\"alternateName\":\"Transparencia MHE\",\"potentialAction\":[{\"@type\":\"SearchAction\",\"target\":{\"@type\":\"EntryPoint\",\"urlTemplate\":\"https:\/\/www.hacienda.gob.do\/transparencia\/?s={search_term_string}\"},\"query-input\":\"required name=search_term_string\"}],\"inLanguage\":\"es-DO\"},{\"@type\":\"Organization\",\"@id\":\"https:\/\/www.hacienda.gob.do\/transparencia\/#organization\",\"name\":\"Ministerio de Hacienda y Econom\u00eda de Republica Dominicana\",\"alternateName\":\"MHE\",\"url\":\"https:\/\/www.hacienda.gob.do\/transparencia\/\",\"logo\":{\"@type\":\"ImageObject\",\"inLanguage\":\"es-DO\",\"@id\":\"https:\/\/www.hacienda.gob.do\/transparencia\/#\/schema\/logo\/image\/\",\"url\":\"https:\/\/www.hacienda.gob.do\/transparencia\/wp-content\/uploads\/2025\/09\/Logo-MHE.png\",\"contentUrl\":\"https:\/\/www.hacienda.gob.do\/transparencia\/wp-content\/uploads\/2025\/09\/Logo-MHE.png\",\"width\":696,\"height\":696,\"caption\":\"Ministerio de Hacienda y Econom\u00eda de Republica Dominicana\"},\"image\":{\"@id\":\"https:\/\/www.hacienda.gob.do\/transparencia\/#\/schema\/logo\/image\/\"},\"sameAs\":[\"https:\/\/web.facebook.com\/MinHaciendaRD\"]}]}<\/script>\n<!-- \/ Yoast SEO plugin. -->","yoast_head_json":{"title":"Compromiso \u00c9tico | CIGCN | Ministerio de Hacienda y Econom\u00eda RD","description":"Conoce el Compromiso \u00c9tico asumido por el Ministerio de Hacienda y Econom\u00eda RD a trav\u00e9s de la CIGCN. Transparencia, integridad y responsabilidad institucional.","robots":{"index":"index","follow":"follow","max-snippet":"max-snippet:-1","max-image-preview":"max-image-preview:large","max-video-preview":"max-video-preview:-1"},"canonical":"https:\/\/www.hacienda.gob.do\/transparencia\/comision-de-integridad-gubernamental-y-cumplimiento-normativo-cigcn\/compromiso-etico\/","schema":{"@context":"https:\/\/schema.org","@graph":[{"@type":"WebPage","@id":"https:\/\/www.hacienda.gob.do\/transparencia\/comision-de-integridad-gubernamental-y-cumplimiento-normativo-cigcn\/compromiso-etico\/","url":"https:\/\/www.hacienda.gob.do\/transparencia\/comision-de-integridad-gubernamental-y-cumplimiento-normativo-cigcn\/compromiso-etico\/","name":"Compromiso \u00c9tico | CIGCN | Ministerio de Hacienda y Econom\u00eda RD","isPartOf":{"@id":"https:\/\/www.hacienda.gob.do\/transparencia\/#website"},"datePublished":"2022-11-15T18:15:42+00:00","dateModified":"2025-10-20T19:35:36+00:00","description":"Conoce el Compromiso \u00c9tico asumido por el Ministerio de Hacienda y Econom\u00eda RD a trav\u00e9s de la CIGCN. Transparencia, integridad y responsabilidad institucional.","breadcrumb":{"@id":"https:\/\/www.hacienda.gob.do\/transparencia\/comision-de-integridad-gubernamental-y-cumplimiento-normativo-cigcn\/compromiso-etico\/#breadcrumb"},"inLanguage":"es-DO","potentialAction":[{"@type":"ReadAction","target":["https:\/\/www.hacienda.gob.do\/transparencia\/comision-de-integridad-gubernamental-y-cumplimiento-normativo-cigcn\/compromiso-etico\/"]}]},{"@type":"BreadcrumbList","@id":"https:\/\/www.hacienda.gob.do\/transparencia\/comision-de-integridad-gubernamental-y-cumplimiento-normativo-cigcn\/compromiso-etico\/#breadcrumb","itemListElement":[{"@type":"ListItem","position":1,"name":"Inicio","item":"https:\/\/www.hacienda.gob.do\/"},{"@type":"ListItem","position":2,"name":"Transparencia","item":"https:\/\/www.hacienda.gob.do\/transparencia\/"},{"@type":"ListItem","position":3,"name":"Comisi\u00f3n de Integridad Gubernamental y Cumplimiento Normativo (CIGCN)","item":"https:\/\/www.hacienda.gob.do\/transparencia\/comision-de-integridad-gubernamental-y-cumplimiento-normativo-cigcn\/"},{"@type":"ListItem","position":4,"name":"Compromiso \u00c9tico"}]},{"@type":"WebSite","@id":"https:\/\/www.hacienda.gob.do\/transparencia\/#website","url":"https:\/\/www.hacienda.gob.do\/transparencia\/","name":"Transparencia Institucional - Ministerio de Hacienda y Econom\u00eda","description":"","publisher":{"@id":"https:\/\/www.hacienda.gob.do\/transparencia\/#organization"},"alternateName":"Transparencia MHE","potentialAction":[{"@type":"SearchAction","target":{"@type":"EntryPoint","urlTemplate":"https:\/\/www.hacienda.gob.do\/transparencia\/?s={search_term_string}"},"query-input":"required name=search_term_string"}],"inLanguage":"es-DO"},{"@type":"Organization","@id":"https:\/\/www.hacienda.gob.do\/transparencia\/#organization","name":"Ministerio de Hacienda y Econom\u00eda de Republica Dominicana","alternateName":"MHE","url":"https:\/\/www.hacienda.gob.do\/transparencia\/","logo":{"@type":"ImageObject","inLanguage":"es-DO","@id":"https:\/\/www.hacienda.gob.do\/transparencia\/#\/schema\/logo\/image\/","url":"https:\/\/www.hacienda.gob.do\/transparencia\/wp-content\/uploads\/2025\/09\/Logo-MHE.png","contentUrl":"https:\/\/www.hacienda.gob.do\/transparencia\/wp-content\/uploads\/2025\/09\/Logo-MHE.png","width":696,"height":696,"caption":"Ministerio de Hacienda y Econom\u00eda de Republica Dominicana"},"image":{"@id":"https:\/\/www.hacienda.gob.do\/transparencia\/#\/schema\/logo\/image\/"},"sameAs":["https:\/\/web.facebook.com\/MinHaciendaRD"]}]}},"_links":{"self":[{"href":"https:\/\/www.hacienda.gob.do\/transparencia\/wp-json\/wp\/v2\/pages\/746","targetHints":{"allow":["GET"]}}],"collection":[{"href":"https:\/\/www.hacienda.gob.do\/transparencia\/wp-json\/wp\/v2\/pages"}],"about":[{"href":"https:\/\/www.hacienda.gob.do\/transparencia\/wp-json\/wp\/v2\/types\/page"}],"author":[{"embeddable":true,"href":"https:\/\/www.hacienda.gob.do\/transparencia\/wp-json\/wp\/v2\/users\/1"}],"replies":[{"embeddable":true,"href":"https:\/\/www.hacienda.gob.do\/transparencia\/wp-json\/wp\/v2\/comments?post=746"}],"version-history":[{"count":8,"href":"https:\/\/www.hacienda.gob.do\/transparencia\/wp-json\/wp\/v2\/pages\/746\/revisions"}],"predecessor-version":[{"id":19569,"href":"https:\/\/www.hacienda.gob.do\/transparencia\/wp-json\/wp\/v2\/pages\/746\/revisions\/19569"}],"up":[{"embeddable":true,"href":"https:\/\/www.hacienda.gob.do\/transparencia\/wp-json\/wp\/v2\/pages\/5203"}],"wp:attachment":[{"href":"https:\/\/www.hacienda.gob.do\/transparencia\/wp-json\/wp\/v2\/media?parent=746"}],"curies":[{"name":"wp","href":"https:\/\/api.w.org\/{rel}","templated":true}]}}