{"id":758,"date":"2022-11-15T14:44:46","date_gmt":"2022-11-15T18:44:46","guid":{"rendered":"http:\/\/transparencia-hacienda.local\/?page_id=758"},"modified":"2025-10-20T15:36:50","modified_gmt":"2025-10-20T19:36:50","slug":"plan-de-trabajo-de-las-cep-informes-de-logros-y-seguimiento-del-plan-de-la-cep","status":"publish","type":"page","link":"https:\/\/www.hacienda.gob.do\/transparencia\/comision-de-integridad-gubernamental-y-cumplimiento-normativo-cigcn\/plan-de-trabajo-de-las-cep-informes-de-logros-y-seguimiento-del-plan-de-la-cep\/","title":{"rendered":"Plan de trabajo de las CEP, informes de logros y seguimiento del plan de la CEP"},"content":{"rendered":"","protected":false},"excerpt":{"rendered":"","protected":false},"author":1,"featured_media":0,"parent":5203,"menu_order":0,"comment_status":"closed","ping_status":"closed","template":"doc-basico.php","meta":{"footnotes":""},"class_list":["post-758","page","type-page","status-publish","hentry"],"acf":[],"yoast_head":"<!-- This site is optimized with the Yoast SEO plugin v22.8 - https:\/\/yoast.com\/wordpress\/plugins\/seo\/ -->\n<title>Plan de Trabajo, Informes de Logros y Seguimiento CEP | Ministerio de Hacienda y Econom\u00eda RD<\/title>\n<meta name=\"description\" content=\"Accede al plan de trabajo, informes de logros y seguimiento de la Comisi\u00f3n de \u00c9tica P\u00fablica (CEP) del Ministerio de Hacienda y Econom\u00eda RD. Transparencia y rendici\u00f3n de cuentas institucional.\" \/>\n<meta name=\"robots\" content=\"index, follow, max-snippet:-1, max-image-preview:large, max-video-preview:-1\" \/>\n<link rel=\"canonical\" href=\"https:\/\/www.hacienda.gob.do\/transparencia\/comision-de-integridad-gubernamental-y-cumplimiento-normativo-cigcn\/plan-de-trabajo-de-las-cep-informes-de-logros-y-seguimiento-del-plan-de-la-cep\/\" \/>\n<script type=\"application\/ld+json\" class=\"yoast-schema-graph\">{\"@context\":\"https:\/\/schema.org\",\"@graph\":[{\"@type\":\"WebPage\",\"@id\":\"https:\/\/www.hacienda.gob.do\/transparencia\/comision-de-integridad-gubernamental-y-cumplimiento-normativo-cigcn\/plan-de-trabajo-de-las-cep-informes-de-logros-y-seguimiento-del-plan-de-la-cep\/\",\"url\":\"https:\/\/www.hacienda.gob.do\/transparencia\/comision-de-integridad-gubernamental-y-cumplimiento-normativo-cigcn\/plan-de-trabajo-de-las-cep-informes-de-logros-y-seguimiento-del-plan-de-la-cep\/\",\"name\":\"Plan de Trabajo, Informes de Logros y Seguimiento CEP | Ministerio de Hacienda y Econom\u00eda RD\",\"isPartOf\":{\"@id\":\"https:\/\/www.hacienda.gob.do\/transparencia\/#website\"},\"datePublished\":\"2022-11-15T18:44:46+00:00\",\"dateModified\":\"2025-10-20T19:36:50+00:00\",\"description\":\"Accede al plan de trabajo, informes de logros y seguimiento de la Comisi\u00f3n de \u00c9tica P\u00fablica (CEP) del Ministerio de Hacienda y Econom\u00eda RD. Transparencia y rendici\u00f3n de cuentas institucional.\",\"breadcrumb\":{\"@id\":\"https:\/\/www.hacienda.gob.do\/transparencia\/comision-de-integridad-gubernamental-y-cumplimiento-normativo-cigcn\/plan-de-trabajo-de-las-cep-informes-de-logros-y-seguimiento-del-plan-de-la-cep\/#breadcrumb\"},\"inLanguage\":\"es-DO\",\"potentialAction\":[{\"@type\":\"ReadAction\",\"target\":[\"https:\/\/www.hacienda.gob.do\/transparencia\/comision-de-integridad-gubernamental-y-cumplimiento-normativo-cigcn\/plan-de-trabajo-de-las-cep-informes-de-logros-y-seguimiento-del-plan-de-la-cep\/\"]}]},{\"@type\":\"BreadcrumbList\",\"@id\":\"https:\/\/www.hacienda.gob.do\/transparencia\/comision-de-integridad-gubernamental-y-cumplimiento-normativo-cigcn\/plan-de-trabajo-de-las-cep-informes-de-logros-y-seguimiento-del-plan-de-la-cep\/#breadcrumb\",\"itemListElement\":[{\"@type\":\"ListItem\",\"position\":1,\"name\":\"Inicio\",\"item\":\"https:\/\/www.hacienda.gob.do\/\"},{\"@type\":\"ListItem\",\"position\":2,\"name\":\"Transparencia\",\"item\":\"https:\/\/www.hacienda.gob.do\/transparencia\/\"},{\"@type\":\"ListItem\",\"position\":3,\"name\":\"Comisi\u00f3n de Integridad Gubernamental y Cumplimiento Normativo (CIGCN)\",\"item\":\"https:\/\/www.hacienda.gob.do\/transparencia\/comision-de-integridad-gubernamental-y-cumplimiento-normativo-cigcn\/\"},{\"@type\":\"ListItem\",\"position\":4,\"name\":\"Plan de trabajo de las CEP, informes de logros y seguimiento del plan de la CEP\"}]},{\"@type\":\"WebSite\",\"@id\":\"https:\/\/www.hacienda.gob.do\/transparencia\/#website\",\"url\":\"https:\/\/www.hacienda.gob.do\/transparencia\/\",\"name\":\"Transparencia Institucional - Ministerio de Hacienda y Econom\u00eda\",\"description\":\"\",\"publisher\":{\"@id\":\"https:\/\/www.hacienda.gob.do\/transparencia\/#organization\"},\"alternateName\":\"Transparencia MHE\",\"potentialAction\":[{\"@type\":\"SearchAction\",\"target\":{\"@type\":\"EntryPoint\",\"urlTemplate\":\"https:\/\/www.hacienda.gob.do\/transparencia\/?s={search_term_string}\"},\"query-input\":\"required name=search_term_string\"}],\"inLanguage\":\"es-DO\"},{\"@type\":\"Organization\",\"@id\":\"https:\/\/www.hacienda.gob.do\/transparencia\/#organization\",\"name\":\"Ministerio de Hacienda y Econom\u00eda de Republica Dominicana\",\"alternateName\":\"MHE\",\"url\":\"https:\/\/www.hacienda.gob.do\/transparencia\/\",\"logo\":{\"@type\":\"ImageObject\",\"inLanguage\":\"es-DO\",\"@id\":\"https:\/\/www.hacienda.gob.do\/transparencia\/#\/schema\/logo\/image\/\",\"url\":\"https:\/\/www.hacienda.gob.do\/transparencia\/wp-content\/uploads\/2025\/09\/Logo-MHE.png\",\"contentUrl\":\"https:\/\/www.hacienda.gob.do\/transparencia\/wp-content\/uploads\/2025\/09\/Logo-MHE.png\",\"width\":696,\"height\":696,\"caption\":\"Ministerio de Hacienda y Econom\u00eda de Republica Dominicana\"},\"image\":{\"@id\":\"https:\/\/www.hacienda.gob.do\/transparencia\/#\/schema\/logo\/image\/\"},\"sameAs\":[\"https:\/\/web.facebook.com\/MinHaciendaRD\"]}]}<\/script>\n<!-- \/ Yoast SEO plugin. -->","yoast_head_json":{"title":"Plan de Trabajo, Informes de Logros y Seguimiento CEP | Ministerio de Hacienda y Econom\u00eda RD","description":"Accede al plan de trabajo, informes de logros y seguimiento de la Comisi\u00f3n de \u00c9tica P\u00fablica (CEP) del Ministerio de Hacienda y Econom\u00eda RD. Transparencia y rendici\u00f3n de cuentas institucional.","robots":{"index":"index","follow":"follow","max-snippet":"max-snippet:-1","max-image-preview":"max-image-preview:large","max-video-preview":"max-video-preview:-1"},"canonical":"https:\/\/www.hacienda.gob.do\/transparencia\/comision-de-integridad-gubernamental-y-cumplimiento-normativo-cigcn\/plan-de-trabajo-de-las-cep-informes-de-logros-y-seguimiento-del-plan-de-la-cep\/","schema":{"@context":"https:\/\/schema.org","@graph":[{"@type":"WebPage","@id":"https:\/\/www.hacienda.gob.do\/transparencia\/comision-de-integridad-gubernamental-y-cumplimiento-normativo-cigcn\/plan-de-trabajo-de-las-cep-informes-de-logros-y-seguimiento-del-plan-de-la-cep\/","url":"https:\/\/www.hacienda.gob.do\/transparencia\/comision-de-integridad-gubernamental-y-cumplimiento-normativo-cigcn\/plan-de-trabajo-de-las-cep-informes-de-logros-y-seguimiento-del-plan-de-la-cep\/","name":"Plan de Trabajo, Informes de Logros y Seguimiento CEP | Ministerio de Hacienda y Econom\u00eda RD","isPartOf":{"@id":"https:\/\/www.hacienda.gob.do\/transparencia\/#website"},"datePublished":"2022-11-15T18:44:46+00:00","dateModified":"2025-10-20T19:36:50+00:00","description":"Accede al plan de trabajo, informes de logros y seguimiento de la Comisi\u00f3n de \u00c9tica P\u00fablica (CEP) del Ministerio de Hacienda y Econom\u00eda RD. Transparencia y rendici\u00f3n de cuentas institucional.","breadcrumb":{"@id":"https:\/\/www.hacienda.gob.do\/transparencia\/comision-de-integridad-gubernamental-y-cumplimiento-normativo-cigcn\/plan-de-trabajo-de-las-cep-informes-de-logros-y-seguimiento-del-plan-de-la-cep\/#breadcrumb"},"inLanguage":"es-DO","potentialAction":[{"@type":"ReadAction","target":["https:\/\/www.hacienda.gob.do\/transparencia\/comision-de-integridad-gubernamental-y-cumplimiento-normativo-cigcn\/plan-de-trabajo-de-las-cep-informes-de-logros-y-seguimiento-del-plan-de-la-cep\/"]}]},{"@type":"BreadcrumbList","@id":"https:\/\/www.hacienda.gob.do\/transparencia\/comision-de-integridad-gubernamental-y-cumplimiento-normativo-cigcn\/plan-de-trabajo-de-las-cep-informes-de-logros-y-seguimiento-del-plan-de-la-cep\/#breadcrumb","itemListElement":[{"@type":"ListItem","position":1,"name":"Inicio","item":"https:\/\/www.hacienda.gob.do\/"},{"@type":"ListItem","position":2,"name":"Transparencia","item":"https:\/\/www.hacienda.gob.do\/transparencia\/"},{"@type":"ListItem","position":3,"name":"Comisi\u00f3n de Integridad Gubernamental y Cumplimiento Normativo (CIGCN)","item":"https:\/\/www.hacienda.gob.do\/transparencia\/comision-de-integridad-gubernamental-y-cumplimiento-normativo-cigcn\/"},{"@type":"ListItem","position":4,"name":"Plan de trabajo de las CEP, informes de logros y seguimiento del plan de la CEP"}]},{"@type":"WebSite","@id":"https:\/\/www.hacienda.gob.do\/transparencia\/#website","url":"https:\/\/www.hacienda.gob.do\/transparencia\/","name":"Transparencia Institucional - Ministerio de Hacienda y Econom\u00eda","description":"","publisher":{"@id":"https:\/\/www.hacienda.gob.do\/transparencia\/#organization"},"alternateName":"Transparencia MHE","potentialAction":[{"@type":"SearchAction","target":{"@type":"EntryPoint","urlTemplate":"https:\/\/www.hacienda.gob.do\/transparencia\/?s={search_term_string}"},"query-input":"required name=search_term_string"}],"inLanguage":"es-DO"},{"@type":"Organization","@id":"https:\/\/www.hacienda.gob.do\/transparencia\/#organization","name":"Ministerio de Hacienda y Econom\u00eda de Republica Dominicana","alternateName":"MHE","url":"https:\/\/www.hacienda.gob.do\/transparencia\/","logo":{"@type":"ImageObject","inLanguage":"es-DO","@id":"https:\/\/www.hacienda.gob.do\/transparencia\/#\/schema\/logo\/image\/","url":"https:\/\/www.hacienda.gob.do\/transparencia\/wp-content\/uploads\/2025\/09\/Logo-MHE.png","contentUrl":"https:\/\/www.hacienda.gob.do\/transparencia\/wp-content\/uploads\/2025\/09\/Logo-MHE.png","width":696,"height":696,"caption":"Ministerio de Hacienda y Econom\u00eda de Republica Dominicana"},"image":{"@id":"https:\/\/www.hacienda.gob.do\/transparencia\/#\/schema\/logo\/image\/"},"sameAs":["https:\/\/web.facebook.com\/MinHaciendaRD"]}]}},"_links":{"self":[{"href":"https:\/\/www.hacienda.gob.do\/transparencia\/wp-json\/wp\/v2\/pages\/758","targetHints":{"allow":["GET"]}}],"collection":[{"href":"https:\/\/www.hacienda.gob.do\/transparencia\/wp-json\/wp\/v2\/pages"}],"about":[{"href":"https:\/\/www.hacienda.gob.do\/transparencia\/wp-json\/wp\/v2\/types\/page"}],"author":[{"embeddable":true,"href":"https:\/\/www.hacienda.gob.do\/transparencia\/wp-json\/wp\/v2\/users\/1"}],"replies":[{"embeddable":true,"href":"https:\/\/www.hacienda.gob.do\/transparencia\/wp-json\/wp\/v2\/comments?post=758"}],"version-history":[{"count":4,"href":"https:\/\/www.hacienda.gob.do\/transparencia\/wp-json\/wp\/v2\/pages\/758\/revisions"}],"predecessor-version":[{"id":14932,"href":"https:\/\/www.hacienda.gob.do\/transparencia\/wp-json\/wp\/v2\/pages\/758\/revisions\/14932"}],"up":[{"embeddable":true,"href":"https:\/\/www.hacienda.gob.do\/transparencia\/wp-json\/wp\/v2\/pages\/5203"}],"wp:attachment":[{"href":"https:\/\/www.hacienda.gob.do\/transparencia\/wp-json\/wp\/v2\/media?parent=758"}],"curies":[{"name":"wp","href":"https:\/\/api.w.org\/{rel}","templated":true}]}}